{"id":4184,"date":"2024-12-29T07:19:45","date_gmt":"2024-12-29T07:19:45","guid":{"rendered":"https:\/\/parashopnarimel.com\/?post_type=product&#038;p=4184"},"modified":"2025-01-20T19:03:20","modified_gmt":"2025-01-20T19:03:20","slug":"luxeol-chute-de-cheveux-progressive-01-mois","status":"publish","type":"product","link":"https:\/\/parashopnarimel.com\/ar\/product\/luxeol-chute-de-cheveux-progressive-01-mois\/","title":{"rendered":"Luxeol Chute De Cheveux Progressive 01 Mois"},"content":{"rendered":"","protected":false},"excerpt":{"rendered":"<p>Le cheveu au cours de son cycle pilaire peut \u00eatre perturb\u00e9 de mani\u00e8re progressive par diff\u00e9rents facteurs intervenant au cours de la vie tels que par exemple un d\u00e9s\u00e9quilibre hormonal pouvant conduire \u00e0 des cheveux clairsem\u00e9s. Lux\u00e9ol Chute de Cheveux Progressive, contient des ingr\u00e9dients qui vont aider dans le cas de chute de cheveux progressive. Lux\u00e9ol Chute de Cheveux Progressive convient \u00e0 tous types de cheveux.<\/p>","protected":false},"featured_media":4260,"comment_status":"open","ping_status":"closed","template":"","meta":[],"product_brand":[],"product_cat":[2922,2890],"product_tag":[],"class_list":{"0":"post-4184","1":"product","2":"type-product","3":"status-publish","4":"has-post-thumbnail","6":"product_cat-complements","7":"product_cat-complements-alimentaires","9":"first","10":"instock","11":"shipping-taxable","12":"purchasable","13":"product-type-simple"},"_links":{"self":[{"href":"https:\/\/parashopnarimel.com\/ar\/wp-json\/wp\/v2\/product\/4184","targetHints":{"allow":["GET"]}}],"collection":[{"href":"https:\/\/parashopnarimel.com\/ar\/wp-json\/wp\/v2\/product"}],"about":[{"href":"https:\/\/parashopnarimel.com\/ar\/wp-json\/wp\/v2\/types\/product"}],"replies":[{"embeddable":true,"href":"https:\/\/parashopnarimel.com\/ar\/wp-json\/wp\/v2\/comments?post=4184"}],"version-history":[{"count":1,"href":"https:\/\/parashopnarimel.com\/ar\/wp-json\/wp\/v2\/product\/4184\/revisions"}],"predecessor-version":[{"id":4261,"href":"https:\/\/parashopnarimel.com\/ar\/wp-json\/wp\/v2\/product\/4184\/revisions\/4261"}],"wp:featuredmedia":[{"embeddable":true,"href":"https:\/\/parashopnarimel.com\/ar\/wp-json\/wp\/v2\/media\/4260"}],"wp:attachment":[{"href":"https:\/\/parashopnarimel.com\/ar\/wp-json\/wp\/v2\/media?parent=4184"}],"wp:term":[{"taxonomy":"product_brand","embeddable":true,"href":"https:\/\/parashopnarimel.com\/ar\/wp-json\/wp\/v2\/product_brand?post=4184"},{"taxonomy":"product_cat","embeddable":true,"href":"https:\/\/parashopnarimel.com\/ar\/wp-json\/wp\/v2\/product_cat?post=4184"},{"taxonomy":"product_tag","embeddable":true,"href":"https:\/\/parashopnarimel.com\/ar\/wp-json\/wp\/v2\/product_tag?post=4184"}],"curies":[{"name":"wp","href":"https:\/\/api.w.org\/{rel}","templated":true}]}}