{"id":4186,"date":"2024-12-29T07:19:46","date_gmt":"2024-12-29T07:19:46","guid":{"rendered":"https:\/\/parashopnarimel.com\/?post_type=product&#038;p=4186"},"modified":"2025-01-20T18:33:46","modified_gmt":"2025-01-20T18:33:46","slug":"luxeol-serum-reparateur","status":"publish","type":"product","link":"https:\/\/parashopnarimel.com\/ar\/product\/luxeol-serum-reparateur\/","title":{"rendered":"Luxeol Serum Reparateur"},"content":{"rendered":"","protected":false},"excerpt":{"rendered":"<p>Le S\u00e9rum R\u00e9parateur Lux\u00e9ol est un soin formul\u00e9 pour nourrir et r\u00e9parer les cheveux secs, ab\u00eem\u00e9s et cassants. Il hydrate de la racine jusqu\u2019aux pointes, redonne de la vitalit\u00e9, de la douceur et du volume, m\u00eame sur les cheveux ternes et en manques d\u2019\u00e9clat.<\/p>","protected":false},"featured_media":4264,"comment_status":"open","ping_status":"closed","template":"","meta":[],"product_brand":[],"product_cat":[33,2919],"product_tag":[],"class_list":{"0":"post-4186","1":"product","2":"type-product","3":"status-publish","4":"has-post-thumbnail","6":"product_cat-cheveux","7":"product_cat-serum-et-soins","9":"first","10":"instock","11":"shipping-taxable","12":"purchasable","13":"product-type-simple"},"_links":{"self":[{"href":"https:\/\/parashopnarimel.com\/ar\/wp-json\/wp\/v2\/product\/4186","targetHints":{"allow":["GET"]}}],"collection":[{"href":"https:\/\/parashopnarimel.com\/ar\/wp-json\/wp\/v2\/product"}],"about":[{"href":"https:\/\/parashopnarimel.com\/ar\/wp-json\/wp\/v2\/types\/product"}],"replies":[{"embeddable":true,"href":"https:\/\/parashopnarimel.com\/ar\/wp-json\/wp\/v2\/comments?post=4186"}],"version-history":[{"count":2,"href":"https:\/\/parashopnarimel.com\/ar\/wp-json\/wp\/v2\/product\/4186\/revisions"}],"predecessor-version":[{"id":11979,"href":"https:\/\/parashopnarimel.com\/ar\/wp-json\/wp\/v2\/product\/4186\/revisions\/11979"}],"wp:featuredmedia":[{"embeddable":true,"href":"https:\/\/parashopnarimel.com\/ar\/wp-json\/wp\/v2\/media\/4264"}],"wp:attachment":[{"href":"https:\/\/parashopnarimel.com\/ar\/wp-json\/wp\/v2\/media?parent=4186"}],"wp:term":[{"taxonomy":"product_brand","embeddable":true,"href":"https:\/\/parashopnarimel.com\/ar\/wp-json\/wp\/v2\/product_brand?post=4186"},{"taxonomy":"product_cat","embeddable":true,"href":"https:\/\/parashopnarimel.com\/ar\/wp-json\/wp\/v2\/product_cat?post=4186"},{"taxonomy":"product_tag","embeddable":true,"href":"https:\/\/parashopnarimel.com\/ar\/wp-json\/wp\/v2\/product_tag?post=4186"}],"curies":[{"name":"wp","href":"https:\/\/api.w.org\/{rel}","templated":true}]}}