{"id":4203,"date":"2024-12-29T07:20:08","date_gmt":"2024-12-29T07:20:08","guid":{"rendered":"https:\/\/parashopnarimel.com\/?post_type=product&#038;p=4203"},"modified":"2025-01-20T18:32:27","modified_gmt":"2025-01-20T18:32:27","slug":"luxeol-chute-de-cheveux-reactionelle-01-mois","status":"publish","type":"product","link":"https:\/\/parashopnarimel.com\/ar\/product\/luxeol-chute-de-cheveux-reactionelle-01-mois\/","title":{"rendered":"Luxeol Chute De Cheveux Reactionelle 01 Mois"},"content":{"rendered":"","protected":false},"excerpt":{"rendered":"<p>LUXEOL Chute de cheveux r\u00e9actionnelle ,Compl\u00e9ment alimentaire \u00e0 base de plantes, L-cyst\u00e9ine, L-m\u00e9thionine, min\u00e9raux et vitamines.<\/p>","protected":false},"featured_media":4277,"comment_status":"open","ping_status":"closed","template":"","meta":[],"product_brand":[],"product_cat":[33,2922,2890],"product_tag":[],"class_list":{"0":"post-4203","1":"product","2":"type-product","3":"status-publish","4":"has-post-thumbnail","6":"product_cat-cheveux","7":"product_cat-complements","8":"product_cat-complements-alimentaires","10":"first","11":"instock","12":"shipping-taxable","13":"purchasable","14":"product-type-simple"},"_links":{"self":[{"href":"https:\/\/parashopnarimel.com\/ar\/wp-json\/wp\/v2\/product\/4203","targetHints":{"allow":["GET"]}}],"collection":[{"href":"https:\/\/parashopnarimel.com\/ar\/wp-json\/wp\/v2\/product"}],"about":[{"href":"https:\/\/parashopnarimel.com\/ar\/wp-json\/wp\/v2\/types\/product"}],"replies":[{"embeddable":true,"href":"https:\/\/parashopnarimel.com\/ar\/wp-json\/wp\/v2\/comments?post=4203"}],"version-history":[{"count":1,"href":"https:\/\/parashopnarimel.com\/ar\/wp-json\/wp\/v2\/product\/4203\/revisions"}],"predecessor-version":[{"id":4278,"href":"https:\/\/parashopnarimel.com\/ar\/wp-json\/wp\/v2\/product\/4203\/revisions\/4278"}],"wp:featuredmedia":[{"embeddable":true,"href":"https:\/\/parashopnarimel.com\/ar\/wp-json\/wp\/v2\/media\/4277"}],"wp:attachment":[{"href":"https:\/\/parashopnarimel.com\/ar\/wp-json\/wp\/v2\/media?parent=4203"}],"wp:term":[{"taxonomy":"product_brand","embeddable":true,"href":"https:\/\/parashopnarimel.com\/ar\/wp-json\/wp\/v2\/product_brand?post=4203"},{"taxonomy":"product_cat","embeddable":true,"href":"https:\/\/parashopnarimel.com\/ar\/wp-json\/wp\/v2\/product_cat?post=4203"},{"taxonomy":"product_tag","embeddable":true,"href":"https:\/\/parashopnarimel.com\/ar\/wp-json\/wp\/v2\/product_tag?post=4203"}],"curies":[{"name":"wp","href":"https:\/\/api.w.org\/{rel}","templated":true}]}}