{"id":4204,"date":"2024-12-29T07:20:08","date_gmt":"2024-12-29T07:20:08","guid":{"rendered":"https:\/\/parashopnarimel.com\/?post_type=product&#038;p=4204"},"modified":"2025-01-20T19:11:27","modified_gmt":"2025-01-20T19:11:27","slug":"luxeol-special-volume","status":"publish","type":"product","link":"https:\/\/parashopnarimel.com\/ar\/product\/luxeol-special-volume\/","title":{"rendered":"Luxeol Special Volume"},"content":{"rendered":"","protected":false},"excerpt":{"rendered":"<p>Lux\u00e9ol est un laboratoire qui propose des compl\u00e9ments alimentaires cibl\u00e9s sur les probl\u00e8mes capillaires. A chaque probl\u00e8me de cheveux est destin\u00e9 un compl\u00e9ment alimentaire particulier. Chaque compl\u00e9ment alimentaire de la marque Lux\u00e9ol est formul\u00e9 avec des plantes, vitamines, min\u00e9raux, huiles ou ingr\u00e9dients brevet\u00e9s.<\/p>","protected":false},"featured_media":4279,"comment_status":"open","ping_status":"closed","template":"","meta":[],"product_brand":[],"product_cat":[2922,2890],"product_tag":[],"class_list":{"0":"post-4204","1":"product","2":"type-product","3":"status-publish","4":"has-post-thumbnail","6":"product_cat-complements","7":"product_cat-complements-alimentaires","9":"first","10":"outofstock","11":"shipping-taxable","12":"purchasable","13":"product-type-simple"},"_links":{"self":[{"href":"https:\/\/parashopnarimel.com\/ar\/wp-json\/wp\/v2\/product\/4204","targetHints":{"allow":["GET"]}}],"collection":[{"href":"https:\/\/parashopnarimel.com\/ar\/wp-json\/wp\/v2\/product"}],"about":[{"href":"https:\/\/parashopnarimel.com\/ar\/wp-json\/wp\/v2\/types\/product"}],"replies":[{"embeddable":true,"href":"https:\/\/parashopnarimel.com\/ar\/wp-json\/wp\/v2\/comments?post=4204"}],"version-history":[{"count":1,"href":"https:\/\/parashopnarimel.com\/ar\/wp-json\/wp\/v2\/product\/4204\/revisions"}],"predecessor-version":[{"id":4280,"href":"https:\/\/parashopnarimel.com\/ar\/wp-json\/wp\/v2\/product\/4204\/revisions\/4280"}],"wp:featuredmedia":[{"embeddable":true,"href":"https:\/\/parashopnarimel.com\/ar\/wp-json\/wp\/v2\/media\/4279"}],"wp:attachment":[{"href":"https:\/\/parashopnarimel.com\/ar\/wp-json\/wp\/v2\/media?parent=4204"}],"wp:term":[{"taxonomy":"product_brand","embeddable":true,"href":"https:\/\/parashopnarimel.com\/ar\/wp-json\/wp\/v2\/product_brand?post=4204"},{"taxonomy":"product_cat","embeddable":true,"href":"https:\/\/parashopnarimel.com\/ar\/wp-json\/wp\/v2\/product_cat?post=4204"},{"taxonomy":"product_tag","embeddable":true,"href":"https:\/\/parashopnarimel.com\/ar\/wp-json\/wp\/v2\/product_tag?post=4204"}],"curies":[{"name":"wp","href":"https:\/\/api.w.org\/{rel}","templated":true}]}}