{"id":4230,"date":"2024-12-29T07:20:32","date_gmt":"2024-12-29T07:20:32","guid":{"rendered":"https:\/\/parashopnarimel.com\/?post_type=product&#038;p=4230"},"modified":"2025-01-05T19:20:51","modified_gmt":"2025-01-05T19:20:51","slug":"bionnex-organica-apres-shampoing-anti-chute-tous-types-de-cheveux-300-ml","status":"publish","type":"product","link":"https:\/\/parashopnarimel.com\/ar\/product\/bionnex-organica-apres-shampoing-anti-chute-tous-types-de-cheveux-300-ml\/","title":{"rendered":"Bionnex Organica Apr\u00e8s Shampoing Anti-Chute Tous Types De Cheveux 300 Ml"},"content":{"rendered":"","protected":false},"excerpt":{"rendered":"<p>BIONNEX Organica Apr\u00e8s Shampoing favorise la repousse des cheveux, aide \u00e0 obtenir des cheveux plus doux, brillants et plus faciles \u00e0 peigner.<\/p>","protected":false},"featured_media":4317,"comment_status":"open","ping_status":"closed","template":"","meta":[],"product_brand":[],"product_cat":[1000],"product_tag":[],"class_list":{"0":"post-4230","1":"product","2":"type-product","3":"status-publish","4":"has-post-thumbnail","6":"product_cat-apres-shampoings-anti-chute","8":"first","9":"instock","10":"shipping-taxable","11":"purchasable","12":"product-type-simple"},"_links":{"self":[{"href":"https:\/\/parashopnarimel.com\/ar\/wp-json\/wp\/v2\/product\/4230","targetHints":{"allow":["GET"]}}],"collection":[{"href":"https:\/\/parashopnarimel.com\/ar\/wp-json\/wp\/v2\/product"}],"about":[{"href":"https:\/\/parashopnarimel.com\/ar\/wp-json\/wp\/v2\/types\/product"}],"replies":[{"embeddable":true,"href":"https:\/\/parashopnarimel.com\/ar\/wp-json\/wp\/v2\/comments?post=4230"}],"version-history":[{"count":1,"href":"https:\/\/parashopnarimel.com\/ar\/wp-json\/wp\/v2\/product\/4230\/revisions"}],"predecessor-version":[{"id":4318,"href":"https:\/\/parashopnarimel.com\/ar\/wp-json\/wp\/v2\/product\/4230\/revisions\/4318"}],"wp:featuredmedia":[{"embeddable":true,"href":"https:\/\/parashopnarimel.com\/ar\/wp-json\/wp\/v2\/media\/4317"}],"wp:attachment":[{"href":"https:\/\/parashopnarimel.com\/ar\/wp-json\/wp\/v2\/media?parent=4230"}],"wp:term":[{"taxonomy":"product_brand","embeddable":true,"href":"https:\/\/parashopnarimel.com\/ar\/wp-json\/wp\/v2\/product_brand?post=4230"},{"taxonomy":"product_cat","embeddable":true,"href":"https:\/\/parashopnarimel.com\/ar\/wp-json\/wp\/v2\/product_cat?post=4230"},{"taxonomy":"product_tag","embeddable":true,"href":"https:\/\/parashopnarimel.com\/ar\/wp-json\/wp\/v2\/product_tag?post=4230"}],"curies":[{"name":"wp","href":"https:\/\/api.w.org\/{rel}","templated":true}]}}