{"id":4245,"date":"2024-12-29T07:20:53","date_gmt":"2024-12-29T07:20:53","guid":{"rendered":"https:\/\/parashopnarimel.com\/?post_type=product&#038;p=4245"},"modified":"2025-01-05T19:08:57","modified_gmt":"2025-01-05T19:08:57","slug":"bionnex-organica-shampoing-anti-chute-et-anti-pelliculaire-300ml","status":"publish","type":"product","link":"https:\/\/parashopnarimel.com\/ar\/product\/bionnex-organica-shampoing-anti-chute-et-anti-pelliculaire-300ml\/","title":{"rendered":"Bionnex Organica Shampoing Anti-Chute Et Anti-Pelliculaire 300Ml"},"content":{"rendered":"","protected":false},"excerpt":{"rendered":"<p>BIONNEX efficace contre la perte des cheveux et aide \u00e0 \u00e9liminer compl\u00e8tement les pellicules et \u00e0 apaiser le cuir chevelu en peu de temps.<\/p>","protected":false},"featured_media":4319,"comment_status":"open","ping_status":"closed","template":"","meta":[],"product_brand":[],"product_cat":[1361],"product_tag":[],"class_list":{"0":"post-4245","1":"product","2":"type-product","3":"status-publish","4":"has-post-thumbnail","6":"product_cat-shampoings-pellicules-anti-chute","8":"first","9":"instock","10":"shipping-taxable","11":"purchasable","12":"product-type-simple"},"_links":{"self":[{"href":"https:\/\/parashopnarimel.com\/ar\/wp-json\/wp\/v2\/product\/4245","targetHints":{"allow":["GET"]}}],"collection":[{"href":"https:\/\/parashopnarimel.com\/ar\/wp-json\/wp\/v2\/product"}],"about":[{"href":"https:\/\/parashopnarimel.com\/ar\/wp-json\/wp\/v2\/types\/product"}],"replies":[{"embeddable":true,"href":"https:\/\/parashopnarimel.com\/ar\/wp-json\/wp\/v2\/comments?post=4245"}],"version-history":[{"count":1,"href":"https:\/\/parashopnarimel.com\/ar\/wp-json\/wp\/v2\/product\/4245\/revisions"}],"predecessor-version":[{"id":4320,"href":"https:\/\/parashopnarimel.com\/ar\/wp-json\/wp\/v2\/product\/4245\/revisions\/4320"}],"wp:featuredmedia":[{"embeddable":true,"href":"https:\/\/parashopnarimel.com\/ar\/wp-json\/wp\/v2\/media\/4319"}],"wp:attachment":[{"href":"https:\/\/parashopnarimel.com\/ar\/wp-json\/wp\/v2\/media?parent=4245"}],"wp:term":[{"taxonomy":"product_brand","embeddable":true,"href":"https:\/\/parashopnarimel.com\/ar\/wp-json\/wp\/v2\/product_brand?post=4245"},{"taxonomy":"product_cat","embeddable":true,"href":"https:\/\/parashopnarimel.com\/ar\/wp-json\/wp\/v2\/product_cat?post=4245"},{"taxonomy":"product_tag","embeddable":true,"href":"https:\/\/parashopnarimel.com\/ar\/wp-json\/wp\/v2\/product_tag?post=4245"}],"curies":[{"name":"wp","href":"https:\/\/api.w.org\/{rel}","templated":true}]}}