{"id":4247,"date":"2024-12-29T07:20:53","date_gmt":"2024-12-29T07:20:53","guid":{"rendered":"https:\/\/parashopnarimel.com\/?post_type=product&#038;p=4247"},"modified":"2025-01-20T18:58:08","modified_gmt":"2025-01-20T18:58:08","slug":"bionnex-organica-shampooing-anti-chute-cheveux-gras-300ml","status":"publish","type":"product","link":"https:\/\/parashopnarimel.com\/ar\/product\/bionnex-organica-shampooing-anti-chute-cheveux-gras-300ml\/","title":{"rendered":"Bionnex Organica Shampooing Anti-Chute Cheveux Gras 300Ml"},"content":{"rendered":"","protected":false},"excerpt":{"rendered":"<p>BIONNEX pour cheveux gras en plus d\u2019\u00eatre efficace contre la chute des cheveux aide \u00e0 \u00e9quilibrer la quantit\u00e9 de s\u00e9bum \u00e9lev\u00e9 du cuir chevelu.<\/p>","protected":false},"featured_media":4323,"comment_status":"open","ping_status":"closed","template":"","meta":[],"product_brand":[],"product_cat":[1361],"product_tag":[],"class_list":{"0":"post-4247","1":"product","2":"type-product","3":"status-publish","4":"has-post-thumbnail","6":"product_cat-shampoings-pellicules-anti-chute","8":"first","9":"instock","10":"shipping-taxable","11":"purchasable","12":"product-type-simple"},"_links":{"self":[{"href":"https:\/\/parashopnarimel.com\/ar\/wp-json\/wp\/v2\/product\/4247","targetHints":{"allow":["GET"]}}],"collection":[{"href":"https:\/\/parashopnarimel.com\/ar\/wp-json\/wp\/v2\/product"}],"about":[{"href":"https:\/\/parashopnarimel.com\/ar\/wp-json\/wp\/v2\/types\/product"}],"replies":[{"embeddable":true,"href":"https:\/\/parashopnarimel.com\/ar\/wp-json\/wp\/v2\/comments?post=4247"}],"version-history":[{"count":1,"href":"https:\/\/parashopnarimel.com\/ar\/wp-json\/wp\/v2\/product\/4247\/revisions"}],"predecessor-version":[{"id":4324,"href":"https:\/\/parashopnarimel.com\/ar\/wp-json\/wp\/v2\/product\/4247\/revisions\/4324"}],"wp:featuredmedia":[{"embeddable":true,"href":"https:\/\/parashopnarimel.com\/ar\/wp-json\/wp\/v2\/media\/4323"}],"wp:attachment":[{"href":"https:\/\/parashopnarimel.com\/ar\/wp-json\/wp\/v2\/media?parent=4247"}],"wp:term":[{"taxonomy":"product_brand","embeddable":true,"href":"https:\/\/parashopnarimel.com\/ar\/wp-json\/wp\/v2\/product_brand?post=4247"},{"taxonomy":"product_cat","embeddable":true,"href":"https:\/\/parashopnarimel.com\/ar\/wp-json\/wp\/v2\/product_cat?post=4247"},{"taxonomy":"product_tag","embeddable":true,"href":"https:\/\/parashopnarimel.com\/ar\/wp-json\/wp\/v2\/product_tag?post=4247"}],"curies":[{"name":"wp","href":"https:\/\/api.w.org\/{rel}","templated":true}]}}