{"id":4248,"date":"2024-12-29T07:20:53","date_gmt":"2024-12-29T07:20:53","guid":{"rendered":"https:\/\/parashopnarimel.com\/?post_type=product&#038;p=4248"},"modified":"2025-01-20T18:57:50","modified_gmt":"2025-01-20T18:57:50","slug":"bionnex-shampooing-anti-chute-cheveux-normaux-300ml","status":"publish","type":"product","link":"https:\/\/parashopnarimel.com\/ar\/product\/bionnex-shampooing-anti-chute-cheveux-normaux-300ml\/","title":{"rendered":"Bionnex Shampooing Anti-Chute Cheveux Normaux 300Ml"},"content":{"rendered":"","protected":false},"excerpt":{"rendered":"<p>BIONNEX Organica pour cheveux normaux prot\u00e8ge de la sant\u00e9 du cheveu et du cuir chevelu avec les actifs de sa formule sp\u00e9ciale.<\/p>","protected":false},"featured_media":4325,"comment_status":"open","ping_status":"closed","template":"","meta":[],"product_brand":[],"product_cat":[1361],"product_tag":[],"class_list":{"0":"post-4248","1":"product","2":"type-product","3":"status-publish","4":"has-post-thumbnail","6":"product_cat-shampoings-pellicules-anti-chute","8":"first","9":"instock","10":"shipping-taxable","11":"purchasable","12":"product-type-simple"},"_links":{"self":[{"href":"https:\/\/parashopnarimel.com\/ar\/wp-json\/wp\/v2\/product\/4248","targetHints":{"allow":["GET"]}}],"collection":[{"href":"https:\/\/parashopnarimel.com\/ar\/wp-json\/wp\/v2\/product"}],"about":[{"href":"https:\/\/parashopnarimel.com\/ar\/wp-json\/wp\/v2\/types\/product"}],"replies":[{"embeddable":true,"href":"https:\/\/parashopnarimel.com\/ar\/wp-json\/wp\/v2\/comments?post=4248"}],"version-history":[{"count":1,"href":"https:\/\/parashopnarimel.com\/ar\/wp-json\/wp\/v2\/product\/4248\/revisions"}],"predecessor-version":[{"id":4326,"href":"https:\/\/parashopnarimel.com\/ar\/wp-json\/wp\/v2\/product\/4248\/revisions\/4326"}],"wp:featuredmedia":[{"embeddable":true,"href":"https:\/\/parashopnarimel.com\/ar\/wp-json\/wp\/v2\/media\/4325"}],"wp:attachment":[{"href":"https:\/\/parashopnarimel.com\/ar\/wp-json\/wp\/v2\/media?parent=4248"}],"wp:term":[{"taxonomy":"product_brand","embeddable":true,"href":"https:\/\/parashopnarimel.com\/ar\/wp-json\/wp\/v2\/product_brand?post=4248"},{"taxonomy":"product_cat","embeddable":true,"href":"https:\/\/parashopnarimel.com\/ar\/wp-json\/wp\/v2\/product_cat?post=4248"},{"taxonomy":"product_tag","embeddable":true,"href":"https:\/\/parashopnarimel.com\/ar\/wp-json\/wp\/v2\/product_tag?post=4248"}],"curies":[{"name":"wp","href":"https:\/\/api.w.org\/{rel}","templated":true}]}}