{"id":4356,"date":"2024-12-29T07:22:44","date_gmt":"2024-12-29T07:22:44","guid":{"rendered":"https:\/\/parashopnarimel.com\/?post_type=product&#038;p=4356"},"modified":"2025-06-20T17:48:33","modified_gmt":"2025-06-20T17:48:33","slug":"coup-declat-ampoule","status":"publish","type":"product","link":"https:\/\/parashopnarimel.com\/ar\/product\/coup-declat-ampoule\/","title":{"rendered":"Coup d&rsquo;\u00e9clat Ampoule"},"content":{"rendered":"<div class=\"et_pb_module et_pb_blurb et_pb_blurb_0 et_pb_text_align_left et_pb_blurb_position_left et_pb_bg_layout_light\">\n<div class=\"et_pb_blurb_content\">\n<div class=\"et_pb_blurb_container\">\n<div class=\"et_pb_blurb_description\">COUP D\u2019ECLAT Ampoules Lifting Beaut\u00e9 du Teint: V\u00e9ritable soin SOS. Rehausse instantan\u00e9ment l\u2019apparence du visage. Corrige l\u2019apparence des rides et ridules, \u00a0illumine le teint.\u00a0Efface les traces de fatigue et les petits exc\u00e8s de la veille.\u00a0Aide \u00e0 la tenue du maquillage. La peau est lumineuse et para\u00eet fra\u00eeche et repos\u00e9e. Effet durable 8 heures.\u00a0Convient aux peaux sensibles.<\/div>\n<\/div>\n<\/div>\n<\/div>\n<div class=\"et_pb_module et_pb_blurb et_pb_blurb_1 et_pb_text_align_left et_pb_blurb_position_left et_pb_bg_layout_light\">\n<div class=\"et_pb_blurb_content\">\n<div class=\"et_pb_main_blurb_image\"><\/div>\n<div class=\"et_pb_blurb_container\">\n<h4 class=\"et_pb_module_header\">Indications<\/h4>\n<div class=\"et_pb_blurb_description\">Teint terne, traits fatigu\u00e9s, nuit trop courte, rides d\u2019expression, ridules.<br \/>\nMise en beaut\u00e9 le matin pour r\u00e9veiller l\u2019\u00e9clat du visage, et le soir comme mise en beaut\u00e9 express pour une soir\u00e9e,<br \/>\nune f\u00eate, ou toute occasion sp\u00e9ciale.<\/div>\n<\/div>\n<\/div>\n<\/div>\n<div class=\"et_pb_module et_pb_blurb et_pb_blurb_2 et_pb_text_align_left et_pb_blurb_position_left et_pb_bg_layout_light\">\n<div class=\"et_pb_blurb_content\">\n<div class=\"et_pb_main_blurb_image\"><\/div>\n<div class=\"et_pb_blurb_container\">\n<h4 class=\"et_pb_module_header\">Conseil d&rsquo;utilisation<\/h4>\n<div class=\"et_pb_blurb_description\">Appliquer le matin avant tout autre soin pour effacer les traces de fatigue et r\u00e9veiller l\u2019\u00e9clat du visage et, le soir, comme mise en beaut\u00e9 imm\u00e9diate avant une soir\u00e9e, une f\u00eate ou toute occasion sp\u00e9ciale.<\/div>\n<\/div>\n<\/div>\n<\/div>\n<div class=\"et_pb_module et_pb_blurb et_pb_blurb_3 et_pb_text_align_left et_pb_blurb_position_left et_pb_bg_layout_light\">\n<div class=\"et_pb_blurb_content\">\n<div class=\"et_pb_blurb_container\">\n<h4 class=\"et_pb_module_header\">Principaux ingr\u00e9dients<\/h4>\n<div class=\"et_pb_blurb_description\">Bio polym\u00e8res de prot\u00e9ines d\u2019amande \u00e0 haut poids mol\u00e9culaire<br \/>\nAcmella Oleracea<br \/>\nProvitamine B5<br \/>\nFormule hypoallerg\u00e9nique: sans paraben, sans prot\u00e9ines de bl\u00e9.<\/div>\n<\/div>\n<\/div>\n<\/div>\n<div class=\"et_pb_module et_pb_blurb et_pb_blurb_4 et_pb_text_align_left et_pb_blurb_position_left et_pb_bg_layout_light\">\n<div class=\"et_pb_blurb_content\">\n<div class=\"et_pb_main_blurb_image\"><\/div>\n<div class=\"et_pb_blurb_container\">\n<h4 class=\"et_pb_module_header\">Formats<\/h4>\n<div class=\"et_pb_blurb_description\">\n<p>3 ampoulesx 1 ml<\/p>\n<div style=\"width: 1280px;\" class=\"wp-video\"><!--[if lt IE 9]><script>document.createElement('video');<\/script><![endif]-->\n<video class=\"wp-video-shortcode\" id=\"video-4356-1\" width=\"1280\" height=\"720\" autoplay preload=\"metadata\" controls=\"controls\"><source type=\"video\/mp4\" src=\"https:\/\/parashopnarimel.com\/wp-content\/uploads\/2024\/12\/Coup-dEclat-Mix-Final.mp4?_=1\" \/><a href=\"https:\/\/parashopnarimel.com\/wp-content\/uploads\/2024\/12\/Coup-dEclat-Mix-Final.mp4\">https:\/\/parashopnarimel.com\/wp-content\/uploads\/2024\/12\/Coup-dEclat-Mix-Final.mp4<\/a><\/video><\/div>\n<\/div>\n<\/div>\n<\/div>\n<\/div>","protected":false},"excerpt":{"rendered":"<p><img fetchpriority=\"high\" decoding=\"async\" class=\"alignnone size-medium wp-image-12413\" src=\"https:\/\/parashopnarimel.com\/wp-content\/uploads\/2024\/12\/CE_AmpouleBeauteTeint-2-300x300.jpg\" alt=\"\" width=\"300\" height=\"300\" srcset=\"https:\/\/parashopnarimel.com\/wp-content\/uploads\/2024\/12\/CE_AmpouleBeauteTeint-2-300x300.jpg 300w, https:\/\/parashopnarimel.com\/wp-content\/uploads\/2024\/12\/CE_AmpouleBeauteTeint-2-1024x1024.jpg 1024w, https:\/\/parashopnarimel.com\/wp-content\/uploads\/2024\/12\/CE_AmpouleBeauteTeint-2-150x150.jpg 150w, https:\/\/parashopnarimel.com\/wp-content\/uploads\/2024\/12\/CE_AmpouleBeauteTeint-2-768x768.jpg 768w, https:\/\/parashopnarimel.com\/wp-content\/uploads\/2024\/12\/CE_AmpouleBeauteTeint-2-600x600.jpg 600w, https:\/\/parashopnarimel.com\/wp-content\/uploads\/2024\/12\/CE_AmpouleBeauteTeint-2.jpg 1200w\" sizes=\"(max-width: 300px) 100vw, 300px\" \/><\/p>\n<p>COUP D\u2019ECLAT Ampoules Lifting Beaut\u00e9 du Teint: V\u00e9ritable soin SOS. Rehausse instantan\u00e9ment l\u2019apparence du visage. Corrige l\u2019apparence des rides et ridules, \u00a0illumine le teint<\/p>","protected":false},"featured_media":4443,"comment_status":"open","ping_status":"closed","template":"","meta":[],"product_brand":[],"product_cat":[96,2906],"product_tag":[],"class_list":{"0":"post-4356","1":"product","2":"type-product","3":"status-publish","4":"has-post-thumbnail","6":"product_cat-non-classe","7":"product_cat-serums","9":"first","10":"outofstock","11":"shipping-taxable","12":"purchasable","13":"product-type-simple"},"_links":{"self":[{"href":"https:\/\/parashopnarimel.com\/ar\/wp-json\/wp\/v2\/product\/4356","targetHints":{"allow":["GET"]}}],"collection":[{"href":"https:\/\/parashopnarimel.com\/ar\/wp-json\/wp\/v2\/product"}],"about":[{"href":"https:\/\/parashopnarimel.com\/ar\/wp-json\/wp\/v2\/types\/product"}],"replies":[{"embeddable":true,"href":"https:\/\/parashopnarimel.com\/ar\/wp-json\/wp\/v2\/comments?post=4356"}],"version-history":[{"count":4,"href":"https:\/\/parashopnarimel.com\/ar\/wp-json\/wp\/v2\/product\/4356\/revisions"}],"predecessor-version":[{"id":12500,"href":"https:\/\/parashopnarimel.com\/ar\/wp-json\/wp\/v2\/product\/4356\/revisions\/12500"}],"wp:featuredmedia":[{"embeddable":true,"href":"https:\/\/parashopnarimel.com\/ar\/wp-json\/wp\/v2\/media\/4443"}],"wp:attachment":[{"href":"https:\/\/parashopnarimel.com\/ar\/wp-json\/wp\/v2\/media?parent=4356"}],"wp:term":[{"taxonomy":"product_brand","embeddable":true,"href":"https:\/\/parashopnarimel.com\/ar\/wp-json\/wp\/v2\/product_brand?post=4356"},{"taxonomy":"product_cat","embeddable":true,"href":"https:\/\/parashopnarimel.com\/ar\/wp-json\/wp\/v2\/product_cat?post=4356"},{"taxonomy":"product_tag","embeddable":true,"href":"https:\/\/parashopnarimel.com\/ar\/wp-json\/wp\/v2\/product_tag?post=4356"}],"curies":[{"name":"wp","href":"https:\/\/api.w.org\/{rel}","templated":true}]}}