{"id":4398,"date":"2024-12-29T07:23:28","date_gmt":"2024-12-29T07:23:28","guid":{"rendered":"https:\/\/parashopnarimel.com\/?post_type=product&#038;p=4398"},"modified":"2026-04-06T13:28:56","modified_gmt":"2026-04-06T13:28:56","slug":"bioderma-pigmentbio-foaming-cream-nettoyant-eclaircissant-200ml","status":"publish","type":"product","link":"https:\/\/parashopnarimel.com\/ar\/product\/bioderma-pigmentbio-foaming-cream-nettoyant-eclaircissant-200ml\/","title":{"rendered":"Bioderma Pigmentbio Foaming Cream Nettoyant Eclaircissant 200Ml"},"content":{"rendered":"<p>Une mousse nettoyante contre les taches brunes<br \/>\nLa\u00a0Cr\u00e8me Moussante \u00c9claircissante Pigmentbio\u00a0de\u00a0Bioderma\u00a0est une\u00a0mousse nettoyante\u00a0con\u00e7ue pour corriger et estomper les\u00a0taches brunes. Sa formule riche en AHA lisse le grain de peau et r\u00e9v\u00e8le l\u2019\u00e9clat du teint.<\/p>\n<p>Une action \u00e9claircissante pour une peau lumineuse<br \/>\nPour att\u00e9nuer les taches pigmentaires et raviver l\u2019\u00e9clat du teint, Bioderma a con\u00e7u la\u00a0cr\u00e8me moussante Pigmentbio. Formul\u00e9 \u00e0 partir d\u2019AHA et de micro-billes exfoliantes, ce\u00a0nettoyant visage\u00a0permet de r\u00e9guler les m\u00e9canismes biologiques \u00e0 l\u2019origine de l\u2019hyperpigmentation et de favoriser la disparition des taches brunes.<br \/>\nGr\u00e2ce \u00e0 son association d\u2019actifs brevet\u00e9s, cette\u00a0cr\u00e8me anti-taches\u00a0pr\u00e9vient l\u2019apparition des taches et ravive la beaut\u00e9 de la peau :<\/p>\n<p>la base lavante nettoie en douceur<br \/>\nles\u00a0AHA\u00a0(acide citrique) et\u00a0micro-billes\u00a0exfolient la peau et \u00e9liminent les impuret\u00e9s.<br \/>\nles\u00a0actifs hydratants\u00a0(coco-glucoside et ol\u00e9ate de glyc\u00e9riyl) pr\u00e9servent l\u2019hydratation cutan\u00e9e.<br \/>\nle\u00a0complexe brevet\u00e9 D.A.F\u00a0augmente le seuil de tol\u00e9rance des peaux sensibles.<\/p>\n<p>La\u00a0Cr\u00e8me Moussante \u00c9claircissante Pigmentbio\u00a0offre une\u00a0efficacit\u00e9 \u00e9claircissante\u00a0pr\u00e9ventive et corrective optimale. Elle att\u00e9nue l\u2019hyperpigmentation, unifie l\u2019\u00e9piderme et ravive l\u2019\u00e9clat du teint.<\/p>","protected":false},"excerpt":{"rendered":"<p>Une mousse nettoyante contre les taches brunes La Cr\u00e8me Moussante \u00c9claircissante Pigmentbio de Bioderma est une mousse nettoyante con\u00e7ue pour corriger et estomper les taches brunes.<\/p>","protected":false},"featured_media":4486,"comment_status":"open","ping_status":"closed","template":"","meta":[],"product_brand":[],"product_cat":[2911,2913,2886],"product_tag":[],"class_list":{"0":"post-4398","1":"product","2":"type-product","3":"status-publish","4":"has-post-thumbnail","6":"product_cat-creme-corps","7":"product_cat-gommage-et-peeling-soins-corps","8":"product_cat-soins-corps","10":"first","11":"instock","12":"shipping-taxable","13":"purchasable","14":"product-type-simple"},"_links":{"self":[{"href":"https:\/\/parashopnarimel.com\/ar\/wp-json\/wp\/v2\/product\/4398","targetHints":{"allow":["GET"]}}],"collection":[{"href":"https:\/\/parashopnarimel.com\/ar\/wp-json\/wp\/v2\/product"}],"about":[{"href":"https:\/\/parashopnarimel.com\/ar\/wp-json\/wp\/v2\/types\/product"}],"replies":[{"embeddable":true,"href":"https:\/\/parashopnarimel.com\/ar\/wp-json\/wp\/v2\/comments?post=4398"}],"version-history":[{"count":1,"href":"https:\/\/parashopnarimel.com\/ar\/wp-json\/wp\/v2\/product\/4398\/revisions"}],"predecessor-version":[{"id":4487,"href":"https:\/\/parashopnarimel.com\/ar\/wp-json\/wp\/v2\/product\/4398\/revisions\/4487"}],"wp:featuredmedia":[{"embeddable":true,"href":"https:\/\/parashopnarimel.com\/ar\/wp-json\/wp\/v2\/media\/4486"}],"wp:attachment":[{"href":"https:\/\/parashopnarimel.com\/ar\/wp-json\/wp\/v2\/media?parent=4398"}],"wp:term":[{"taxonomy":"product_brand","embeddable":true,"href":"https:\/\/parashopnarimel.com\/ar\/wp-json\/wp\/v2\/product_brand?post=4398"},{"taxonomy":"product_cat","embeddable":true,"href":"https:\/\/parashopnarimel.com\/ar\/wp-json\/wp\/v2\/product_cat?post=4398"},{"taxonomy":"product_tag","embeddable":true,"href":"https:\/\/parashopnarimel.com\/ar\/wp-json\/wp\/v2\/product_tag?post=4398"}],"curies":[{"name":"wp","href":"https:\/\/api.w.org\/{rel}","templated":true}]}}