{"id":4438,"date":"2024-12-29T07:24:11","date_gmt":"2024-12-29T07:24:11","guid":{"rendered":"https:\/\/parashopnarimel.com\/?post_type=product&#038;p=4438"},"modified":"2025-01-20T18:57:17","modified_gmt":"2025-01-20T18:57:17","slug":"caudalie-vinosource-hydra-serum-sos-rehydratant-30ml","status":"publish","type":"product","link":"https:\/\/parashopnarimel.com\/ar\/product\/caudalie-vinosource-hydra-serum-sos-rehydratant-30ml\/","title":{"rendered":"Caudalie Vinosource-Hydra S\u00e9rum Sos R\u00e9hydratant 30Ml"},"content":{"rendered":"<p>Le Se\u0301rum S.O.S Vinosource\u00a0capte et diffuse l\u2019eau intense\u0301ment et en continu\u00a0pour re\u0301tablir l\u2019e\u0301quilibre hydrique de la peau, qui retrouve souplesse et frai\u0302cheur.<br \/>\nGr\u00e2ce \u00e0 l\u2019association de diff\u00e9rents actifs r\u00e9hydratants intelligents, ce s\u00e9rum relance les m\u00e9canismes internes d\u2019hydratation, r\u00e9gule les flux hydriques et restaure l\u2019\u00e9quilibre en eau de la peau. Imm\u00e9diatement, la peau est comme gorg\u00e9e d\u2019eau, pulpeuse et rebondie. Ressourc\u00e9e et apais\u00e9e, elle retrouve souplesse, douceur et bien-\u00eatre, pour longtemps.<br \/>\nSa texture aqueuse ultra-l\u00e9g\u00e8re et fra\u00eeche fond sous les doigts.<br \/>\nParfum l\u00e9ger de notes hesp\u00e9rid\u00e9es sur un bouquet de fra\u00eecheur : fleurs de mandarinier, feuilles de citronnier, eau de concombre et menthe fra\u00eeche.<\/p>","protected":false},"excerpt":{"rendered":"<p>Ce s\u00e9rum relance les m\u00e9canismes internes d\u2019hydratation, r\u00e9gule les flux hydriques et restaure l\u2019\u00e9quilibre en eau de la peau.<\/p>","protected":false},"featured_media":4517,"comment_status":"open","ping_status":"closed","template":"","meta":[],"product_brand":[],"product_cat":[96,1110,2906],"product_tag":[],"class_list":{"0":"post-4438","1":"product","2":"type-product","3":"status-publish","4":"has-post-thumbnail","6":"product_cat-non-classe","7":"product_cat-anti-taches","8":"product_cat-serums","10":"first","11":"instock","12":"sale","13":"shipping-taxable","14":"purchasable","15":"product-type-simple"},"_links":{"self":[{"href":"https:\/\/parashopnarimel.com\/ar\/wp-json\/wp\/v2\/product\/4438","targetHints":{"allow":["GET"]}}],"collection":[{"href":"https:\/\/parashopnarimel.com\/ar\/wp-json\/wp\/v2\/product"}],"about":[{"href":"https:\/\/parashopnarimel.com\/ar\/wp-json\/wp\/v2\/types\/product"}],"replies":[{"embeddable":true,"href":"https:\/\/parashopnarimel.com\/ar\/wp-json\/wp\/v2\/comments?post=4438"}],"version-history":[{"count":2,"href":"https:\/\/parashopnarimel.com\/ar\/wp-json\/wp\/v2\/product\/4438\/revisions"}],"predecessor-version":[{"id":4801,"href":"https:\/\/parashopnarimel.com\/ar\/wp-json\/wp\/v2\/product\/4438\/revisions\/4801"}],"wp:featuredmedia":[{"embeddable":true,"href":"https:\/\/parashopnarimel.com\/ar\/wp-json\/wp\/v2\/media\/4517"}],"wp:attachment":[{"href":"https:\/\/parashopnarimel.com\/ar\/wp-json\/wp\/v2\/media?parent=4438"}],"wp:term":[{"taxonomy":"product_brand","embeddable":true,"href":"https:\/\/parashopnarimel.com\/ar\/wp-json\/wp\/v2\/product_brand?post=4438"},{"taxonomy":"product_cat","embeddable":true,"href":"https:\/\/parashopnarimel.com\/ar\/wp-json\/wp\/v2\/product_cat?post=4438"},{"taxonomy":"product_tag","embeddable":true,"href":"https:\/\/parashopnarimel.com\/ar\/wp-json\/wp\/v2\/product_tag?post=4438"}],"curies":[{"name":"wp","href":"https:\/\/api.w.org\/{rel}","templated":true}]}}