{"id":4440,"date":"2024-12-29T07:24:11","date_gmt":"2024-12-29T07:24:11","guid":{"rendered":"https:\/\/parashopnarimel.com\/?post_type=product&#038;p=4440"},"modified":"2025-01-20T18:57:00","modified_gmt":"2025-01-20T18:57:00","slug":"caudalie-vinoperfect-serum-eclat-anti-taches-30ml","status":"publish","type":"product","link":"https:\/\/parashopnarimel.com\/ar\/product\/caudalie-vinoperfect-serum-eclat-anti-taches-30ml\/","title":{"rendered":"Caudalie Vinoperfect S\u00e9rum \u00c9clat Anti-Taches 30Ml"},"content":{"rendered":"<p>Le S\u00e9rum \u00c9clat Anti-taches Vinoperfect, N\u00b01 de l\u2019anti-taches en France* a d\u00e9j\u00e0 conquis des millions de femmes pour son action anti-taches exceptionnelle.<br \/>\nEn 2021, il se r\u00e9invente : encore plus efficace et plus naturel. Ce s\u00e9rum corrige l\u2019aspect des taches existantes et uniformise le teint pour le rendre plus lumineux. Il ag\u00eet sur tous les types de taches (soleil, acn\u00e9, m\u00e9lasma, \u00e2ge) et tous les types de peaux, des plus claires aux plus fonc\u00e9es, m\u00eame les plus sensibles !<br \/>\nAu c\u0153ur de la formule du S\u00e9rum Vinoperfect, la Vinif\u00e9rine, ingr\u00e9dient brevet\u00e9 de Caudalie issu de la s\u00e8ve de vigne, qui assure une action anti-taches exceptionnelle 62 fois** plus efficace que la vitamine C.<br \/>\nSa fragrance fra\u00eeche et subtile, associe des notes vertes de fleur de c\u00e9drat, feuilles d\u2019oranger, melon d\u2019eau et menthe froiss\u00e9e.<\/p>","protected":false},"excerpt":{"rendered":"<p>Le S\u00e9rum Caudalie \u00c9clat Anti-Taches corrige et pr\u00e9vient l\u2019apparition des taches pour un teint plus lumineux.<\/p>","protected":false},"featured_media":4528,"comment_status":"open","ping_status":"closed","template":"","meta":[],"product_brand":[],"product_cat":[96,1110,2906],"product_tag":[],"class_list":{"0":"post-4440","1":"product","2":"type-product","3":"status-publish","4":"has-post-thumbnail","6":"product_cat-non-classe","7":"product_cat-anti-taches","8":"product_cat-serums","10":"first","11":"instock","12":"shipping-taxable","13":"purchasable","14":"product-type-simple"},"_links":{"self":[{"href":"https:\/\/parashopnarimel.com\/ar\/wp-json\/wp\/v2\/product\/4440","targetHints":{"allow":["GET"]}}],"collection":[{"href":"https:\/\/parashopnarimel.com\/ar\/wp-json\/wp\/v2\/product"}],"about":[{"href":"https:\/\/parashopnarimel.com\/ar\/wp-json\/wp\/v2\/types\/product"}],"replies":[{"embeddable":true,"href":"https:\/\/parashopnarimel.com\/ar\/wp-json\/wp\/v2\/comments?post=4440"}],"version-history":[{"count":2,"href":"https:\/\/parashopnarimel.com\/ar\/wp-json\/wp\/v2\/product\/4440\/revisions"}],"predecessor-version":[{"id":8304,"href":"https:\/\/parashopnarimel.com\/ar\/wp-json\/wp\/v2\/product\/4440\/revisions\/8304"}],"wp:featuredmedia":[{"embeddable":true,"href":"https:\/\/parashopnarimel.com\/ar\/wp-json\/wp\/v2\/media\/4528"}],"wp:attachment":[{"href":"https:\/\/parashopnarimel.com\/ar\/wp-json\/wp\/v2\/media?parent=4440"}],"wp:term":[{"taxonomy":"product_brand","embeddable":true,"href":"https:\/\/parashopnarimel.com\/ar\/wp-json\/wp\/v2\/product_brand?post=4440"},{"taxonomy":"product_cat","embeddable":true,"href":"https:\/\/parashopnarimel.com\/ar\/wp-json\/wp\/v2\/product_cat?post=4440"},{"taxonomy":"product_tag","embeddable":true,"href":"https:\/\/parashopnarimel.com\/ar\/wp-json\/wp\/v2\/product_tag?post=4440"}],"curies":[{"name":"wp","href":"https:\/\/api.w.org\/{rel}","templated":true}]}}