{"id":4502,"date":"2024-12-29T07:25:20","date_gmt":"2024-12-29T07:25:20","guid":{"rendered":"https:\/\/parashopnarimel.com\/?post_type=product&#038;p=4502"},"modified":"2025-01-20T18:56:43","modified_gmt":"2025-01-20T18:56:43","slug":"estee-lauder-enlighten-serum-de-nuit-anti-taches-50ml","status":"publish","type":"product","link":"https:\/\/parashopnarimel.com\/ar\/product\/estee-lauder-enlighten-serum-de-nuit-anti-taches-50ml\/","title":{"rendered":"Est\u00e9e Lauder Enlighten \u2013 S\u00e9rum De Nuit Anti-Taches 50Ml"},"content":{"rendered":"<p>Lutte contre la perte d\u2019uniformit\u00e9 du teint.<br \/>\nCe s\u00e9rum l\u00e9ger \u00e0 la texture soyeuse cible les taches existantes, tout en pr\u00e9venant l\u2019apparition de futures d\u00e9colorations.<br \/>\nIl est capable de r\u00e9duire l\u2019apparence de l\u2019ensemble des ph\u00e9nom\u00e8nes de perte d\u2019uniformit\u00e9 du teint, y compris les rougeurs et les taches de soleil.<br \/>\nD\u00e8s l\u2019application, le rythme de pigmentation de la peau est ma\u00eetris\u00e9.<br \/>\nEn moins de 2 semaines, les taches diminuent et la peau r\u00e9v\u00e8le un nouvel \u00e9clat.<br \/>\nEn 4 semaines seulement, la m\u00e9tamorphose de la peau est compl\u00e8te. Elle parait visiblement plus uniforme, plus lumineuse et plus belle.<br \/>\nTest\u00e9 dermatologiquement<br \/>\nNon acn\u00e9g\u00e8ne<\/p>","protected":false},"excerpt":{"rendered":"<p>Ce s\u00e9rum l\u00e9ger \u00e0 la texture soyeuse cible les taches existantes, tout en pr\u00e9venant l\u2019apparition de futures d\u00e9colorations.<\/p>","protected":false},"featured_media":4578,"comment_status":"open","ping_status":"closed","template":"","meta":[],"product_brand":[],"product_cat":[1110,2906],"product_tag":[],"class_list":{"0":"post-4502","1":"product","2":"type-product","3":"status-publish","4":"has-post-thumbnail","6":"product_cat-anti-taches","7":"product_cat-serums","9":"first","10":"instock","11":"shipping-taxable","12":"purchasable","13":"product-type-simple"},"_links":{"self":[{"href":"https:\/\/parashopnarimel.com\/ar\/wp-json\/wp\/v2\/product\/4502","targetHints":{"allow":["GET"]}}],"collection":[{"href":"https:\/\/parashopnarimel.com\/ar\/wp-json\/wp\/v2\/product"}],"about":[{"href":"https:\/\/parashopnarimel.com\/ar\/wp-json\/wp\/v2\/types\/product"}],"replies":[{"embeddable":true,"href":"https:\/\/parashopnarimel.com\/ar\/wp-json\/wp\/v2\/comments?post=4502"}],"version-history":[{"count":2,"href":"https:\/\/parashopnarimel.com\/ar\/wp-json\/wp\/v2\/product\/4502\/revisions"}],"predecessor-version":[{"id":8305,"href":"https:\/\/parashopnarimel.com\/ar\/wp-json\/wp\/v2\/product\/4502\/revisions\/8305"}],"wp:featuredmedia":[{"embeddable":true,"href":"https:\/\/parashopnarimel.com\/ar\/wp-json\/wp\/v2\/media\/4578"}],"wp:attachment":[{"href":"https:\/\/parashopnarimel.com\/ar\/wp-json\/wp\/v2\/media?parent=4502"}],"wp:term":[{"taxonomy":"product_brand","embeddable":true,"href":"https:\/\/parashopnarimel.com\/ar\/wp-json\/wp\/v2\/product_brand?post=4502"},{"taxonomy":"product_cat","embeddable":true,"href":"https:\/\/parashopnarimel.com\/ar\/wp-json\/wp\/v2\/product_cat?post=4502"},{"taxonomy":"product_tag","embeddable":true,"href":"https:\/\/parashopnarimel.com\/ar\/wp-json\/wp\/v2\/product_tag?post=4502"}],"curies":[{"name":"wp","href":"https:\/\/api.w.org\/{rel}","templated":true}]}}