{"id":4547,"date":"2024-12-29T07:26:04","date_gmt":"2024-12-29T07:26:04","guid":{"rendered":"https:\/\/parashopnarimel.com\/?post_type=product&#038;p=4547"},"modified":"2025-08-13T19:39:34","modified_gmt":"2025-08-13T19:39:34","slug":"murj-coffret-plaisir-gourmand","status":"publish","type":"product","link":"https:\/\/parashopnarimel.com\/ar\/product\/murj-coffret-plaisir-gourmand\/","title":{"rendered":"Murj Coffret Plaisir Gourmand"},"content":{"rendered":"","protected":false},"excerpt":{"rendered":"<p>R\u00e9galez-vous avec cette nouvelle combinaison de produits du coffret Plaisir Gourmand \ud83d\ude0b<br \/>\nLa nouveaut\u00e9 \ud83e\udd14 Le lait corporel hydratant \ud83c\udd95\ufe0f qui vient accompagner le gel douche et la brume concentr\u00e9e et vous accompagner dans votre qu\u00eate de bien-\u00eatre \ud83e\udd70<\/p>","protected":false},"featured_media":4628,"comment_status":"open","ping_status":"closed","template":"","meta":[],"product_brand":[],"product_cat":[2899,2912],"product_tag":[1203],"class_list":{"0":"post-4547","1":"product","2":"type-product","3":"status-publish","4":"has-post-thumbnail","6":"product_cat-coffret","7":"product_cat-nettoyant-corps","8":"product_tag-offres","10":"first","11":"instock","12":"shipping-taxable","13":"purchasable","14":"product-type-simple"},"_links":{"self":[{"href":"https:\/\/parashopnarimel.com\/ar\/wp-json\/wp\/v2\/product\/4547","targetHints":{"allow":["GET"]}}],"collection":[{"href":"https:\/\/parashopnarimel.com\/ar\/wp-json\/wp\/v2\/product"}],"about":[{"href":"https:\/\/parashopnarimel.com\/ar\/wp-json\/wp\/v2\/types\/product"}],"replies":[{"embeddable":true,"href":"https:\/\/parashopnarimel.com\/ar\/wp-json\/wp\/v2\/comments?post=4547"}],"version-history":[{"count":1,"href":"https:\/\/parashopnarimel.com\/ar\/wp-json\/wp\/v2\/product\/4547\/revisions"}],"predecessor-version":[{"id":4629,"href":"https:\/\/parashopnarimel.com\/ar\/wp-json\/wp\/v2\/product\/4547\/revisions\/4629"}],"wp:featuredmedia":[{"embeddable":true,"href":"https:\/\/parashopnarimel.com\/ar\/wp-json\/wp\/v2\/media\/4628"}],"wp:attachment":[{"href":"https:\/\/parashopnarimel.com\/ar\/wp-json\/wp\/v2\/media?parent=4547"}],"wp:term":[{"taxonomy":"product_brand","embeddable":true,"href":"https:\/\/parashopnarimel.com\/ar\/wp-json\/wp\/v2\/product_brand?post=4547"},{"taxonomy":"product_cat","embeddable":true,"href":"https:\/\/parashopnarimel.com\/ar\/wp-json\/wp\/v2\/product_cat?post=4547"},{"taxonomy":"product_tag","embeddable":true,"href":"https:\/\/parashopnarimel.com\/ar\/wp-json\/wp\/v2\/product_tag?post=4547"}],"curies":[{"name":"wp","href":"https:\/\/api.w.org\/{rel}","templated":true}]}}