{"id":4548,"date":"2024-12-29T07:26:04","date_gmt":"2024-12-29T07:26:04","guid":{"rendered":"https:\/\/parashopnarimel.com\/?post_type=product&#038;p=4548"},"modified":"2025-01-20T18:56:24","modified_gmt":"2025-01-20T18:56:24","slug":"murj-coffret-rosee-de-printemps","status":"publish","type":"product","link":"https:\/\/parashopnarimel.com\/ar\/product\/murj-coffret-rosee-de-printemps\/","title":{"rendered":"Murj Coffret Ros\u00e9e De Printemps"},"content":{"rendered":"","protected":false},"excerpt":{"rendered":"<p>Votre coffret Ros\u00e9e de printemps revient avec un nouveau produit : un lait corporel hydratant \u2764<br \/>\nVous y trouverez \u00e9galement un gel douche mais aussi une brume concentr\u00e9e pour un parfum qui tient toute la journ\u00e9e pour une bonne dose de fra\u00eecheur \u2600\ufe0f<\/p>","protected":false},"featured_media":4637,"comment_status":"open","ping_status":"closed","template":"","meta":[],"product_brand":[],"product_cat":[2899,2912],"product_tag":[1203],"class_list":{"0":"post-4548","1":"product","2":"type-product","3":"status-publish","4":"has-post-thumbnail","6":"product_cat-coffret","7":"product_cat-nettoyant-corps","8":"product_tag-offres","10":"first","11":"instock","12":"shipping-taxable","13":"purchasable","14":"product-type-simple"},"_links":{"self":[{"href":"https:\/\/parashopnarimel.com\/ar\/wp-json\/wp\/v2\/product\/4548","targetHints":{"allow":["GET"]}}],"collection":[{"href":"https:\/\/parashopnarimel.com\/ar\/wp-json\/wp\/v2\/product"}],"about":[{"href":"https:\/\/parashopnarimel.com\/ar\/wp-json\/wp\/v2\/types\/product"}],"replies":[{"embeddable":true,"href":"https:\/\/parashopnarimel.com\/ar\/wp-json\/wp\/v2\/comments?post=4548"}],"version-history":[{"count":1,"href":"https:\/\/parashopnarimel.com\/ar\/wp-json\/wp\/v2\/product\/4548\/revisions"}],"predecessor-version":[{"id":4638,"href":"https:\/\/parashopnarimel.com\/ar\/wp-json\/wp\/v2\/product\/4548\/revisions\/4638"}],"wp:featuredmedia":[{"embeddable":true,"href":"https:\/\/parashopnarimel.com\/ar\/wp-json\/wp\/v2\/media\/4637"}],"wp:attachment":[{"href":"https:\/\/parashopnarimel.com\/ar\/wp-json\/wp\/v2\/media?parent=4548"}],"wp:term":[{"taxonomy":"product_brand","embeddable":true,"href":"https:\/\/parashopnarimel.com\/ar\/wp-json\/wp\/v2\/product_brand?post=4548"},{"taxonomy":"product_cat","embeddable":true,"href":"https:\/\/parashopnarimel.com\/ar\/wp-json\/wp\/v2\/product_cat?post=4548"},{"taxonomy":"product_tag","embeddable":true,"href":"https:\/\/parashopnarimel.com\/ar\/wp-json\/wp\/v2\/product_tag?post=4548"}],"curies":[{"name":"wp","href":"https:\/\/api.w.org\/{rel}","templated":true}]}}