{"id":4563,"date":"2024-12-29T07:26:26","date_gmt":"2024-12-29T07:26:26","guid":{"rendered":"https:\/\/parashopnarimel.com\/?post_type=product&#038;p=4563"},"modified":"2025-01-20T18:55:13","modified_gmt":"2025-01-20T18:55:13","slug":"murj-coffret-passion-dete","status":"publish","type":"product","link":"https:\/\/parashopnarimel.com\/ar\/product\/murj-coffret-passion-dete\/","title":{"rendered":"Murj Coffret Passion D\u2019\u00c9t\u00e9"},"content":{"rendered":"","protected":false},"excerpt":{"rendered":"<p>Le coffret passion d\u2019\u00e9t\u00e9 revient avec un lait corporel hydratant \u00e0 la place du savon \ud83d\ude0d<br \/>\nVous aurez tout le n\u00e9cessaire pour terminer la saison en beaut\u00e9\ud83c\udf1f<\/p>","protected":false},"featured_media":4639,"comment_status":"open","ping_status":"closed","template":"","meta":[],"product_brand":[],"product_cat":[2899,2912],"product_tag":[1203],"class_list":{"0":"post-4563","1":"product","2":"type-product","3":"status-publish","4":"has-post-thumbnail","6":"product_cat-coffret","7":"product_cat-nettoyant-corps","8":"product_tag-offres","10":"first","11":"instock","12":"shipping-taxable","13":"purchasable","14":"product-type-simple"},"_links":{"self":[{"href":"https:\/\/parashopnarimel.com\/ar\/wp-json\/wp\/v2\/product\/4563","targetHints":{"allow":["GET"]}}],"collection":[{"href":"https:\/\/parashopnarimel.com\/ar\/wp-json\/wp\/v2\/product"}],"about":[{"href":"https:\/\/parashopnarimel.com\/ar\/wp-json\/wp\/v2\/types\/product"}],"replies":[{"embeddable":true,"href":"https:\/\/parashopnarimel.com\/ar\/wp-json\/wp\/v2\/comments?post=4563"}],"version-history":[{"count":1,"href":"https:\/\/parashopnarimel.com\/ar\/wp-json\/wp\/v2\/product\/4563\/revisions"}],"predecessor-version":[{"id":4640,"href":"https:\/\/parashopnarimel.com\/ar\/wp-json\/wp\/v2\/product\/4563\/revisions\/4640"}],"wp:featuredmedia":[{"embeddable":true,"href":"https:\/\/parashopnarimel.com\/ar\/wp-json\/wp\/v2\/media\/4639"}],"wp:attachment":[{"href":"https:\/\/parashopnarimel.com\/ar\/wp-json\/wp\/v2\/media?parent=4563"}],"wp:term":[{"taxonomy":"product_brand","embeddable":true,"href":"https:\/\/parashopnarimel.com\/ar\/wp-json\/wp\/v2\/product_brand?post=4563"},{"taxonomy":"product_cat","embeddable":true,"href":"https:\/\/parashopnarimel.com\/ar\/wp-json\/wp\/v2\/product_cat?post=4563"},{"taxonomy":"product_tag","embeddable":true,"href":"https:\/\/parashopnarimel.com\/ar\/wp-json\/wp\/v2\/product_tag?post=4563"}],"curies":[{"name":"wp","href":"https:\/\/api.w.org\/{rel}","templated":true}]}}