{"id":4615,"date":"2024-12-29T07:27:12","date_gmt":"2024-12-29T07:27:12","guid":{"rendered":"https:\/\/parashopnarimel.com\/?post_type=product&#038;p=4615"},"modified":"2025-01-19T11:43:06","modified_gmt":"2025-01-19T11:43:06","slug":"durex-pleasure-me-boite-de-3","status":"publish","type":"product","link":"https:\/\/parashopnarimel.com\/ar\/product\/durex-pleasure-me-boite-de-3\/","title":{"rendered":"Durex Pleasure Me Boite De 3"},"content":{"rendered":"","protected":false},"excerpt":{"rendered":"<p>Durex Pleasure Me des pr\u00e9servatifs qui ont une texture nervur\u00e9e et perl\u00e9e unique pour une plus grande stimulation des deux partenaires<\/p>","protected":false},"featured_media":4702,"comment_status":"open","ping_status":"closed","template":"","meta":[],"product_brand":[],"product_cat":[2915],"product_tag":[],"class_list":{"0":"post-4615","1":"product","2":"type-product","3":"status-publish","4":"has-post-thumbnail","6":"product_cat-bien-etre","8":"first","9":"instock","10":"shipping-taxable","11":"purchasable","12":"product-type-simple"},"_links":{"self":[{"href":"https:\/\/parashopnarimel.com\/ar\/wp-json\/wp\/v2\/product\/4615","targetHints":{"allow":["GET"]}}],"collection":[{"href":"https:\/\/parashopnarimel.com\/ar\/wp-json\/wp\/v2\/product"}],"about":[{"href":"https:\/\/parashopnarimel.com\/ar\/wp-json\/wp\/v2\/types\/product"}],"replies":[{"embeddable":true,"href":"https:\/\/parashopnarimel.com\/ar\/wp-json\/wp\/v2\/comments?post=4615"}],"version-history":[{"count":1,"href":"https:\/\/parashopnarimel.com\/ar\/wp-json\/wp\/v2\/product\/4615\/revisions"}],"predecessor-version":[{"id":4703,"href":"https:\/\/parashopnarimel.com\/ar\/wp-json\/wp\/v2\/product\/4615\/revisions\/4703"}],"wp:featuredmedia":[{"embeddable":true,"href":"https:\/\/parashopnarimel.com\/ar\/wp-json\/wp\/v2\/media\/4702"}],"wp:attachment":[{"href":"https:\/\/parashopnarimel.com\/ar\/wp-json\/wp\/v2\/media?parent=4615"}],"wp:term":[{"taxonomy":"product_brand","embeddable":true,"href":"https:\/\/parashopnarimel.com\/ar\/wp-json\/wp\/v2\/product_brand?post=4615"},{"taxonomy":"product_cat","embeddable":true,"href":"https:\/\/parashopnarimel.com\/ar\/wp-json\/wp\/v2\/product_cat?post=4615"},{"taxonomy":"product_tag","embeddable":true,"href":"https:\/\/parashopnarimel.com\/ar\/wp-json\/wp\/v2\/product_tag?post=4615"}],"curies":[{"name":"wp","href":"https:\/\/api.w.org\/{rel}","templated":true}]}}