{"id":4634,"date":"2024-12-29T07:27:34","date_gmt":"2024-12-29T07:27:34","guid":{"rendered":"https:\/\/parashopnarimel.com\/?post_type=product&#038;p=4634"},"modified":"2025-01-20T16:26:09","modified_gmt":"2025-01-20T16:26:09","slug":"la-roche-posay-effaclar-duo-spf30-40ml","status":"publish","type":"product","link":"https:\/\/parashopnarimel.com\/ar\/product\/la-roche-posay-effaclar-duo-spf30-40ml\/","title":{"rendered":"La Roche Posay Effaclar Duo+ Spf30 40Ml"},"content":{"rendered":"<p>Expos\u00e9es aux UV quotidens, les imperfections s\u2019aggravent et pr\u00e9sentent un risque d\u2019hyperpigmentation (marques rouges ou brunes).<br \/>\nEFFACLAR Duo(+) SPF 30 prot\u00e8ge la peau des UV gr\u00e2ce \u00e0 une haute protection SPF30, pour une action renforc\u00e9e contre les marques.<br \/>\n1\/ ACTION PR\u00c9VENTIVE CONTRE LES MARQUES<br \/>\nPr\u00e9vient l\u2019apparition des marques gr\u00e2ce au Proc\u00e9rad et au syt\u00e8me filtrant UVA\/UVB \u00a0[XL-PROTECT]<br \/>\n2\/ DIMINUTION DES IMPERFECTIONS<br \/>\nR\u00e9duit les imperfections s\u00e9v\u00e8res gr\u00e2ce \u00e0 un complexe d\u2019actifs anti-imperfections<br \/>\nFormule hypoallerg\u00e9nique<\/p>","protected":false},"excerpt":{"rendered":"<p>Soin complet anti-imperfections soin complet renforc\u00e9 \u00e0 l\u2019efficacit\u00e9 anti-imperfections, anti-marques, anti-r\u00e9cidive et anti-UV (SPF30).<\/p>","protected":false},"featured_media":4712,"comment_status":"open","ping_status":"closed","template":"","meta":[],"product_brand":[],"product_cat":[96,29],"product_tag":[],"class_list":{"0":"post-4634","1":"product","2":"type-product","3":"status-publish","4":"has-post-thumbnail","6":"product_cat-non-classe","7":"product_cat-creme","9":"first","10":"instock","11":"shipping-taxable","12":"purchasable","13":"product-type-simple"},"_links":{"self":[{"href":"https:\/\/parashopnarimel.com\/ar\/wp-json\/wp\/v2\/product\/4634","targetHints":{"allow":["GET"]}}],"collection":[{"href":"https:\/\/parashopnarimel.com\/ar\/wp-json\/wp\/v2\/product"}],"about":[{"href":"https:\/\/parashopnarimel.com\/ar\/wp-json\/wp\/v2\/types\/product"}],"replies":[{"embeddable":true,"href":"https:\/\/parashopnarimel.com\/ar\/wp-json\/wp\/v2\/comments?post=4634"}],"version-history":[{"count":2,"href":"https:\/\/parashopnarimel.com\/ar\/wp-json\/wp\/v2\/product\/4634\/revisions"}],"predecessor-version":[{"id":8215,"href":"https:\/\/parashopnarimel.com\/ar\/wp-json\/wp\/v2\/product\/4634\/revisions\/8215"}],"wp:featuredmedia":[{"embeddable":true,"href":"https:\/\/parashopnarimel.com\/ar\/wp-json\/wp\/v2\/media\/4712"}],"wp:attachment":[{"href":"https:\/\/parashopnarimel.com\/ar\/wp-json\/wp\/v2\/media?parent=4634"}],"wp:term":[{"taxonomy":"product_brand","embeddable":true,"href":"https:\/\/parashopnarimel.com\/ar\/wp-json\/wp\/v2\/product_brand?post=4634"},{"taxonomy":"product_cat","embeddable":true,"href":"https:\/\/parashopnarimel.com\/ar\/wp-json\/wp\/v2\/product_cat?post=4634"},{"taxonomy":"product_tag","embeddable":true,"href":"https:\/\/parashopnarimel.com\/ar\/wp-json\/wp\/v2\/product_tag?post=4634"}],"curies":[{"name":"wp","href":"https:\/\/api.w.org\/{rel}","templated":true}]}}