{"id":4652,"date":"2024-12-29T07:27:56","date_gmt":"2024-12-29T07:27:56","guid":{"rendered":"https:\/\/parashopnarimel.com\/?post_type=product&#038;p=4652"},"modified":"2025-05-13T17:00:26","modified_gmt":"2025-05-13T17:00:26","slug":"vichy-normaderm-gel-nettoyant-200ml","status":"publish","type":"product","link":"https:\/\/parashopnarimel.com\/ar\/product\/vichy-normaderm-gel-nettoyant-200ml\/","title":{"rendered":"Vichy Normaderm Gel Nettoyant 200Ml"},"content":{"rendered":"<p>Il purifie votre peau en profondeur.<br \/>\nEnrichi en acide salycilique totarol, le gel netoyant purifiantassure une action assainissante.<br \/>\nIl lutte contre les irritations.<br \/>\nSa texture \u00e0 la fois ultra-efficace et ultra-douce respecte votre peau, m\u00eame sensible.<\/p>","protected":false},"excerpt":{"rendered":"<p>Le gel nettoyant purifiant de vichy est un soin lavant destin\u00e9 pour les peaux \u00e0 imperfections. Sa texture g\u00e9lifi\u00e9e est ultra fraiche<\/p>","protected":false},"featured_media":4728,"comment_status":"open","ping_status":"closed","template":"","meta":[],"product_brand":[],"product_cat":[96,22],"product_tag":[],"class_list":{"0":"post-4652","1":"product","2":"type-product","3":"status-publish","4":"has-post-thumbnail","6":"product_cat-non-classe","7":"product_cat-nettoyant","9":"first","10":"instock","11":"shipping-taxable","12":"purchasable","13":"product-type-simple"},"_links":{"self":[{"href":"https:\/\/parashopnarimel.com\/ar\/wp-json\/wp\/v2\/product\/4652","targetHints":{"allow":["GET"]}}],"collection":[{"href":"https:\/\/parashopnarimel.com\/ar\/wp-json\/wp\/v2\/product"}],"about":[{"href":"https:\/\/parashopnarimel.com\/ar\/wp-json\/wp\/v2\/types\/product"}],"replies":[{"embeddable":true,"href":"https:\/\/parashopnarimel.com\/ar\/wp-json\/wp\/v2\/comments?post=4652"}],"version-history":[{"count":1,"href":"https:\/\/parashopnarimel.com\/ar\/wp-json\/wp\/v2\/product\/4652\/revisions"}],"predecessor-version":[{"id":4729,"href":"https:\/\/parashopnarimel.com\/ar\/wp-json\/wp\/v2\/product\/4652\/revisions\/4729"}],"wp:featuredmedia":[{"embeddable":true,"href":"https:\/\/parashopnarimel.com\/ar\/wp-json\/wp\/v2\/media\/4728"}],"wp:attachment":[{"href":"https:\/\/parashopnarimel.com\/ar\/wp-json\/wp\/v2\/media?parent=4652"}],"wp:term":[{"taxonomy":"product_brand","embeddable":true,"href":"https:\/\/parashopnarimel.com\/ar\/wp-json\/wp\/v2\/product_brand?post=4652"},{"taxonomy":"product_cat","embeddable":true,"href":"https:\/\/parashopnarimel.com\/ar\/wp-json\/wp\/v2\/product_cat?post=4652"},{"taxonomy":"product_tag","embeddable":true,"href":"https:\/\/parashopnarimel.com\/ar\/wp-json\/wp\/v2\/product_tag?post=4652"}],"curies":[{"name":"wp","href":"https:\/\/api.w.org\/{rel}","templated":true}]}}