{"id":4653,"date":"2024-12-29T07:27:56","date_gmt":"2024-12-29T07:27:56","guid":{"rendered":"https:\/\/parashopnarimel.com\/?post_type=product&#038;p=4653"},"modified":"2025-01-20T16:27:05","modified_gmt":"2025-01-20T16:27:05","slug":"vichy-kera-solutions-shampooing-250ml","status":"publish","type":"product","link":"https:\/\/parashopnarimel.com\/ar\/product\/vichy-kera-solutions-shampooing-250ml\/","title":{"rendered":"Vichy Kera-Solutions Shampooing 250Ml"},"content":{"rendered":"<p>R\u00c9PARE LES CHEVEUX D\u00c8S LA PREMI\u00c8RE UTILISATION<br \/>\nNOURRIT LA FIBRE CAPILLAIRE<br \/>\nN\u2019ALOURDIT PAS LES CHEVEUX<br \/>\nD\u00c9M\u00c8LE<br \/>\nDOUCEUR ET BRILLANCE DES CHEVEUX<\/p>","protected":false},"excerpt":{"rendered":"<p>Le Shampooing Reconstituant associe une formule micro-comblante au COMPLEXE PRO-K\u00c9RATINE pour r\u00e9parer les cheveux d\u00e8s la premi\u00e8re utilisation<\/p>","protected":false},"featured_media":4730,"comment_status":"open","ping_status":"closed","template":"","meta":[],"product_brand":[],"product_cat":[33,1361],"product_tag":[],"class_list":{"0":"post-4653","1":"product","2":"type-product","3":"status-publish","4":"has-post-thumbnail","6":"product_cat-cheveux","7":"product_cat-shampoings-pellicules-anti-chute","9":"first","10":"instock","11":"shipping-taxable","12":"purchasable","13":"product-type-simple"},"_links":{"self":[{"href":"https:\/\/parashopnarimel.com\/ar\/wp-json\/wp\/v2\/product\/4653","targetHints":{"allow":["GET"]}}],"collection":[{"href":"https:\/\/parashopnarimel.com\/ar\/wp-json\/wp\/v2\/product"}],"about":[{"href":"https:\/\/parashopnarimel.com\/ar\/wp-json\/wp\/v2\/types\/product"}],"replies":[{"embeddable":true,"href":"https:\/\/parashopnarimel.com\/ar\/wp-json\/wp\/v2\/comments?post=4653"}],"version-history":[{"count":2,"href":"https:\/\/parashopnarimel.com\/ar\/wp-json\/wp\/v2\/product\/4653\/revisions"}],"predecessor-version":[{"id":8303,"href":"https:\/\/parashopnarimel.com\/ar\/wp-json\/wp\/v2\/product\/4653\/revisions\/8303"}],"wp:featuredmedia":[{"embeddable":true,"href":"https:\/\/parashopnarimel.com\/ar\/wp-json\/wp\/v2\/media\/4730"}],"wp:attachment":[{"href":"https:\/\/parashopnarimel.com\/ar\/wp-json\/wp\/v2\/media?parent=4653"}],"wp:term":[{"taxonomy":"product_brand","embeddable":true,"href":"https:\/\/parashopnarimel.com\/ar\/wp-json\/wp\/v2\/product_brand?post=4653"},{"taxonomy":"product_cat","embeddable":true,"href":"https:\/\/parashopnarimel.com\/ar\/wp-json\/wp\/v2\/product_cat?post=4653"},{"taxonomy":"product_tag","embeddable":true,"href":"https:\/\/parashopnarimel.com\/ar\/wp-json\/wp\/v2\/product_tag?post=4653"}],"curies":[{"name":"wp","href":"https:\/\/api.w.org\/{rel}","templated":true}]}}