{"id":4808,"date":"2024-12-29T07:30:38","date_gmt":"2024-12-29T07:30:38","guid":{"rendered":"https:\/\/parashopnarimel.com\/?post_type=product&#038;p=4808"},"modified":"2025-01-20T16:32:36","modified_gmt":"2025-01-20T16:32:36","slug":"cerave-creme-lavante-hydratante-473ml","status":"publish","type":"product","link":"https:\/\/parashopnarimel.com\/ar\/product\/cerave-creme-lavante-hydratante-473ml\/","title":{"rendered":"Cerave Cr\u00e8me Lavante Hydratante 473Ml"},"content":{"rendered":"<p>D\u00e9velopp\u00e9e avec des dermatologues, la Cr\u00e8me Lavante Hydratante CeraVe nettoie et hydrate efficacement sans alt\u00e9rer la barri\u00e8re protectrice de la peau. Enrichie aux 3 c\u00e9ramides essentiels (1, 3, 6-II) et acide hyaluronique, cette cr\u00e8me onctueuse, non moussante, nettoie et hydrate la peau d\u00e8s la premi\u00e8re utilisation, tout en laissant un fini de peau doux et soyeux.<\/p>","protected":false},"excerpt":{"rendered":"<p>Cr\u00e8me lavante hydratante de CeraVe nettoie et hydrate en douceur, aide \u00e0 renforcer la barri\u00e8re protectrice de la peau.<\/p>","protected":false},"featured_media":4884,"comment_status":"open","ping_status":"closed","template":"","meta":[],"product_brand":[],"product_cat":[96,22,2912],"product_tag":[],"class_list":{"0":"post-4808","1":"product","2":"type-product","3":"status-publish","4":"has-post-thumbnail","6":"product_cat-non-classe","7":"product_cat-nettoyant","8":"product_cat-nettoyant-corps","10":"first","11":"instock","12":"sale","13":"shipping-taxable","14":"purchasable","15":"product-type-simple"},"_links":{"self":[{"href":"https:\/\/parashopnarimel.com\/ar\/wp-json\/wp\/v2\/product\/4808","targetHints":{"allow":["GET"]}}],"collection":[{"href":"https:\/\/parashopnarimel.com\/ar\/wp-json\/wp\/v2\/product"}],"about":[{"href":"https:\/\/parashopnarimel.com\/ar\/wp-json\/wp\/v2\/types\/product"}],"replies":[{"embeddable":true,"href":"https:\/\/parashopnarimel.com\/ar\/wp-json\/wp\/v2\/comments?post=4808"}],"version-history":[{"count":2,"href":"https:\/\/parashopnarimel.com\/ar\/wp-json\/wp\/v2\/product\/4808\/revisions"}],"predecessor-version":[{"id":12022,"href":"https:\/\/parashopnarimel.com\/ar\/wp-json\/wp\/v2\/product\/4808\/revisions\/12022"}],"wp:featuredmedia":[{"embeddable":true,"href":"https:\/\/parashopnarimel.com\/ar\/wp-json\/wp\/v2\/media\/4884"}],"wp:attachment":[{"href":"https:\/\/parashopnarimel.com\/ar\/wp-json\/wp\/v2\/media?parent=4808"}],"wp:term":[{"taxonomy":"product_brand","embeddable":true,"href":"https:\/\/parashopnarimel.com\/ar\/wp-json\/wp\/v2\/product_brand?post=4808"},{"taxonomy":"product_cat","embeddable":true,"href":"https:\/\/parashopnarimel.com\/ar\/wp-json\/wp\/v2\/product_cat?post=4808"},{"taxonomy":"product_tag","embeddable":true,"href":"https:\/\/parashopnarimel.com\/ar\/wp-json\/wp\/v2\/product_tag?post=4808"}],"curies":[{"name":"wp","href":"https:\/\/api.w.org\/{rel}","templated":true}]}}