{"id":4809,"date":"2024-12-29T07:30:39","date_gmt":"2024-12-29T07:30:39","guid":{"rendered":"https:\/\/parashopnarimel.com\/?post_type=product&#038;p=4809"},"modified":"2025-01-20T16:33:27","modified_gmt":"2025-01-20T16:33:27","slug":"cerave-gel-moussant-236ml","status":"publish","type":"product","link":"https:\/\/parashopnarimel.com\/ar\/product\/cerave-gel-moussant-236ml\/","title":{"rendered":"Cerave Gel Moussant 236Ml"},"content":{"rendered":"<p>D\u00e9velopp\u00e9 avec des dermatologues, le Gel Moussant CeraVe nettoie en douceur, purifie en profondeur sans alt\u00e9rer la barri\u00e8re naturelle de la peau. Ce gel purifiant, aux 3 c\u00e9ramides essentiels et \u00e0 l\u2019acide hyaluronique, \u00e9limine efficacement l\u2019exc\u00e8s de sebum, les impuret\u00e9s et le maquillage.<\/p>","protected":false},"excerpt":{"rendered":"<p>Gel nettoyant moussant CeraVe nettoie et \u00e9limine l\u2019exc\u00e8s de s\u00e9bum sans alt\u00e9rer la barri\u00e8re protectrice de la peau<\/p>","protected":false},"featured_media":4893,"comment_status":"open","ping_status":"closed","template":"","meta":[],"product_brand":[],"product_cat":[96,22,2912],"product_tag":[],"class_list":{"0":"post-4809","1":"product","2":"type-product","3":"status-publish","4":"has-post-thumbnail","6":"product_cat-non-classe","7":"product_cat-nettoyant","8":"product_cat-nettoyant-corps","10":"first","11":"instock","12":"sale","13":"shipping-taxable","14":"purchasable","15":"product-type-simple"},"_links":{"self":[{"href":"https:\/\/parashopnarimel.com\/ar\/wp-json\/wp\/v2\/product\/4809","targetHints":{"allow":["GET"]}}],"collection":[{"href":"https:\/\/parashopnarimel.com\/ar\/wp-json\/wp\/v2\/product"}],"about":[{"href":"https:\/\/parashopnarimel.com\/ar\/wp-json\/wp\/v2\/types\/product"}],"replies":[{"embeddable":true,"href":"https:\/\/parashopnarimel.com\/ar\/wp-json\/wp\/v2\/comments?post=4809"}],"version-history":[{"count":3,"href":"https:\/\/parashopnarimel.com\/ar\/wp-json\/wp\/v2\/product\/4809\/revisions"}],"predecessor-version":[{"id":12021,"href":"https:\/\/parashopnarimel.com\/ar\/wp-json\/wp\/v2\/product\/4809\/revisions\/12021"}],"wp:featuredmedia":[{"embeddable":true,"href":"https:\/\/parashopnarimel.com\/ar\/wp-json\/wp\/v2\/media\/4893"}],"wp:attachment":[{"href":"https:\/\/parashopnarimel.com\/ar\/wp-json\/wp\/v2\/media?parent=4809"}],"wp:term":[{"taxonomy":"product_brand","embeddable":true,"href":"https:\/\/parashopnarimel.com\/ar\/wp-json\/wp\/v2\/product_brand?post=4809"},{"taxonomy":"product_cat","embeddable":true,"href":"https:\/\/parashopnarimel.com\/ar\/wp-json\/wp\/v2\/product_cat?post=4809"},{"taxonomy":"product_tag","embeddable":true,"href":"https:\/\/parashopnarimel.com\/ar\/wp-json\/wp\/v2\/product_tag?post=4809"}],"curies":[{"name":"wp","href":"https:\/\/api.w.org\/{rel}","templated":true}]}}