{"id":5366,"date":"2024-12-29T07:40:38","date_gmt":"2024-12-29T07:40:38","guid":{"rendered":"https:\/\/parashopnarimel.com\/?post_type=product&#038;p=5366"},"modified":"2025-01-20T16:25:36","modified_gmt":"2025-01-20T16:25:36","slug":"shampooing-fortifiant-cheveux-normaux-200ml","status":"publish","type":"product","link":"https:\/\/parashopnarimel.com\/ar\/product\/shampooing-fortifiant-cheveux-normaux-200ml\/","title":{"rendered":"Shampooing Fortifiant Cheveux Normaux   200Ml"},"content":{"rendered":"<p>LUXEOL<br \/>\nShampooing Fortifiant<br \/>\nRedonne force et vitalit\u00e9 aux cheveux<br \/>\nA la Provitamine B5 et Vitamine PP<br \/>\nCheveux normaux<br \/>\n200ml<br \/>\nVos cheveux manquent de force ?<br \/>\nVous recherchez un shampooing qui redonne de la vitalit\u00e9\u00a0\u00e0 vos cheveux ?<br \/>\nChoisissez le Shampooing Fortifiant Lux\u00e9ol.<br \/>\nGr\u00e2ce \u00e0 sa formule enrichie en provitamine B5 et en vitamine PP, le Shampooing Fortifiant Lux\u00e9ol tonifie la fibre capillaire d\u00e8s la racine.<br \/>\nVos cheveux sont tonifi\u00e9s, fortifi\u00e9s\u00a0et rayonnants de beaut\u00e9.<\/p>","protected":false},"excerpt":{"rendered":"<p>LUXEOL Shampooing Fortifiant Redonne force et vitalit\u00e9 aux cheveux A la Provitamine B5 et Vitamine PP Cheveux normaux 200ml Vos<\/p>","protected":false},"featured_media":5448,"comment_status":"open","ping_status":"closed","template":"","meta":[],"product_brand":[],"product_cat":[33,1361],"product_tag":[],"class_list":{"0":"post-5366","1":"product","2":"type-product","3":"status-publish","4":"has-post-thumbnail","6":"product_cat-cheveux","7":"product_cat-shampoings-pellicules-anti-chute","9":"first","10":"instock","11":"shipping-taxable","12":"purchasable","13":"product-type-simple"},"_links":{"self":[{"href":"https:\/\/parashopnarimel.com\/ar\/wp-json\/wp\/v2\/product\/5366","targetHints":{"allow":["GET"]}}],"collection":[{"href":"https:\/\/parashopnarimel.com\/ar\/wp-json\/wp\/v2\/product"}],"about":[{"href":"https:\/\/parashopnarimel.com\/ar\/wp-json\/wp\/v2\/types\/product"}],"replies":[{"embeddable":true,"href":"https:\/\/parashopnarimel.com\/ar\/wp-json\/wp\/v2\/comments?post=5366"}],"version-history":[{"count":1,"href":"https:\/\/parashopnarimel.com\/ar\/wp-json\/wp\/v2\/product\/5366\/revisions"}],"predecessor-version":[{"id":5449,"href":"https:\/\/parashopnarimel.com\/ar\/wp-json\/wp\/v2\/product\/5366\/revisions\/5449"}],"wp:featuredmedia":[{"embeddable":true,"href":"https:\/\/parashopnarimel.com\/ar\/wp-json\/wp\/v2\/media\/5448"}],"wp:attachment":[{"href":"https:\/\/parashopnarimel.com\/ar\/wp-json\/wp\/v2\/media?parent=5366"}],"wp:term":[{"taxonomy":"product_brand","embeddable":true,"href":"https:\/\/parashopnarimel.com\/ar\/wp-json\/wp\/v2\/product_brand?post=5366"},{"taxonomy":"product_cat","embeddable":true,"href":"https:\/\/parashopnarimel.com\/ar\/wp-json\/wp\/v2\/product_cat?post=5366"},{"taxonomy":"product_tag","embeddable":true,"href":"https:\/\/parashopnarimel.com\/ar\/wp-json\/wp\/v2\/product_tag?post=5366"}],"curies":[{"name":"wp","href":"https:\/\/api.w.org\/{rel}","templated":true}]}}