{"id":5385,"date":"2024-12-29T07:41:01","date_gmt":"2024-12-29T07:41:01","guid":{"rendered":"https:\/\/parashopnarimel.com\/?post_type=product&#038;p=5385"},"modified":"2025-01-20T16:24:26","modified_gmt":"2025-01-20T16:24:26","slug":"spray-antichute-100ml-luxeol","status":"publish","type":"product","link":"https:\/\/parashopnarimel.com\/ar\/product\/spray-antichute-100ml-luxeol\/","title":{"rendered":"Spray Antichute 100Ml Luxeol"},"content":{"rendered":"<p>Le\u00a0spray antichute LUXEOL\u00a0permet de diminuer consid\u00e9rablement la chute des cheveux.<br \/>\nIl divise par\u00a0deux\u00a0la chute des cheveux.<br \/>\nLe spray a cliniquement \u00e9t\u00e9 prouv\u00e9e avec une diminution de 100% de la chute des cheveux.<br \/>\nConvient parfaitement aux personnes qui ont les\u00a0cheveux fragiles.<br \/>\nIls retrouvent\u00a0force\u00a0et\u00a0sant\u00e9\u00a0gr\u00e2ce au spray LUXEOL.<\/p>","protected":false},"excerpt":{"rendered":"<p>Le\u00a0spray antichute LUXEOL\u00a0permet de diminuer consid\u00e9rablement la chute des cheveux. Il divise par\u00a0deux\u00a0la chute des cheveux. Le spray a cliniquement<\/p>","protected":false},"featured_media":5462,"comment_status":"open","ping_status":"closed","template":"","meta":[],"product_brand":[],"product_cat":[33,2920],"product_tag":[],"class_list":{"0":"post-5385","1":"product","2":"type-product","3":"status-publish","4":"has-post-thumbnail","6":"product_cat-cheveux","7":"product_cat-huiles-et-spray","9":"first","10":"instock","11":"shipping-taxable","12":"purchasable","13":"product-type-simple"},"_links":{"self":[{"href":"https:\/\/parashopnarimel.com\/ar\/wp-json\/wp\/v2\/product\/5385","targetHints":{"allow":["GET"]}}],"collection":[{"href":"https:\/\/parashopnarimel.com\/ar\/wp-json\/wp\/v2\/product"}],"about":[{"href":"https:\/\/parashopnarimel.com\/ar\/wp-json\/wp\/v2\/types\/product"}],"replies":[{"embeddable":true,"href":"https:\/\/parashopnarimel.com\/ar\/wp-json\/wp\/v2\/comments?post=5385"}],"version-history":[{"count":1,"href":"https:\/\/parashopnarimel.com\/ar\/wp-json\/wp\/v2\/product\/5385\/revisions"}],"predecessor-version":[{"id":5463,"href":"https:\/\/parashopnarimel.com\/ar\/wp-json\/wp\/v2\/product\/5385\/revisions\/5463"}],"wp:featuredmedia":[{"embeddable":true,"href":"https:\/\/parashopnarimel.com\/ar\/wp-json\/wp\/v2\/media\/5462"}],"wp:attachment":[{"href":"https:\/\/parashopnarimel.com\/ar\/wp-json\/wp\/v2\/media?parent=5385"}],"wp:term":[{"taxonomy":"product_brand","embeddable":true,"href":"https:\/\/parashopnarimel.com\/ar\/wp-json\/wp\/v2\/product_brand?post=5385"},{"taxonomy":"product_cat","embeddable":true,"href":"https:\/\/parashopnarimel.com\/ar\/wp-json\/wp\/v2\/product_cat?post=5385"},{"taxonomy":"product_tag","embeddable":true,"href":"https:\/\/parashopnarimel.com\/ar\/wp-json\/wp\/v2\/product_tag?post=5385"}],"curies":[{"name":"wp","href":"https:\/\/api.w.org\/{rel}","templated":true}]}}