{"id":5386,"date":"2024-12-29T07:41:01","date_gmt":"2024-12-29T07:41:01","guid":{"rendered":"https:\/\/parashopnarimel.com\/?post_type=product&#038;p=5386"},"modified":"2025-01-20T16:24:51","modified_gmt":"2025-01-20T16:24:51","slug":"shampooing-anti-chute-a-la-keratine-200ml-luxeol-200ml","status":"publish","type":"product","link":"https:\/\/parashopnarimel.com\/ar\/product\/shampooing-anti-chute-a-la-keratine-200ml-luxeol-200ml\/","title":{"rendered":"Shampooing Anti-Chute A La Keratine 200Ml Luxeol  200Ml"},"content":{"rendered":"<p>Le shampooing Antichute \u00e0 la k\u00e9ratine* diminue la chute des cheveux de 42% et apporte brillance, volume et hydratation aux cheveux.<br \/>\n*au d\u00e9riv\u00e9 de la K\u00e9ratine.<\/p>","protected":false},"excerpt":{"rendered":"<p>Le shampooing Antichute \u00e0 la k\u00e9ratine* diminue la chute des cheveux de 42% et apporte brillance, volume et hydratation aux<\/p>","protected":false},"featured_media":5464,"comment_status":"open","ping_status":"closed","template":"","meta":[],"product_brand":[],"product_cat":[33,1361],"product_tag":[],"class_list":{"0":"post-5386","1":"product","2":"type-product","3":"status-publish","4":"has-post-thumbnail","6":"product_cat-cheveux","7":"product_cat-shampoings-pellicules-anti-chute","9":"first","10":"instock","11":"shipping-taxable","12":"purchasable","13":"product-type-simple"},"_links":{"self":[{"href":"https:\/\/parashopnarimel.com\/ar\/wp-json\/wp\/v2\/product\/5386","targetHints":{"allow":["GET"]}}],"collection":[{"href":"https:\/\/parashopnarimel.com\/ar\/wp-json\/wp\/v2\/product"}],"about":[{"href":"https:\/\/parashopnarimel.com\/ar\/wp-json\/wp\/v2\/types\/product"}],"replies":[{"embeddable":true,"href":"https:\/\/parashopnarimel.com\/ar\/wp-json\/wp\/v2\/comments?post=5386"}],"version-history":[{"count":1,"href":"https:\/\/parashopnarimel.com\/ar\/wp-json\/wp\/v2\/product\/5386\/revisions"}],"predecessor-version":[{"id":5465,"href":"https:\/\/parashopnarimel.com\/ar\/wp-json\/wp\/v2\/product\/5386\/revisions\/5465"}],"wp:featuredmedia":[{"embeddable":true,"href":"https:\/\/parashopnarimel.com\/ar\/wp-json\/wp\/v2\/media\/5464"}],"wp:attachment":[{"href":"https:\/\/parashopnarimel.com\/ar\/wp-json\/wp\/v2\/media?parent=5386"}],"wp:term":[{"taxonomy":"product_brand","embeddable":true,"href":"https:\/\/parashopnarimel.com\/ar\/wp-json\/wp\/v2\/product_brand?post=5386"},{"taxonomy":"product_cat","embeddable":true,"href":"https:\/\/parashopnarimel.com\/ar\/wp-json\/wp\/v2\/product_cat?post=5386"},{"taxonomy":"product_tag","embeddable":true,"href":"https:\/\/parashopnarimel.com\/ar\/wp-json\/wp\/v2\/product_tag?post=5386"}],"curies":[{"name":"wp","href":"https:\/\/api.w.org\/{rel}","templated":true}]}}