{"id":5388,"date":"2024-12-29T07:41:01","date_gmt":"2024-12-29T07:41:01","guid":{"rendered":"https:\/\/parashopnarimel.com\/?post_type=product&#038;p=5388"},"modified":"2025-05-05T01:37:26","modified_gmt":"2025-05-05T01:37:26","slug":"chute-de-cheveux-30-capsules-luxeol-luxeol","status":"publish","type":"product","link":"https:\/\/parashopnarimel.com\/ar\/product\/chute-de-cheveux-30-capsules-luxeol-luxeol\/","title":{"rendered":"Chute De Cheveux 30 Capsules Luxeol Luxeol"},"content":{"rendered":"<p>Lux\u00e9ol Chute de cheveux est un compl\u00e9ment alimentaire.<\/p>\n<p>La\u00a0Pr\u00eale des champs\u00a0favorise la croissance et la fortification des cheveux.<br \/>\nLa\u00a0Myrtille\u00a0active la microcirculation du cuir chevelu.<br \/>\nLa\u00a0vitamine B6\u00a0contribue \u00e0 la synth\u00e8se normale de la cyst\u00e9ine.<br \/>\nLe\u00a0zinc\u00a0contribue au maintien de cheveux normaux.<\/p>","protected":false},"excerpt":{"rendered":"<p>Lux\u00e9ol Chute de cheveux est un compl\u00e9ment alimentaire. La\u00a0Pr\u00eale des champs\u00a0favorise la croissance et la fortification des cheveux. La\u00a0Myrtille\u00a0active la<\/p>","protected":false},"featured_media":5468,"comment_status":"open","ping_status":"closed","template":"","meta":[],"product_brand":[],"product_cat":[33,2922,2890],"product_tag":[],"class_list":{"0":"post-5388","1":"product","2":"type-product","3":"status-publish","4":"has-post-thumbnail","6":"product_cat-cheveux","7":"product_cat-complements","8":"product_cat-complements-alimentaires","10":"first","11":"instock","12":"shipping-taxable","13":"purchasable","14":"product-type-simple"},"_links":{"self":[{"href":"https:\/\/parashopnarimel.com\/ar\/wp-json\/wp\/v2\/product\/5388","targetHints":{"allow":["GET"]}}],"collection":[{"href":"https:\/\/parashopnarimel.com\/ar\/wp-json\/wp\/v2\/product"}],"about":[{"href":"https:\/\/parashopnarimel.com\/ar\/wp-json\/wp\/v2\/types\/product"}],"replies":[{"embeddable":true,"href":"https:\/\/parashopnarimel.com\/ar\/wp-json\/wp\/v2\/comments?post=5388"}],"version-history":[{"count":1,"href":"https:\/\/parashopnarimel.com\/ar\/wp-json\/wp\/v2\/product\/5388\/revisions"}],"predecessor-version":[{"id":5469,"href":"https:\/\/parashopnarimel.com\/ar\/wp-json\/wp\/v2\/product\/5388\/revisions\/5469"}],"wp:featuredmedia":[{"embeddable":true,"href":"https:\/\/parashopnarimel.com\/ar\/wp-json\/wp\/v2\/media\/5468"}],"wp:attachment":[{"href":"https:\/\/parashopnarimel.com\/ar\/wp-json\/wp\/v2\/media?parent=5388"}],"wp:term":[{"taxonomy":"product_brand","embeddable":true,"href":"https:\/\/parashopnarimel.com\/ar\/wp-json\/wp\/v2\/product_brand?post=5388"},{"taxonomy":"product_cat","embeddable":true,"href":"https:\/\/parashopnarimel.com\/ar\/wp-json\/wp\/v2\/product_cat?post=5388"},{"taxonomy":"product_tag","embeddable":true,"href":"https:\/\/parashopnarimel.com\/ar\/wp-json\/wp\/v2\/product_tag?post=5388"}],"curies":[{"name":"wp","href":"https:\/\/api.w.org\/{rel}","templated":true}]}}