{"id":5389,"date":"2024-12-29T07:41:01","date_gmt":"2024-12-29T07:41:01","guid":{"rendered":"https:\/\/parashopnarimel.com\/?post_type=product&#038;p=5389"},"modified":"2025-01-20T16:48:45","modified_gmt":"2025-01-20T16:48:45","slug":"pousse-croissance-et-fortification-90-gelules-luxeol-luxeol","status":"publish","type":"product","link":"https:\/\/parashopnarimel.com\/ar\/product\/pousse-croissance-et-fortification-90-gelules-luxeol-luxeol\/","title":{"rendered":"Pousse Croissance Et Fortification 90 Gelules Luxeol Luxeol"},"content":{"rendered":"<p>Le compl\u00e9ment alimentaire Lux\u00e9ol Pousse\u00a0(1)\u00a0Croissance &amp; Fortification\u00a0(2)\u00a0est compos\u00e9 de plantes, vitamines et min\u00e9raux\u00a0: Roquette, Pr\u00eale des champs, Zinc, Vitamine B6, Cuivre, S\u00e9l\u00e9nium, Vitamine B8.<br \/>\n(1) La roquette Participe \u00e0 la stimulation du bulbe capillaire, favorisant la pousse des cheveux<br \/>\n(2) La pr\u00eale des champs Am\u00e9liore l\u2019\u00e9tat et favorise la croissance et la fortification des cheveux<br \/>\n3) Le cuivre Contribue \u00e0 la pigmentation normale des cheveux<br \/>\n(4) La vitamine B8 Contribue au maintien de cheveux normaux<br \/>\n(5) Le s\u00e9l\u00e9nium Contribue au maintien de cheveux normaux<br \/>\n(6) Le zinc Contribue au maintien de cheveux normaux<br \/>\nGr\u00e2ce \u00e0 ses ingr\u00e9dients, Lux\u00e9ol Pousse (1) Croissance &amp; Fortification (2) :<br \/>\nFavorise la pousse : Gr\u00e2ce \u00e0 la roquette (1)<br \/>\nAm\u00e9liore l\u2019\u00e9tat des cheveux : Gr\u00e2ce \u00e0 la pr\u00eale des champs (2)<br \/>\nFavorise la croissance des cheveux : Gr\u00e2ce \u00e0 la pr\u00eale des champs (2)<br \/>\nFavorise la fortification des cheveux : Gr\u00e2ce \u00e0 la pr\u00eale des champs (2)<br \/>\nNutravalia<\/p>","protected":false},"excerpt":{"rendered":"<p>Le compl\u00e9ment alimentaire Lux\u00e9ol Pousse\u00a0(1)\u00a0Croissance &amp; Fortification\u00a0(2)\u00a0est compos\u00e9 de plantes, vitamines et min\u00e9raux\u00a0: Roquette, Pr\u00eale des champs, Zinc, Vitamine B6,<\/p>","protected":false},"featured_media":5470,"comment_status":"open","ping_status":"closed","template":"","meta":[],"product_brand":[],"product_cat":[33,2922,2890],"product_tag":[],"class_list":{"0":"post-5389","1":"product","2":"type-product","3":"status-publish","4":"has-post-thumbnail","6":"product_cat-cheveux","7":"product_cat-complements","8":"product_cat-complements-alimentaires","10":"first","11":"instock","12":"shipping-taxable","13":"purchasable","14":"product-type-simple"},"_links":{"self":[{"href":"https:\/\/parashopnarimel.com\/ar\/wp-json\/wp\/v2\/product\/5389","targetHints":{"allow":["GET"]}}],"collection":[{"href":"https:\/\/parashopnarimel.com\/ar\/wp-json\/wp\/v2\/product"}],"about":[{"href":"https:\/\/parashopnarimel.com\/ar\/wp-json\/wp\/v2\/types\/product"}],"replies":[{"embeddable":true,"href":"https:\/\/parashopnarimel.com\/ar\/wp-json\/wp\/v2\/comments?post=5389"}],"version-history":[{"count":2,"href":"https:\/\/parashopnarimel.com\/ar\/wp-json\/wp\/v2\/product\/5389\/revisions"}],"predecessor-version":[{"id":8250,"href":"https:\/\/parashopnarimel.com\/ar\/wp-json\/wp\/v2\/product\/5389\/revisions\/8250"}],"wp:featuredmedia":[{"embeddable":true,"href":"https:\/\/parashopnarimel.com\/ar\/wp-json\/wp\/v2\/media\/5470"}],"wp:attachment":[{"href":"https:\/\/parashopnarimel.com\/ar\/wp-json\/wp\/v2\/media?parent=5389"}],"wp:term":[{"taxonomy":"product_brand","embeddable":true,"href":"https:\/\/parashopnarimel.com\/ar\/wp-json\/wp\/v2\/product_brand?post=5389"},{"taxonomy":"product_cat","embeddable":true,"href":"https:\/\/parashopnarimel.com\/ar\/wp-json\/wp\/v2\/product_cat?post=5389"},{"taxonomy":"product_tag","embeddable":true,"href":"https:\/\/parashopnarimel.com\/ar\/wp-json\/wp\/v2\/product_tag?post=5389"}],"curies":[{"name":"wp","href":"https:\/\/api.w.org\/{rel}","templated":true}]}}