{"id":5408,"date":"2024-12-29T07:41:23","date_gmt":"2024-12-29T07:41:23","guid":{"rendered":"https:\/\/parashopnarimel.com\/?post_type=product&#038;p=5408"},"modified":"2025-08-27T15:04:59","modified_gmt":"2025-08-27T15:04:59","slug":"niacinamide-10-zinc-1","status":"publish","type":"product","link":"https:\/\/parashopnarimel.com\/ar\/product\/niacinamide-10-zinc-1\/","title":{"rendered":"Niacinamide 10% + Zinc 1%"},"content":{"rendered":"<p>The Ordinary Niacinamide : est un s\u00e9rum de traitement dermatologique pour les imperfections et \u00e9quilibrer le s\u00e9bum. Niacinamide 10% + Zinc 1% : formule anti-imperfections en vitamines et min\u00e9raux haute r\u00e9sistance de Deciem.<br \/>\nLa niacinamide et la vitamine B3 sont indiqu\u00e9s pour r\u00e9duire l\u2019apparition d\u2019imperfections cutan\u00e9es et la congestion. Une forte concentration de 10% de cette vitamine repose sur la formule \u00e0 l\u2019aide de sel de zinc d\u2019acide carboxylique de pyrolidone pour \u00e9quilibrer les effets visibles de l\u2019activit\u00e9 du s\u00e9bo.<br \/>\nContre-indications : si vous utilisez de la vitamine C par voie topique dans le traitement, elle doit \u00eatre appliqu\u00e9e \u00e0 diff\u00e9rentes heures de cette formule (id\u00e9alement, la vitamine C l\u2019apr\u00e8s-midi et cette formule le matin). Sinon, la niacinamde peut affecter l\u2019int\u00e9grit\u00e9 de la vitamine C pure (acide L-ascorbique).<br \/>\nRemarque : bien que le niacinamde et le zinc PCA r\u00e9duisent l\u2019apparence des imperfections de la peau et \u00e9quilibre l\u2019activit\u00e9 de s\u00e9bum visible, il ne s\u2019agit pas d\u2019un traitement anti-acn\u00e9. Pour les maladies li\u00e9es \u00e0 l\u2019acn\u00e9 persistant, il est recommand\u00e9 d\u2019utiliser du peroxyde de benzo\u00efle et de l\u2019acide r\u00e9tino\u00efque. Deciem ne recommande pas l\u2019utilisation d\u2019acide salicylique.<br \/>\nLa formule he Ordinary Niacinamide + Zinc peut \u00eatre utilis\u00e9e avec des traitements anti-acn\u00e9 si vous voulez obtenir plus de b\u00e9n\u00e9fices visibles sur la peau. Instructions : appliquer le s\u00e9rum Niacinamide + Zinc sur tout le visage le matin et le soir avant de cr\u00e8mes plus denses.<\/p>","protected":false},"excerpt":{"rendered":"<p>Une formule vegan ultra-concentr\u00e9e en vitamines et min\u00e9raux pour lutter contre les imperfections et \u2026<\/p>","protected":false},"featured_media":5487,"comment_status":"open","ping_status":"closed","template":"","meta":[],"product_brand":[],"product_cat":[96],"product_tag":[],"class_list":{"0":"post-5408","1":"product","2":"type-product","3":"status-publish","4":"has-post-thumbnail","6":"product_cat-non-classe","8":"first","9":"instock","10":"shipping-taxable","11":"purchasable","12":"product-type-simple"},"_links":{"self":[{"href":"https:\/\/parashopnarimel.com\/ar\/wp-json\/wp\/v2\/product\/5408","targetHints":{"allow":["GET"]}}],"collection":[{"href":"https:\/\/parashopnarimel.com\/ar\/wp-json\/wp\/v2\/product"}],"about":[{"href":"https:\/\/parashopnarimel.com\/ar\/wp-json\/wp\/v2\/types\/product"}],"replies":[{"embeddable":true,"href":"https:\/\/parashopnarimel.com\/ar\/wp-json\/wp\/v2\/comments?post=5408"}],"version-history":[{"count":3,"href":"https:\/\/parashopnarimel.com\/ar\/wp-json\/wp\/v2\/product\/5408\/revisions"}],"predecessor-version":[{"id":13053,"href":"https:\/\/parashopnarimel.com\/ar\/wp-json\/wp\/v2\/product\/5408\/revisions\/13053"}],"wp:featuredmedia":[{"embeddable":true,"href":"https:\/\/parashopnarimel.com\/ar\/wp-json\/wp\/v2\/media\/5487"}],"wp:attachment":[{"href":"https:\/\/parashopnarimel.com\/ar\/wp-json\/wp\/v2\/media?parent=5408"}],"wp:term":[{"taxonomy":"product_brand","embeddable":true,"href":"https:\/\/parashopnarimel.com\/ar\/wp-json\/wp\/v2\/product_brand?post=5408"},{"taxonomy":"product_cat","embeddable":true,"href":"https:\/\/parashopnarimel.com\/ar\/wp-json\/wp\/v2\/product_cat?post=5408"},{"taxonomy":"product_tag","embeddable":true,"href":"https:\/\/parashopnarimel.com\/ar\/wp-json\/wp\/v2\/product_tag?post=5408"}],"curies":[{"name":"wp","href":"https:\/\/api.w.org\/{rel}","templated":true}]}}