{"id":5601,"date":"2024-12-29T07:44:48","date_gmt":"2024-12-29T07:44:48","guid":{"rendered":"https:\/\/parashopnarimel.com\/?post_type=product&#038;p=5601"},"modified":"2025-01-20T16:21:21","modified_gmt":"2025-01-20T16:21:21","slug":"creme-de-douche-au-beurre-de-karite-et-magnolia-750ml-roge-cavailles-250-ml","status":"publish","type":"product","link":"https:\/\/parashopnarimel.com\/ar\/product\/creme-de-douche-au-beurre-de-karite-et-magnolia-750ml-roge-cavailles-250-ml\/","title":{"rendered":"Creme De Douche Au Beurre De Karite Et Magnolia 750Ml Rog\u00e9 Cavaill\u00e8s  250 Ml"},"content":{"rendered":"<p>Votre peau r\u00eave de douceur et de textures ultra-fondantes ?<br \/>\nLaissez-vous envo\u00fbter par le parfum d\u00e9licat et la formule onctueuse de la Cr\u00e8me de douche Beurre de Karit\u00e9 et Magnolia de Rog\u00e9 Cavaill\u00e8s.<br \/>\nEnrichie en beurre de karit\u00e9, elle nettoie en douceur et nourrit intens\u00e9ment les peaux sensibles et s\u00e8ches.<br \/>\nGr\u00e2ce \u00e0 ses agents surgras, elle prot\u00e8ge votre peau des agressions ext\u00e9rieures et pr\u00e9serve votre hydratation. Intens\u00e9ment nourrie, votre peau est souple, douce et confortable.<br \/>\nEssayez-la ! Avec ses extraits naturels de magnolia, son subtil parfum de fleurs blanches et sa texture ultra-cr\u00e9meuse, elle vous fera fondre de plaisir\u2026<br \/>\nLe plus: une texture ultra cr\u00e9meuse et un parfum envoutant aux nptes de fleurs blanches.<br \/>\nLa Cr\u00e8me de douche Beurre de Karit\u00e9 et Magnolia est hypoallerg\u00e9nique, sans paraben ni ph\u00e9noxy\u00e9thanol.<br \/>\nTest\u00e9e cliniquement par des dermatologues, elle est sp\u00e9cialement formul\u00e9e pour les peaux s\u00e8ches et sensibles.<\/p>","protected":false},"excerpt":{"rendered":"<p>Votre peau r\u00eave de douceur et de textures ultra-fondantes ? Laissez-vous envo\u00fbter par le parfum d\u00e9licat et la formule onctueuse<\/p>","protected":false},"featured_media":5675,"comment_status":"open","ping_status":"closed","template":"","meta":[],"product_brand":[],"product_cat":[2912,2886],"product_tag":[],"class_list":{"0":"post-5601","1":"product","2":"type-product","3":"status-publish","4":"has-post-thumbnail","6":"product_cat-nettoyant-corps","7":"product_cat-soins-corps","9":"first","10":"outofstock","11":"shipping-taxable","12":"purchasable","13":"product-type-simple"},"_links":{"self":[{"href":"https:\/\/parashopnarimel.com\/ar\/wp-json\/wp\/v2\/product\/5601","targetHints":{"allow":["GET"]}}],"collection":[{"href":"https:\/\/parashopnarimel.com\/ar\/wp-json\/wp\/v2\/product"}],"about":[{"href":"https:\/\/parashopnarimel.com\/ar\/wp-json\/wp\/v2\/types\/product"}],"replies":[{"embeddable":true,"href":"https:\/\/parashopnarimel.com\/ar\/wp-json\/wp\/v2\/comments?post=5601"}],"version-history":[{"count":2,"href":"https:\/\/parashopnarimel.com\/ar\/wp-json\/wp\/v2\/product\/5601\/revisions"}],"predecessor-version":[{"id":8297,"href":"https:\/\/parashopnarimel.com\/ar\/wp-json\/wp\/v2\/product\/5601\/revisions\/8297"}],"wp:featuredmedia":[{"embeddable":true,"href":"https:\/\/parashopnarimel.com\/ar\/wp-json\/wp\/v2\/media\/5675"}],"wp:attachment":[{"href":"https:\/\/parashopnarimel.com\/ar\/wp-json\/wp\/v2\/media?parent=5601"}],"wp:term":[{"taxonomy":"product_brand","embeddable":true,"href":"https:\/\/parashopnarimel.com\/ar\/wp-json\/wp\/v2\/product_brand?post=5601"},{"taxonomy":"product_cat","embeddable":true,"href":"https:\/\/parashopnarimel.com\/ar\/wp-json\/wp\/v2\/product_cat?post=5601"},{"taxonomy":"product_tag","embeddable":true,"href":"https:\/\/parashopnarimel.com\/ar\/wp-json\/wp\/v2\/product_tag?post=5601"}],"curies":[{"name":"wp","href":"https:\/\/api.w.org\/{rel}","templated":true}]}}