{"id":5603,"date":"2024-12-29T07:44:49","date_gmt":"2024-12-29T07:44:49","guid":{"rendered":"https:\/\/parashopnarimel.com\/?post_type=product&#038;p=5603"},"modified":"2025-01-20T16:20:59","modified_gmt":"2025-01-20T16:20:59","slug":"huile-bain-et-douche-veloutante-250ml-roge-cavailles-250ml","status":"publish","type":"product","link":"https:\/\/parashopnarimel.com\/ar\/product\/huile-bain-et-douche-veloutante-250ml-roge-cavailles-250ml\/","title":{"rendered":"Huile Bain Et Douche Veloutante 250Ml Roge Cavailles  250Ml"},"content":{"rendered":"<p>Plus besoin de choisir entre prendre soin de sa peau sensible et faire de sa douche un r\u00e9el moment de plaisir !<br \/>\nL\u2019Huile bain et douche Veloutante nettoie en douceur et nourrit intens\u00e9ment les peaux sensibles et s\u00e8ches.<br \/>\nEnrichie en huiles naturelles d\u2019amande douce et d\u2019argan, elle nourrit intens\u00e9ment et laisse votre peau douce, souple et velout\u00e9e.<br \/>\nAvec ses agents surgras, elle prot\u00e8ge la peau des agressions ext\u00e9rieures et pr\u00e9serve son hydratation.<br \/>\nSa texture enveloppante non grasse et sa mousse onctueuse d\u00e9licatement parfum\u00e9e feront de votre toilette un vrai moment de plaisir.<br \/>\nL\u2019Huile de Bain et Douche Veloutante est sp\u00e9cifiquement formul\u00e9e pour nettoyer au quotidien les peaux sensibles et s\u00e8ches.<\/p>","protected":false},"excerpt":{"rendered":"<p>ROGE CAVAILLES<br \/>\nVeloutante<br \/>\nAux 3 huilles naturelles<br \/>\nHuile bain et douche<br \/>\nNettoie et nourrit intens\u00e9ment<br \/>\nProt\u00e8ge du dess\u00e8chement cutan\u00e9<br \/>\nPeaux s\u00e8ches<br \/>\n250ml<\/p>","protected":false},"featured_media":5679,"comment_status":"open","ping_status":"closed","template":"","meta":[],"product_brand":[],"product_cat":[2912,2886],"product_tag":[],"class_list":{"0":"post-5603","1":"product","2":"type-product","3":"status-publish","4":"has-post-thumbnail","6":"product_cat-nettoyant-corps","7":"product_cat-soins-corps","9":"first","10":"instock","11":"shipping-taxable","12":"purchasable","13":"product-type-simple"},"_links":{"self":[{"href":"https:\/\/parashopnarimel.com\/ar\/wp-json\/wp\/v2\/product\/5603","targetHints":{"allow":["GET"]}}],"collection":[{"href":"https:\/\/parashopnarimel.com\/ar\/wp-json\/wp\/v2\/product"}],"about":[{"href":"https:\/\/parashopnarimel.com\/ar\/wp-json\/wp\/v2\/types\/product"}],"replies":[{"embeddable":true,"href":"https:\/\/parashopnarimel.com\/ar\/wp-json\/wp\/v2\/comments?post=5603"}],"version-history":[{"count":2,"href":"https:\/\/parashopnarimel.com\/ar\/wp-json\/wp\/v2\/product\/5603\/revisions"}],"predecessor-version":[{"id":8298,"href":"https:\/\/parashopnarimel.com\/ar\/wp-json\/wp\/v2\/product\/5603\/revisions\/8298"}],"wp:featuredmedia":[{"embeddable":true,"href":"https:\/\/parashopnarimel.com\/ar\/wp-json\/wp\/v2\/media\/5679"}],"wp:attachment":[{"href":"https:\/\/parashopnarimel.com\/ar\/wp-json\/wp\/v2\/media?parent=5603"}],"wp:term":[{"taxonomy":"product_brand","embeddable":true,"href":"https:\/\/parashopnarimel.com\/ar\/wp-json\/wp\/v2\/product_brand?post=5603"},{"taxonomy":"product_cat","embeddable":true,"href":"https:\/\/parashopnarimel.com\/ar\/wp-json\/wp\/v2\/product_cat?post=5603"},{"taxonomy":"product_tag","embeddable":true,"href":"https:\/\/parashopnarimel.com\/ar\/wp-json\/wp\/v2\/product_tag?post=5603"}],"curies":[{"name":"wp","href":"https:\/\/api.w.org\/{rel}","templated":true}]}}