{"id":5652,"date":"2024-12-29T07:45:35","date_gmt":"2024-12-29T07:45:35","guid":{"rendered":"https:\/\/parashopnarimel.com\/?post_type=product&#038;p=5652"},"modified":"2025-01-20T16:21:46","modified_gmt":"2025-01-20T16:21:46","slug":"svr-topialyse-baume-lavant-200-ml","status":"publish","type":"product","link":"https:\/\/parashopnarimel.com\/ar\/product\/svr-topialyse-baume-lavant-200-ml\/","title":{"rendered":"Svr Topialyse Baume Lavant, 200 Ml"},"content":{"rendered":"<p>Aussi efficace qu\u2019un soin, Topialyse Baume lavant est le 1er baume lavant de SVR sans sulfate pour les peaux tr\u00e8s s\u00e8ches \u00e0 atopiques de toute la famille. Il apaise les sensations de grattage tout en apportant un confort longue dur\u00e9e.<br \/>\nSans parfum.<br \/>\nEfficacit\u00e9 cliniquement prouv\u00e9e : maintient l\u2019hydratation pendant 24h.<br \/>\nUne prouesse formulatoire pour un soin lavant 3 en 1 :<br \/>\nUn baume relipidant : la plus haute concentration en actifs hydratants et relipidants (35%) riche en huile de coton et huile de coco, source d\u2019om\u00e9gas 3, 6, 9.<br \/>\nUn nettoyant haute tol\u00e9rance 0% sulfate : un agent surgraissant contenant un \u00ab\u00a0biolipide\u00a0\u00bb naturellement pr\u00e9sent dans la peau compense le manque de lipides des peaux affaiblies.<br \/>\nUn soin apaisant et anti-irritations : gr\u00e2ce \u00e0 la niacinamide, actif de r\u00e9f\u00e9rence et un sucre pr\u00e9biotique pour r\u00e9\u00e9quilibrer la flore cutan\u00e9e.<br \/>\nLe tout dans une texture soin, un baume onctueux, cr\u00e9meux et nourrissant qui se rince facilement.<br \/>\n100% respectueux des peaux tr\u00e8s s\u00e8ches \u00e0 atopiques, 100% formul\u00e9 pour toute la famille du nourrisson \u00e0 l\u2019adulte.<\/p>","protected":false},"excerpt":{"rendered":"<p>Topialyse Baume lavant, des Laboratoires SVR, est un soin lavant apaisant anti-grattage anti-irritations, pour peaux tr\u00e8s s\u00e8ches \u00e0 atopiques.<br \/>\nNettoie sans dess\u00e9cher, relipide et apaise durablement les sensations de grattage des peaux tr\u00e8s s\u00e8ches \u00e0 atopiques de toute la famille.<br \/>\nContenance : 200 ml<\/p>","protected":false},"featured_media":5729,"comment_status":"open","ping_status":"closed","template":"","meta":[],"product_brand":[],"product_cat":[96,22,2912],"product_tag":[],"class_list":{"0":"post-5652","1":"product","2":"type-product","3":"status-publish","4":"has-post-thumbnail","6":"product_cat-non-classe","7":"product_cat-nettoyant","8":"product_cat-nettoyant-corps","10":"first","11":"instock","12":"shipping-taxable","13":"purchasable","14":"product-type-simple"},"_links":{"self":[{"href":"https:\/\/parashopnarimel.com\/ar\/wp-json\/wp\/v2\/product\/5652","targetHints":{"allow":["GET"]}}],"collection":[{"href":"https:\/\/parashopnarimel.com\/ar\/wp-json\/wp\/v2\/product"}],"about":[{"href":"https:\/\/parashopnarimel.com\/ar\/wp-json\/wp\/v2\/types\/product"}],"replies":[{"embeddable":true,"href":"https:\/\/parashopnarimel.com\/ar\/wp-json\/wp\/v2\/comments?post=5652"}],"version-history":[{"count":1,"href":"https:\/\/parashopnarimel.com\/ar\/wp-json\/wp\/v2\/product\/5652\/revisions"}],"predecessor-version":[{"id":5730,"href":"https:\/\/parashopnarimel.com\/ar\/wp-json\/wp\/v2\/product\/5652\/revisions\/5730"}],"wp:featuredmedia":[{"embeddable":true,"href":"https:\/\/parashopnarimel.com\/ar\/wp-json\/wp\/v2\/media\/5729"}],"wp:attachment":[{"href":"https:\/\/parashopnarimel.com\/ar\/wp-json\/wp\/v2\/media?parent=5652"}],"wp:term":[{"taxonomy":"product_brand","embeddable":true,"href":"https:\/\/parashopnarimel.com\/ar\/wp-json\/wp\/v2\/product_brand?post=5652"},{"taxonomy":"product_cat","embeddable":true,"href":"https:\/\/parashopnarimel.com\/ar\/wp-json\/wp\/v2\/product_cat?post=5652"},{"taxonomy":"product_tag","embeddable":true,"href":"https:\/\/parashopnarimel.com\/ar\/wp-json\/wp\/v2\/product_tag?post=5652"}],"curies":[{"name":"wp","href":"https:\/\/api.w.org\/{rel}","templated":true}]}}