{"id":5670,"date":"2024-12-29T07:45:57","date_gmt":"2024-12-29T07:45:57","guid":{"rendered":"https:\/\/parashopnarimel.com\/?post_type=product&#038;p=5670"},"modified":"2025-01-20T15:29:04","modified_gmt":"2025-01-20T15:29:04","slug":"gel-moussant-200ml-sebiaclear-svr-200ml","status":"publish","type":"product","link":"https:\/\/parashopnarimel.com\/ar\/product\/gel-moussant-200ml-sebiaclear-svr-200ml\/","title":{"rendered":"Gel Moussant 200Ml Sebiaclear Svr  200Ml"},"content":{"rendered":"<p>SEBIACLEAR<br \/>\nGel moussant<br \/>\nNettoyant sans savon<br \/>\nPurifiant et d\u00e9sincrustant<br \/>\nPeaux grasses et sensibles<br \/>\nVisage et corps<br \/>\nSans alcool<br \/>\nSans colorant<br \/>\nSans paraben<br \/>\nTest\u00e9 sur peau \u00e0 tendance acn\u00e9ique<br \/>\n200ml<br \/>\nSa mousse onctueuse nettoie et purifie la peau sans la dess\u00e9cher.<br \/>\nElle \u00e9limine les impuret\u00e9s et exc\u00e8s de s\u00e9bum et d\u00e9sincruste les pores.<br \/>\nParfaitement nette, la peau est fra\u00eeche et matifi\u00e9e.<\/p>","protected":false},"excerpt":{"rendered":"<p>Elle \u00e9limine les impuret\u00e9s et exc\u00e8s de s\u00e9bum et d\u00e9sincruste les pores.<\/p>","protected":false},"featured_media":5745,"comment_status":"open","ping_status":"closed","template":"","meta":[],"product_brand":[],"product_cat":[96,22,2912,2886],"product_tag":[],"class_list":{"0":"post-5670","1":"product","2":"type-product","3":"status-publish","4":"has-post-thumbnail","6":"product_cat-non-classe","7":"product_cat-nettoyant","8":"product_cat-nettoyant-corps","9":"product_cat-soins-corps","11":"first","12":"instock","13":"shipping-taxable","14":"purchasable","15":"product-type-simple"},"_links":{"self":[{"href":"https:\/\/parashopnarimel.com\/ar\/wp-json\/wp\/v2\/product\/5670","targetHints":{"allow":["GET"]}}],"collection":[{"href":"https:\/\/parashopnarimel.com\/ar\/wp-json\/wp\/v2\/product"}],"about":[{"href":"https:\/\/parashopnarimel.com\/ar\/wp-json\/wp\/v2\/types\/product"}],"replies":[{"embeddable":true,"href":"https:\/\/parashopnarimel.com\/ar\/wp-json\/wp\/v2\/comments?post=5670"}],"version-history":[{"count":1,"href":"https:\/\/parashopnarimel.com\/ar\/wp-json\/wp\/v2\/product\/5670\/revisions"}],"predecessor-version":[{"id":5746,"href":"https:\/\/parashopnarimel.com\/ar\/wp-json\/wp\/v2\/product\/5670\/revisions\/5746"}],"wp:featuredmedia":[{"embeddable":true,"href":"https:\/\/parashopnarimel.com\/ar\/wp-json\/wp\/v2\/media\/5745"}],"wp:attachment":[{"href":"https:\/\/parashopnarimel.com\/ar\/wp-json\/wp\/v2\/media?parent=5670"}],"wp:term":[{"taxonomy":"product_brand","embeddable":true,"href":"https:\/\/parashopnarimel.com\/ar\/wp-json\/wp\/v2\/product_brand?post=5670"},{"taxonomy":"product_cat","embeddable":true,"href":"https:\/\/parashopnarimel.com\/ar\/wp-json\/wp\/v2\/product_cat?post=5670"},{"taxonomy":"product_tag","embeddable":true,"href":"https:\/\/parashopnarimel.com\/ar\/wp-json\/wp\/v2\/product_tag?post=5670"}],"curies":[{"name":"wp","href":"https:\/\/api.w.org\/{rel}","templated":true}]}}