{"id":5797,"date":"2024-12-29T07:48:19","date_gmt":"2024-12-29T07:48:19","guid":{"rendered":"https:\/\/parashopnarimel.com\/?post_type=product&#038;p=5797"},"modified":"2025-01-20T16:52:52","modified_gmt":"2025-01-20T16:52:52","slug":"avene-creme-solaire-teintee-spf50-50-ml","status":"publish","type":"product","link":"https:\/\/parashopnarimel.com\/ar\/product\/avene-creme-solaire-teintee-spf50-50-ml\/","title":{"rendered":"Av\u00e8ne \u2013 Cr\u00e8me Solaire Teint\u00e9e SPF50+ 50 ml"},"content":{"rendered":"<p>La Cr\u00e8me teint\u00e9e SPF 50+ est parfaitement adapt\u00e9e aux peaux sensibles s\u00e8ches expos\u00e9es \u00e0 un ensoleillement intense et\/ou toujours sujettes aux coups de soleil.<br \/>\nAu coeur de la Cr\u00e8me SPF 50+, l\u2019association exclusive Sunsitive\u00ae protection, issue de la Recherche Pierre Fabre :<br \/>\n1. Syst\u00e8me filtrant brevet\u00e9 contenant seulement 4 filtres solaires pour une tr\u00e8s large protection UVB-UVA stable et efficace dans le temps, et une tol\u00e9rance cutan\u00e9e optimale.<br \/>\n2. Complexe antioxydant unique (Pr\u00e9-tocoph\u00e9ryl + Pro-taurine), pour une protection cellulaire globale contre le stress oxydatif.<br \/>\n3. Eau thermale d\u2019Av\u00e8ne, reconnue pour ses propri\u00e9t\u00e9s apaisantes, anti-irritantes et adoucissantes.<\/p>","protected":false},"excerpt":{"rendered":"<p>Tr\u00e8s haute protection solaire pour la peau sensible s\u00e8che du visage.<\/p>","protected":false},"featured_media":5876,"comment_status":"open","ping_status":"closed","template":"","meta":[],"product_brand":[],"product_cat":[96,147],"product_tag":[],"class_list":{"0":"post-5797","1":"product","2":"type-product","3":"status-publish","4":"has-post-thumbnail","6":"product_cat-non-classe","7":"product_cat-protection-solaire-visage","9":"first","10":"instock","11":"sale","12":"shipping-taxable","13":"purchasable","14":"product-type-simple"},"_links":{"self":[{"href":"https:\/\/parashopnarimel.com\/ar\/wp-json\/wp\/v2\/product\/5797","targetHints":{"allow":["GET"]}}],"collection":[{"href":"https:\/\/parashopnarimel.com\/ar\/wp-json\/wp\/v2\/product"}],"about":[{"href":"https:\/\/parashopnarimel.com\/ar\/wp-json\/wp\/v2\/types\/product"}],"replies":[{"embeddable":true,"href":"https:\/\/parashopnarimel.com\/ar\/wp-json\/wp\/v2\/comments?post=5797"}],"version-history":[{"count":3,"href":"https:\/\/parashopnarimel.com\/ar\/wp-json\/wp\/v2\/product\/5797\/revisions"}],"predecessor-version":[{"id":12024,"href":"https:\/\/parashopnarimel.com\/ar\/wp-json\/wp\/v2\/product\/5797\/revisions\/12024"}],"wp:featuredmedia":[{"embeddable":true,"href":"https:\/\/parashopnarimel.com\/ar\/wp-json\/wp\/v2\/media\/5876"}],"wp:attachment":[{"href":"https:\/\/parashopnarimel.com\/ar\/wp-json\/wp\/v2\/media?parent=5797"}],"wp:term":[{"taxonomy":"product_brand","embeddable":true,"href":"https:\/\/parashopnarimel.com\/ar\/wp-json\/wp\/v2\/product_brand?post=5797"},{"taxonomy":"product_cat","embeddable":true,"href":"https:\/\/parashopnarimel.com\/ar\/wp-json\/wp\/v2\/product_cat?post=5797"},{"taxonomy":"product_tag","embeddable":true,"href":"https:\/\/parashopnarimel.com\/ar\/wp-json\/wp\/v2\/product_tag?post=5797"}],"curies":[{"name":"wp","href":"https:\/\/api.w.org\/{rel}","templated":true}]}}