{"id":5845,"date":"2024-12-29T07:49:08","date_gmt":"2024-12-29T07:49:08","guid":{"rendered":"https:\/\/parashopnarimel.com\/?post_type=product&#038;p=5845"},"modified":"2025-08-13T19:39:34","modified_gmt":"2025-08-13T19:39:34","slug":"coffret-vanille-amp-caramel%c2%b9","status":"publish","type":"product","link":"https:\/\/parashopnarimel.com\/ar\/product\/coffret-vanille-amp-caramel%c2%b9\/","title":{"rendered":"Coffret  \u00bb Vanille &amp;Amp; Caramel\u00b9"},"content":{"rendered":"","protected":false},"excerpt":{"rendered":"<p>Faites-vous plaisir avec ce coffret qui contient vos produits pr\u00e9f\u00e9r\u00e9s. Avec cette odeur gourmande vanille caramel que vous retrouverez dans le savon solide, le gel douche hydratant et la brume pour sentir bon \u00e0 longueur de journ\u00e9e<\/p>","protected":false},"featured_media":5923,"comment_status":"open","ping_status":"closed","template":"","meta":[],"product_brand":[],"product_cat":[2899,2912,2886],"product_tag":[1203],"class_list":{"0":"post-5845","1":"product","2":"type-product","3":"status-publish","4":"has-post-thumbnail","6":"product_cat-coffret","7":"product_cat-nettoyant-corps","8":"product_cat-soins-corps","9":"product_tag-offres","11":"first","12":"instock","13":"shipping-taxable","14":"purchasable","15":"product-type-simple"},"_links":{"self":[{"href":"https:\/\/parashopnarimel.com\/ar\/wp-json\/wp\/v2\/product\/5845","targetHints":{"allow":["GET"]}}],"collection":[{"href":"https:\/\/parashopnarimel.com\/ar\/wp-json\/wp\/v2\/product"}],"about":[{"href":"https:\/\/parashopnarimel.com\/ar\/wp-json\/wp\/v2\/types\/product"}],"replies":[{"embeddable":true,"href":"https:\/\/parashopnarimel.com\/ar\/wp-json\/wp\/v2\/comments?post=5845"}],"version-history":[{"count":1,"href":"https:\/\/parashopnarimel.com\/ar\/wp-json\/wp\/v2\/product\/5845\/revisions"}],"predecessor-version":[{"id":5924,"href":"https:\/\/parashopnarimel.com\/ar\/wp-json\/wp\/v2\/product\/5845\/revisions\/5924"}],"wp:featuredmedia":[{"embeddable":true,"href":"https:\/\/parashopnarimel.com\/ar\/wp-json\/wp\/v2\/media\/5923"}],"wp:attachment":[{"href":"https:\/\/parashopnarimel.com\/ar\/wp-json\/wp\/v2\/media?parent=5845"}],"wp:term":[{"taxonomy":"product_brand","embeddable":true,"href":"https:\/\/parashopnarimel.com\/ar\/wp-json\/wp\/v2\/product_brand?post=5845"},{"taxonomy":"product_cat","embeddable":true,"href":"https:\/\/parashopnarimel.com\/ar\/wp-json\/wp\/v2\/product_cat?post=5845"},{"taxonomy":"product_tag","embeddable":true,"href":"https:\/\/parashopnarimel.com\/ar\/wp-json\/wp\/v2\/product_tag?post=5845"}],"curies":[{"name":"wp","href":"https:\/\/api.w.org\/{rel}","templated":true}]}}