{"id":5846,"date":"2024-12-29T07:49:08","date_gmt":"2024-12-29T07:49:08","guid":{"rendered":"https:\/\/parashopnarimel.com\/?post_type=product&#038;p=5846"},"modified":"2025-08-11T20:09:28","modified_gmt":"2025-08-11T20:09:28","slug":"coffret-mangue-amp-peche","status":"publish","type":"product","link":"https:\/\/parashopnarimel.com\/ar\/product\/coffret-mangue-amp-peche\/","title":{"rendered":"Coffret  \u00bb Mangue &amp;Amp; P\u00eache \u00ab"},"content":{"rendered":"","protected":false},"excerpt":{"rendered":"<p>Un gel douche aux propri\u00e9t\u00e9s hydratantes, un savon d\u00e9licat et une brume parfum\u00e9e. Le tout \u00e0 l\u2019odeur sensuelle et fruit\u00e9e de la p\u00eache et la mangue, dans un coffret raffin\u00e9.<\/p>","protected":false},"featured_media":5925,"comment_status":"open","ping_status":"closed","template":"","meta":[],"product_brand":[],"product_cat":[2899,2912,2886],"product_tag":[1203],"class_list":{"0":"post-5846","1":"product","2":"type-product","3":"status-publish","4":"has-post-thumbnail","6":"product_cat-coffret","7":"product_cat-nettoyant-corps","8":"product_cat-soins-corps","9":"product_tag-offres","11":"first","12":"instock","13":"shipping-taxable","14":"purchasable","15":"product-type-simple"},"_links":{"self":[{"href":"https:\/\/parashopnarimel.com\/ar\/wp-json\/wp\/v2\/product\/5846","targetHints":{"allow":["GET"]}}],"collection":[{"href":"https:\/\/parashopnarimel.com\/ar\/wp-json\/wp\/v2\/product"}],"about":[{"href":"https:\/\/parashopnarimel.com\/ar\/wp-json\/wp\/v2\/types\/product"}],"replies":[{"embeddable":true,"href":"https:\/\/parashopnarimel.com\/ar\/wp-json\/wp\/v2\/comments?post=5846"}],"version-history":[{"count":1,"href":"https:\/\/parashopnarimel.com\/ar\/wp-json\/wp\/v2\/product\/5846\/revisions"}],"predecessor-version":[{"id":5926,"href":"https:\/\/parashopnarimel.com\/ar\/wp-json\/wp\/v2\/product\/5846\/revisions\/5926"}],"wp:featuredmedia":[{"embeddable":true,"href":"https:\/\/parashopnarimel.com\/ar\/wp-json\/wp\/v2\/media\/5925"}],"wp:attachment":[{"href":"https:\/\/parashopnarimel.com\/ar\/wp-json\/wp\/v2\/media?parent=5846"}],"wp:term":[{"taxonomy":"product_brand","embeddable":true,"href":"https:\/\/parashopnarimel.com\/ar\/wp-json\/wp\/v2\/product_brand?post=5846"},{"taxonomy":"product_cat","embeddable":true,"href":"https:\/\/parashopnarimel.com\/ar\/wp-json\/wp\/v2\/product_cat?post=5846"},{"taxonomy":"product_tag","embeddable":true,"href":"https:\/\/parashopnarimel.com\/ar\/wp-json\/wp\/v2\/product_tag?post=5846"}],"curies":[{"name":"wp","href":"https:\/\/api.w.org\/{rel}","templated":true}]}}