{"id":5847,"date":"2024-12-29T07:49:08","date_gmt":"2024-12-29T07:49:08","guid":{"rendered":"https:\/\/parashopnarimel.com\/?post_type=product&#038;p=5847"},"modified":"2025-01-20T16:50:54","modified_gmt":"2025-01-20T16:50:54","slug":"coffret-douceur-dautomne","status":"publish","type":"product","link":"https:\/\/parashopnarimel.com\/ar\/product\/coffret-douceur-dautomne\/","title":{"rendered":"Coffret  \u00bb Douceur D\u2019Automne \u00ab"},"content":{"rendered":"","protected":false},"excerpt":{"rendered":"<p>Faites une escapade en for\u00eat en plein automne d\u00e8s que l\u2019envie vous prend en utilisant le savon, le gel douche et la brume \u00ab douceur d\u2019automne \u00bb. L\u2019id\u00e9al pour avoir une peau hydrat\u00e9e et sentir d\u00e9licatement bon.<\/p>","protected":false},"featured_media":5927,"comment_status":"open","ping_status":"closed","template":"","meta":[],"product_brand":[],"product_cat":[2899,2912,2886],"product_tag":[1203],"class_list":{"0":"post-5847","1":"product","2":"type-product","3":"status-publish","4":"has-post-thumbnail","6":"product_cat-coffret","7":"product_cat-nettoyant-corps","8":"product_cat-soins-corps","9":"product_tag-offres","11":"first","12":"instock","13":"shipping-taxable","14":"purchasable","15":"product-type-simple"},"_links":{"self":[{"href":"https:\/\/parashopnarimel.com\/ar\/wp-json\/wp\/v2\/product\/5847","targetHints":{"allow":["GET"]}}],"collection":[{"href":"https:\/\/parashopnarimel.com\/ar\/wp-json\/wp\/v2\/product"}],"about":[{"href":"https:\/\/parashopnarimel.com\/ar\/wp-json\/wp\/v2\/types\/product"}],"replies":[{"embeddable":true,"href":"https:\/\/parashopnarimel.com\/ar\/wp-json\/wp\/v2\/comments?post=5847"}],"version-history":[{"count":1,"href":"https:\/\/parashopnarimel.com\/ar\/wp-json\/wp\/v2\/product\/5847\/revisions"}],"predecessor-version":[{"id":5928,"href":"https:\/\/parashopnarimel.com\/ar\/wp-json\/wp\/v2\/product\/5847\/revisions\/5928"}],"wp:featuredmedia":[{"embeddable":true,"href":"https:\/\/parashopnarimel.com\/ar\/wp-json\/wp\/v2\/media\/5927"}],"wp:attachment":[{"href":"https:\/\/parashopnarimel.com\/ar\/wp-json\/wp\/v2\/media?parent=5847"}],"wp:term":[{"taxonomy":"product_brand","embeddable":true,"href":"https:\/\/parashopnarimel.com\/ar\/wp-json\/wp\/v2\/product_brand?post=5847"},{"taxonomy":"product_cat","embeddable":true,"href":"https:\/\/parashopnarimel.com\/ar\/wp-json\/wp\/v2\/product_cat?post=5847"},{"taxonomy":"product_tag","embeddable":true,"href":"https:\/\/parashopnarimel.com\/ar\/wp-json\/wp\/v2\/product_tag?post=5847"}],"curies":[{"name":"wp","href":"https:\/\/api.w.org\/{rel}","templated":true}]}}