{"id":5849,"date":"2024-12-29T07:49:08","date_gmt":"2024-12-29T07:49:08","guid":{"rendered":"https:\/\/parashopnarimel.com\/?post_type=product&#038;p=5849"},"modified":"2025-09-22T22:17:04","modified_gmt":"2025-09-22T22:17:04","slug":"pure-huile-de-figue-de-barbarie-10ml","status":"publish","type":"product","link":"https:\/\/parashopnarimel.com\/ar\/product\/pure-huile-de-figue-de-barbarie-10ml\/","title":{"rendered":"Pure Huile De Figue De Barbarie 10Ml"},"content":{"rendered":"<p>ssue du pressage \u00e0 froid des p\u00e9pins (graines), l\u2019huile de p\u00e9pins de Figue de Barbarie est un anti-ride puissant et un excellent contour des yeux.<br \/>\nTenseur remarquable de la peau, c\u2019est une v\u00e9ritable cure de jouvence et ses effets sont visibles en quelques semaines seulement.<br \/>\nPure huile de graines de figue de Barbarie vierge, de premi\u00e8re pression \u00e0 froid, et sans aucun traitement chimique (sans solvant).<br \/>\nEn effet, cette huile contient un principe actif naturel, tr\u00e8s puissant et tr\u00e8s rare dans le monde v\u00e9g\u00e9tal : le delta 7 stigmast\u00e9rols aux propri\u00e9t\u00e9s revitalisantes et r\u00e9g\u00e9n\u00e9ratrices exceptionnelles. Ses constituants pr\u00e9cieux aident \u00e0 lutter contre le dess\u00e8chement cutan\u00e9, \u00e0 ralentir le processus de vieillissement de la peau en pr\u00e9venant et en luttant contre les rides, m\u00eame d\u00e9j\u00e0 pr\u00e9sentes.<br \/>\nL\u2019huile de p\u00e9pins de Figue de Barbarie sera \u00e9galement un excellent contour des yeux et sera particuli\u00e8rement efficace pour att\u00e9nuer les t\u00e2ches de vieillissement et de pigmentation (dans ce dernier cas, les r\u00e9sultats ne sont visibles qu\u2019en quelques mois).<br \/>\nEnfin elle sera un remarquable tenseur du buste notamment en p\u00e9riode pr\u00e9-estivale.<br \/>\nL\u2019huile de p\u00e9pins de figue de barbarie permet de faire des \u00e9conomies en cosm\u00e9tiques puisqu\u2019elle pourra avantageusement remplacer toutes vos cr\u00e8mes visage cou d\u00e9collet\u00e9 anti-\u00e2ge, vos soins tenseur et contour des yeux et votre lait corporel. Et vous avez en plus l\u2019assurance de ne pas vous \u00e9taler des substances chimiques et synth\u00e9tiques sur la peau !<br \/>\nL\u2019huile de p\u00e9pins de Figue de Barbarie a une texture particuli\u00e8rement fine. Huile s\u00e8che par excellence, elle p\u00e9n\u00e8tre tr\u00e8s rapidement la peau, en trois \u00e0 quatre minutes seulement. Elle vous laissera donc un peau hydrat\u00e9e et non grasse. La finesse exceptionnelle de cette huile vous permettra de l\u2019\u00e9taler tr\u00e8s facilement sur la peau. Seules quelques gouttes suffisent.<\/p>","protected":false},"excerpt":{"rendered":"<p>?Huile p\u00e9pins de figue de barbarie .<br \/>\n? 100% naturelle , v\u00e9g\u00e9tale et vierge.<br \/>\n\u2714\ufe0f Verg\u00e9tures<br \/>\n\u2714\ufe0f Acn\u00e9<br \/>\n\u2714\ufe0f Rides<br \/>\n\u2714\ufe0f Cicatrisation<br \/>\n\u2714\ufe0f Hydratation<br \/>\n\u2714\ufe0f R\u00e9g\u00e9n\u00e9ration<\/p>","protected":false},"featured_media":5931,"comment_status":"open","ping_status":"closed","template":"","meta":[],"product_brand":[],"product_cat":[96,2916,2919,2906],"product_tag":[920],"class_list":{"0":"post-5849","1":"product","2":"type-product","3":"status-publish","4":"has-post-thumbnail","6":"product_cat-non-classe","7":"product_cat-huiles","8":"product_cat-serum-et-soins","9":"product_cat-serums","10":"product_tag-bio","12":"first","13":"instock","14":"shipping-taxable","15":"purchasable","16":"product-type-simple"},"_links":{"self":[{"href":"https:\/\/parashopnarimel.com\/ar\/wp-json\/wp\/v2\/product\/5849","targetHints":{"allow":["GET"]}}],"collection":[{"href":"https:\/\/parashopnarimel.com\/ar\/wp-json\/wp\/v2\/product"}],"about":[{"href":"https:\/\/parashopnarimel.com\/ar\/wp-json\/wp\/v2\/types\/product"}],"replies":[{"embeddable":true,"href":"https:\/\/parashopnarimel.com\/ar\/wp-json\/wp\/v2\/comments?post=5849"}],"version-history":[{"count":2,"href":"https:\/\/parashopnarimel.com\/ar\/wp-json\/wp\/v2\/product\/5849\/revisions"}],"predecessor-version":[{"id":8299,"href":"https:\/\/parashopnarimel.com\/ar\/wp-json\/wp\/v2\/product\/5849\/revisions\/8299"}],"wp:featuredmedia":[{"embeddable":true,"href":"https:\/\/parashopnarimel.com\/ar\/wp-json\/wp\/v2\/media\/5931"}],"wp:attachment":[{"href":"https:\/\/parashopnarimel.com\/ar\/wp-json\/wp\/v2\/media?parent=5849"}],"wp:term":[{"taxonomy":"product_brand","embeddable":true,"href":"https:\/\/parashopnarimel.com\/ar\/wp-json\/wp\/v2\/product_brand?post=5849"},{"taxonomy":"product_cat","embeddable":true,"href":"https:\/\/parashopnarimel.com\/ar\/wp-json\/wp\/v2\/product_cat?post=5849"},{"taxonomy":"product_tag","embeddable":true,"href":"https:\/\/parashopnarimel.com\/ar\/wp-json\/wp\/v2\/product_tag?post=5849"}],"curies":[{"name":"wp","href":"https:\/\/api.w.org\/{rel}","templated":true}]}}