{"id":5869,"date":"2024-12-29T07:49:34","date_gmt":"2024-12-29T07:49:34","guid":{"rendered":"https:\/\/parashopnarimel.com\/?post_type=product&#038;p=5869"},"modified":"2024-12-29T11:24:27","modified_gmt":"2024-12-29T11:24:27","slug":"la-roche-posay-cicaplast-baume-b5-spf-50-40-ml","status":"publish","type":"product","link":"https:\/\/parashopnarimel.com\/ar\/product\/la-roche-posay-cicaplast-baume-b5-spf-50-40-ml\/","title":{"rendered":"La Roche-Posay Cicaplast Baume B5 Spf 50 | 40 Ml"},"content":{"rendered":"<p>Cicaplast Baume B5 SPF 50 de La Roche-Posay r\u00e9pare les peaux fragilis\u00e9es. La peau est r\u00e9par\u00e9e et apais\u00e9e.<\/p>\n<p>Protection antimarques.<br \/>\nConvient aux peaux tatou\u00e9es.<br \/>\nPour les peaux fragilis\u00e9es expos\u00e9es aux UV.<br \/>\nPostproc\u00e9dure, \u00e9corchures, br\u00fblures, tatouages.<\/p>\n<p>Substances actives<\/p>\n<p>La mad\u00e9cassoside assure une r\u00e9paration \u00e9pidermique de qualit\u00e9.<br \/>\nLe panth\u00e9nol \u00e0 5 % procure apaisement, confort, antid\u00e9mangeaisons.<br \/>\nUne haute protection UVA\/UVB SPF 50 + Procerad\u2122, c\u00e9ramide brevet\u00e9, pr\u00e9vienne<\/p>","protected":false},"excerpt":{"rendered":"<p>Baume r\u00e9parateur avec indice de protection \u00e9lev\u00e9 pour la peau ab\u00eem\u00e9e et fragilis\u00e9e.<\/p>","protected":false},"featured_media":5949,"comment_status":"open","ping_status":"closed","template":"","meta":[],"product_brand":[],"product_cat":[96],"product_tag":[],"class_list":{"0":"post-5869","1":"product","2":"type-product","3":"status-publish","4":"has-post-thumbnail","6":"product_cat-non-classe","8":"first","9":"instock","10":"sale","11":"shipping-taxable","12":"purchasable","13":"product-type-simple"},"_links":{"self":[{"href":"https:\/\/parashopnarimel.com\/ar\/wp-json\/wp\/v2\/product\/5869","targetHints":{"allow":["GET"]}}],"collection":[{"href":"https:\/\/parashopnarimel.com\/ar\/wp-json\/wp\/v2\/product"}],"about":[{"href":"https:\/\/parashopnarimel.com\/ar\/wp-json\/wp\/v2\/types\/product"}],"replies":[{"embeddable":true,"href":"https:\/\/parashopnarimel.com\/ar\/wp-json\/wp\/v2\/comments?post=5869"}],"version-history":[{"count":1,"href":"https:\/\/parashopnarimel.com\/ar\/wp-json\/wp\/v2\/product\/5869\/revisions"}],"predecessor-version":[{"id":5950,"href":"https:\/\/parashopnarimel.com\/ar\/wp-json\/wp\/v2\/product\/5869\/revisions\/5950"}],"wp:featuredmedia":[{"embeddable":true,"href":"https:\/\/parashopnarimel.com\/ar\/wp-json\/wp\/v2\/media\/5949"}],"wp:attachment":[{"href":"https:\/\/parashopnarimel.com\/ar\/wp-json\/wp\/v2\/media?parent=5869"}],"wp:term":[{"taxonomy":"product_brand","embeddable":true,"href":"https:\/\/parashopnarimel.com\/ar\/wp-json\/wp\/v2\/product_brand?post=5869"},{"taxonomy":"product_cat","embeddable":true,"href":"https:\/\/parashopnarimel.com\/ar\/wp-json\/wp\/v2\/product_cat?post=5869"},{"taxonomy":"product_tag","embeddable":true,"href":"https:\/\/parashopnarimel.com\/ar\/wp-json\/wp\/v2\/product_tag?post=5869"}],"curies":[{"name":"wp","href":"https:\/\/api.w.org\/{rel}","templated":true}]}}