{"id":5893,"date":"2024-12-29T07:49:58","date_gmt":"2024-12-29T07:49:58","guid":{"rendered":"https:\/\/parashopnarimel.com\/?post_type=product&#038;p=5893"},"modified":"2025-01-20T15:02:27","modified_gmt":"2025-01-20T15:02:27","slug":"effaclar-mat-40-ml","status":"publish","type":"product","link":"https:\/\/parashopnarimel.com\/ar\/product\/effaclar-mat-40-ml\/","title":{"rendered":"Effaclar Mat 40 Ml"},"content":{"rendered":"<p>L\u2019\u00ab effet buvard \u00bb anti-brillance<br \/>\nBoutons, brillances, pores dilat\u00e9s \u2026 Hydrater une peau mixte ou grasse peut vite devenir un casse-t\u00eate. Et pourtant, gr\u00e2ce \u00e0 un\u00a0soin matifiant et r\u00e9quilibrant\u00a0adapt\u00e9, le rituel d\u2019hydratation peut se transformer en un vrai moment bien-\u00eatre. Afin d\u2019hydrater les peaux produisant trop de s\u00e9bum tout en les r\u00e9quilibrant, La Roche Posay a cr\u00e9 la cr\u00e8me\u00a0Effaclar mat s\u00e9bo-r\u00e9gulateur.<br \/>\nGr\u00e2ce \u00e0 sa formule compl\u00e8te, elle agit sur plusieurs troubles des peaux mixtes \u00e0 grasses, comme la surproduction de s\u00e9bum, la brillance et les pores dilat\u00e9s :<\/p>\n<p>La Sebulyse, un s\u00e9bo-r\u00e9gulateur dont l\u2019action est sup\u00e9rieure au zinc, neutralise la s\u00e9borrh\u00e9e \u00e0 sa source ;<br \/>\nSa texture non grasse, compos\u00e9e de microsph\u00e8re absorbante et de perlite offre un \u00ab effet buvard \u00bb, pour une peau matifi\u00e9e et un toucher sec instantan\u00e9.<\/p>\n<p>R\u00e9sultat : la peau est hydrat\u00e9e sans fini gras ni collant, les pores se resserrent et la production de s\u00e9bum se normalise jour apr\u00e8s jour.<br \/>\nApr\u00e8s une auto-\u00e9valuation men\u00e9e sur 150 femmes et sous contr\u00f4le dermatologique, La Roche Posay a \u00e9tabli que :<\/p>\n<p>Le produit ne laisse pas de sensation de gras (pour 100% des sujets soumis au test) ;<br \/>\nLa peau est matifi\u00e9e instantan\u00e9ment (94%)<br \/>\nLes pores se resserrent (76%)<br \/>\nLe grain de la peau est affin\u00e9 (94%)<br \/>\nLe teint est unifi\u00e9 (98%)<\/p>","protected":false},"excerpt":{"rendered":"<p>L\u2019hydratant qui \u00e9quilibre les peaux grasses<br \/>\nNe laissez plus l\u2019acn\u00e9 et les pores dilat\u00e9s ternir votre teint ! La\u00a0cr\u00e8me hydratante sebo-r\u00e9gulatrice Effaclar mat\u00a0hydrate quotidiennement les peaux mixtes \u00e0 grasses sans laisser de brillance. Gr\u00e2ce \u00e0 sa formule adapt\u00e9e, elle resserre les pores et matifie le visage. R\u00e9sultat : votre peau est hydrat\u00e9e sans sensation de gras.<\/p>","protected":false},"featured_media":5971,"comment_status":"open","ping_status":"closed","template":"","meta":[],"product_brand":[],"product_cat":[96,29],"product_tag":[],"class_list":{"0":"post-5893","1":"product","2":"type-product","3":"status-publish","4":"has-post-thumbnail","6":"product_cat-non-classe","7":"product_cat-creme","9":"first","10":"instock","11":"sale","12":"shipping-taxable","13":"purchasable","14":"product-type-simple"},"_links":{"self":[{"href":"https:\/\/parashopnarimel.com\/ar\/wp-json\/wp\/v2\/product\/5893","targetHints":{"allow":["GET"]}}],"collection":[{"href":"https:\/\/parashopnarimel.com\/ar\/wp-json\/wp\/v2\/product"}],"about":[{"href":"https:\/\/parashopnarimel.com\/ar\/wp-json\/wp\/v2\/types\/product"}],"replies":[{"embeddable":true,"href":"https:\/\/parashopnarimel.com\/ar\/wp-json\/wp\/v2\/comments?post=5893"}],"version-history":[{"count":2,"href":"https:\/\/parashopnarimel.com\/ar\/wp-json\/wp\/v2\/product\/5893\/revisions"}],"predecessor-version":[{"id":8214,"href":"https:\/\/parashopnarimel.com\/ar\/wp-json\/wp\/v2\/product\/5893\/revisions\/8214"}],"wp:featuredmedia":[{"embeddable":true,"href":"https:\/\/parashopnarimel.com\/ar\/wp-json\/wp\/v2\/media\/5971"}],"wp:attachment":[{"href":"https:\/\/parashopnarimel.com\/ar\/wp-json\/wp\/v2\/media?parent=5893"}],"wp:term":[{"taxonomy":"product_brand","embeddable":true,"href":"https:\/\/parashopnarimel.com\/ar\/wp-json\/wp\/v2\/product_brand?post=5893"},{"taxonomy":"product_cat","embeddable":true,"href":"https:\/\/parashopnarimel.com\/ar\/wp-json\/wp\/v2\/product_cat?post=5893"},{"taxonomy":"product_tag","embeddable":true,"href":"https:\/\/parashopnarimel.com\/ar\/wp-json\/wp\/v2\/product_tag?post=5893"}],"curies":[{"name":"wp","href":"https:\/\/api.w.org\/{rel}","templated":true}]}}