{"id":5917,"date":"2024-12-29T07:50:21","date_gmt":"2024-12-29T07:50:21","guid":{"rendered":"https:\/\/parashopnarimel.com\/?post_type=product&#038;p=5917"},"modified":"2025-02-26T14:37:42","modified_gmt":"2025-02-26T14:37:42","slug":"klorane-bebe-petit-brin-eau-parfumee-50-ml","status":"publish","type":"product","link":"https:\/\/parashopnarimel.com\/ar\/product\/klorane-bebe-petit-brin-eau-parfumee-50-ml\/","title":{"rendered":"Klorane B\u00e9b\u00e9 Petit Brin Eau Parfum\u00e9e 50 ml"},"content":{"rendered":"<p>Cette eau parfum\u00e9e contient une formule \u00e0 97% d\u2019origine naturelle, aux notes fra\u00eeches et fruit\u00e9es.<br \/>\nTest\u00e9e cliniquement sous contr\u00f4le p\u00e9diatrique.<\/p>","protected":false},"excerpt":{"rendered":"<p>Klorane B\u00e9b\u00e9 Petit Brin Eau Parfum\u00e9e 50 ml est une eau parfum\u00e9e sans alcool, sp\u00e9cialement formul\u00e9e pour les b\u00e9b\u00e9s et les nourrissons.<\/p>","protected":false},"featured_media":5998,"comment_status":"open","ping_status":"closed","template":"","meta":[],"product_brand":[],"product_cat":[2925,76,2889],"product_tag":[],"class_list":{"0":"post-5917","1":"product","2":"type-product","3":"status-publish","4":"has-post-thumbnail","6":"product_cat-bebe","7":"product_cat-bebe-et-maman","8":"product_cat-parfums","10":"first","11":"instock","12":"shipping-taxable","13":"purchasable","14":"product-type-simple"},"_links":{"self":[{"href":"https:\/\/parashopnarimel.com\/ar\/wp-json\/wp\/v2\/product\/5917","targetHints":{"allow":["GET"]}}],"collection":[{"href":"https:\/\/parashopnarimel.com\/ar\/wp-json\/wp\/v2\/product"}],"about":[{"href":"https:\/\/parashopnarimel.com\/ar\/wp-json\/wp\/v2\/types\/product"}],"replies":[{"embeddable":true,"href":"https:\/\/parashopnarimel.com\/ar\/wp-json\/wp\/v2\/comments?post=5917"}],"version-history":[{"count":2,"href":"https:\/\/parashopnarimel.com\/ar\/wp-json\/wp\/v2\/product\/5917\/revisions"}],"predecessor-version":[{"id":8291,"href":"https:\/\/parashopnarimel.com\/ar\/wp-json\/wp\/v2\/product\/5917\/revisions\/8291"}],"wp:featuredmedia":[{"embeddable":true,"href":"https:\/\/parashopnarimel.com\/ar\/wp-json\/wp\/v2\/media\/5998"}],"wp:attachment":[{"href":"https:\/\/parashopnarimel.com\/ar\/wp-json\/wp\/v2\/media?parent=5917"}],"wp:term":[{"taxonomy":"product_brand","embeddable":true,"href":"https:\/\/parashopnarimel.com\/ar\/wp-json\/wp\/v2\/product_brand?post=5917"},{"taxonomy":"product_cat","embeddable":true,"href":"https:\/\/parashopnarimel.com\/ar\/wp-json\/wp\/v2\/product_cat?post=5917"},{"taxonomy":"product_tag","embeddable":true,"href":"https:\/\/parashopnarimel.com\/ar\/wp-json\/wp\/v2\/product_tag?post=5917"}],"curies":[{"name":"wp","href":"https:\/\/api.w.org\/{rel}","templated":true}]}}