{"id":6005,"date":"2024-12-29T07:52:05","date_gmt":"2024-12-29T07:52:05","guid":{"rendered":"https:\/\/parashopnarimel.com\/?post_type=product&#038;p=6005"},"modified":"2025-06-21T20:22:19","modified_gmt":"2025-06-21T20:22:19","slug":"acide-hyaluronique-collagene-marin","status":"publish","type":"product","link":"https:\/\/parashopnarimel.com\/ar\/product\/acide-hyaluronique-collagene-marin\/","title":{"rendered":"Acide Hyaluronique + Collag\u00e8ne Marin \u00ae"},"content":{"rendered":"<p>COLLAG\u00c8NE MARIN : La peau constitue le plus grand organe du corps humain et est compos\u00e9e \u00e0 75-80% de collag\u00e8ne. Or \u00e0 partir de l\u2019\u00e2ge de 30 ans, notre corps r\u00e9duit sa production de collag\u00e8ne de 1,5%. D\u2019o\u00f9 une perte progressive de fermet\u00e9 et d\u2019\u00e9lasticit\u00e9 de la peau et l\u2019apparition de rides et ridules. MaxMedix Advanced Marin Collagen contient un dosage presque 2x fois plus \u00e9lev\u00e9 que chez les leaders du march\u00e9, avec 1200 mg de collag\u00e8ne marin par portion.<br \/>\nACIDE HYALURONIQUE : Cet acide est fortement appr\u00e9ci\u00e9 en tant qu\u2019ingr\u00e9dient essentiel qui aide les articulations, la peau, les cheveux, les yeux ainsi que les nerfs. Nous avons incorpor\u00e9 une dose importante de 105 mg d\u2019acide hyaluronique pour s\u2019assurer que votre corps obtient toujours la quantit\u00e9 dont il a besoin.<\/p>","protected":false},"excerpt":{"rendered":"<p>Les plus puissants actifs anti-\u00e2ge sont enn associ\u00e9s Ils restructurent la peau en profondeur, constituent une vrai cure de jouvence anti-rides, nourissent et aident \u00e0 la reconstitution des cartilages articulaires.<\/p>","protected":false},"featured_media":6086,"comment_status":"open","ping_status":"closed","template":"","meta":[],"product_brand":[],"product_cat":[2890],"product_tag":[],"class_list":{"0":"post-6005","1":"product","2":"type-product","3":"status-publish","4":"has-post-thumbnail","6":"product_cat-complements-alimentaires","8":"first","9":"instock","10":"sale","11":"shipping-taxable","12":"purchasable","13":"product-type-simple"},"_links":{"self":[{"href":"https:\/\/parashopnarimel.com\/ar\/wp-json\/wp\/v2\/product\/6005","targetHints":{"allow":["GET"]}}],"collection":[{"href":"https:\/\/parashopnarimel.com\/ar\/wp-json\/wp\/v2\/product"}],"about":[{"href":"https:\/\/parashopnarimel.com\/ar\/wp-json\/wp\/v2\/types\/product"}],"replies":[{"embeddable":true,"href":"https:\/\/parashopnarimel.com\/ar\/wp-json\/wp\/v2\/comments?post=6005"}],"version-history":[{"count":1,"href":"https:\/\/parashopnarimel.com\/ar\/wp-json\/wp\/v2\/product\/6005\/revisions"}],"predecessor-version":[{"id":6087,"href":"https:\/\/parashopnarimel.com\/ar\/wp-json\/wp\/v2\/product\/6005\/revisions\/6087"}],"wp:featuredmedia":[{"embeddable":true,"href":"https:\/\/parashopnarimel.com\/ar\/wp-json\/wp\/v2\/media\/6086"}],"wp:attachment":[{"href":"https:\/\/parashopnarimel.com\/ar\/wp-json\/wp\/v2\/media?parent=6005"}],"wp:term":[{"taxonomy":"product_brand","embeddable":true,"href":"https:\/\/parashopnarimel.com\/ar\/wp-json\/wp\/v2\/product_brand?post=6005"},{"taxonomy":"product_cat","embeddable":true,"href":"https:\/\/parashopnarimel.com\/ar\/wp-json\/wp\/v2\/product_cat?post=6005"},{"taxonomy":"product_tag","embeddable":true,"href":"https:\/\/parashopnarimel.com\/ar\/wp-json\/wp\/v2\/product_tag?post=6005"}],"curies":[{"name":"wp","href":"https:\/\/api.w.org\/{rel}","templated":true}]}}