{"id":6021,"date":"2024-12-29T07:52:27","date_gmt":"2024-12-29T07:52:27","guid":{"rendered":"https:\/\/parashopnarimel.com\/?post_type=product&#038;p=6021"},"modified":"2025-01-20T16:50:09","modified_gmt":"2025-01-20T16:50:09","slug":"biotinor-complement-alimentaire-contre-chute-de-cheveux-peau-et-ongles-boite-de-30-gelules","status":"publish","type":"product","link":"https:\/\/parashopnarimel.com\/ar\/product\/biotinor-complement-alimentaire-contre-chute-de-cheveux-peau-et-ongles-boite-de-30-gelules\/","title":{"rendered":"Biotinor Compl\u00e9ment Alimentaire Contre Chute De Cheveux, Peau, Et Ongles \u2013  Boite De 30 G\u00e9lules"},"content":{"rendered":"<p>Cheveux: Lutter contre la chute des cheveux, fortifier la chevelure et booster la croissance des cheveux<br \/>\nPeau: Am\u00e9liorer l\u2019\u00e9tat de la peau, et jouer un r\u00f4le cl\u00e9 dans les syst\u00e8mes hormonaux en att\u00e9nuant certaines \u00e9ruptions cutan\u00e9es telle que l\u2019acn\u00e9<br \/>\nOngles: Fortifier les ongles, pr\u00e9venir la casse, et aider \u00e0 \u00e9paissir les cuticules<br \/>\nM\u00e9tabolisme: Aider \u00e0 faire baisser le mauvais cholest\u00e9rol<\/p>","protected":false},"excerpt":{"rendered":"<p>BiotinOr \u00ae est un compl\u00e9ment alimentaire indiqu\u00e9 dans la prise en charge des probl\u00e8mes :<br \/>\n\u2013 De chute des cheveux.<br \/>\n\u2013 De la peau grasse.<br \/>\n\u2013 D\u2019acn\u00e9.<br \/>\n\u2013 De grisonnement des cheveux.<br \/>\n\u2013 D\u2019ongles fragiles et cassants.<\/p>","protected":false},"featured_media":6098,"comment_status":"open","ping_status":"closed","template":"","meta":[],"product_brand":[],"product_cat":[33,2922,2890],"product_tag":[],"class_list":{"0":"post-6021","1":"product","2":"type-product","3":"status-publish","4":"has-post-thumbnail","6":"product_cat-cheveux","7":"product_cat-complements","8":"product_cat-complements-alimentaires","10":"first","11":"instock","12":"shipping-taxable","13":"purchasable","14":"product-type-simple"},"_links":{"self":[{"href":"https:\/\/parashopnarimel.com\/ar\/wp-json\/wp\/v2\/product\/6021","targetHints":{"allow":["GET"]}}],"collection":[{"href":"https:\/\/parashopnarimel.com\/ar\/wp-json\/wp\/v2\/product"}],"about":[{"href":"https:\/\/parashopnarimel.com\/ar\/wp-json\/wp\/v2\/types\/product"}],"replies":[{"embeddable":true,"href":"https:\/\/parashopnarimel.com\/ar\/wp-json\/wp\/v2\/comments?post=6021"}],"version-history":[{"count":1,"href":"https:\/\/parashopnarimel.com\/ar\/wp-json\/wp\/v2\/product\/6021\/revisions"}],"predecessor-version":[{"id":6099,"href":"https:\/\/parashopnarimel.com\/ar\/wp-json\/wp\/v2\/product\/6021\/revisions\/6099"}],"wp:featuredmedia":[{"embeddable":true,"href":"https:\/\/parashopnarimel.com\/ar\/wp-json\/wp\/v2\/media\/6098"}],"wp:attachment":[{"href":"https:\/\/parashopnarimel.com\/ar\/wp-json\/wp\/v2\/media?parent=6021"}],"wp:term":[{"taxonomy":"product_brand","embeddable":true,"href":"https:\/\/parashopnarimel.com\/ar\/wp-json\/wp\/v2\/product_brand?post=6021"},{"taxonomy":"product_cat","embeddable":true,"href":"https:\/\/parashopnarimel.com\/ar\/wp-json\/wp\/v2\/product_cat?post=6021"},{"taxonomy":"product_tag","embeddable":true,"href":"https:\/\/parashopnarimel.com\/ar\/wp-json\/wp\/v2\/product_tag?post=6021"}],"curies":[{"name":"wp","href":"https:\/\/api.w.org\/{rel}","templated":true}]}}