{"id":6022,"date":"2024-12-29T07:52:27","date_gmt":"2024-12-29T07:52:27","guid":{"rendered":"https:\/\/parashopnarimel.com\/?post_type=product&#038;p=6022"},"modified":"2025-08-30T19:14:05","modified_gmt":"2025-08-30T19:14:05","slug":"ultra-collagenc","status":"publish","type":"product","link":"https:\/\/parashopnarimel.com\/ar\/product\/ultra-collagenc\/","title":{"rendered":"Ultra Collagenc\u00ae"},"content":{"rendered":"<p><strong>Peau: Hydrater l\u2019\u00e9piderme, maintenir l\u2019\u00e9lasticit\u00e9 et participer \u00e0 la tonicit\u00e9 et la vitalit\u00e9 de la peau pour lutter contre les signes visibles de l\u2019\u00e2ge tels que les rides. Reg\u00e9n\u00e9rer les tissus et organes, en collaboration avec l\u2019\u00e9lastine et les glycoprot\u00e9ines<br \/>\nCheveux: Ralentir la perte des cheveux, les \u00e9paissir et leur donner du volume<br \/>\nOngles: Fortifier les ongles faibles, cass\u00e9s, fendus, stri\u00e9s et endommag\u00e9s<br \/>\nOs et articulations: R\u00e9duire les dommages oxydatifs, favoriser la souplesse des articulations, prot\u00e9ger et r\u00e9parer le cartilage<\/strong><\/p>","protected":false},"excerpt":{"rendered":"<p>Ultra Collagen C est un compl\u00e9ment alimentaire \u00e0 base de Collag\u00e8ne Marin et de Vitamine C qui permet de conserver plus longtemps ou retrouver un \u00e9quilibre g\u00e9n\u00e9ral de l\u2019organisme.<\/p>","protected":false},"featured_media":6100,"comment_status":"open","ping_status":"closed","template":"","meta":[],"product_brand":[],"product_cat":[2890],"product_tag":[],"class_list":{"0":"post-6022","1":"product","2":"type-product","3":"status-publish","4":"has-post-thumbnail","6":"product_cat-complements-alimentaires","8":"first","9":"instock","10":"shipping-taxable","11":"purchasable","12":"product-type-simple"},"_links":{"self":[{"href":"https:\/\/parashopnarimel.com\/ar\/wp-json\/wp\/v2\/product\/6022","targetHints":{"allow":["GET"]}}],"collection":[{"href":"https:\/\/parashopnarimel.com\/ar\/wp-json\/wp\/v2\/product"}],"about":[{"href":"https:\/\/parashopnarimel.com\/ar\/wp-json\/wp\/v2\/types\/product"}],"replies":[{"embeddable":true,"href":"https:\/\/parashopnarimel.com\/ar\/wp-json\/wp\/v2\/comments?post=6022"}],"version-history":[{"count":2,"href":"https:\/\/parashopnarimel.com\/ar\/wp-json\/wp\/v2\/product\/6022\/revisions"}],"predecessor-version":[{"id":12727,"href":"https:\/\/parashopnarimel.com\/ar\/wp-json\/wp\/v2\/product\/6022\/revisions\/12727"}],"wp:featuredmedia":[{"embeddable":true,"href":"https:\/\/parashopnarimel.com\/ar\/wp-json\/wp\/v2\/media\/6100"}],"wp:attachment":[{"href":"https:\/\/parashopnarimel.com\/ar\/wp-json\/wp\/v2\/media?parent=6022"}],"wp:term":[{"taxonomy":"product_brand","embeddable":true,"href":"https:\/\/parashopnarimel.com\/ar\/wp-json\/wp\/v2\/product_brand?post=6022"},{"taxonomy":"product_cat","embeddable":true,"href":"https:\/\/parashopnarimel.com\/ar\/wp-json\/wp\/v2\/product_cat?post=6022"},{"taxonomy":"product_tag","embeddable":true,"href":"https:\/\/parashopnarimel.com\/ar\/wp-json\/wp\/v2\/product_tag?post=6022"}],"curies":[{"name":"wp","href":"https:\/\/api.w.org\/{rel}","templated":true}]}}