{"id":6044,"date":"2024-12-29T07:52:50","date_gmt":"2024-12-29T07:52:50","guid":{"rendered":"https:\/\/parashopnarimel.com\/?post_type=product&#038;p=6044"},"modified":"2025-03-23T12:19:28","modified_gmt":"2025-03-23T12:19:28","slug":"lait-corporel-eclaircissant-anti-taches-500ml-depiwhite-acm","status":"publish","type":"product","link":"https:\/\/parashopnarimel.com\/ar\/product\/lait-corporel-eclaircissant-anti-taches-500ml-depiwhite-acm\/","title":{"rendered":"Lait Corporel Eclaircissant Anti Taches 500Ml Depiwhite Acm"},"content":{"rendered":"<p>Laboratoire ACM D\u00e9piwhite Lait Corporel Eclaircissant 500 ml est un lait qui hydrate les peaux s\u00e8ches et \u00e9claircit le teint. Riche en agents hydratants et en actifs v\u00e9g\u00e9taux \u00e9claircissants, il a \u00e9t\u00e9 con\u00e7u pour hydrater la peau, \u00e9claircir et homog\u00e9n\u00e9iser le teint.<\/p>","protected":false},"excerpt":{"rendered":"<p>Le lait corporel \u00e9claircissant va\u00a0hydrater\u00a0et\u00a0nourrir\u00a0le corps, tout en apportant une action efficace sur les taches brunes.<\/p>","protected":false},"featured_media":6124,"comment_status":"open","ping_status":"closed","template":"","meta":[],"product_brand":[],"product_cat":[2911,2886],"product_tag":[],"class_list":{"0":"post-6044","1":"product","2":"type-product","3":"status-publish","4":"has-post-thumbnail","6":"product_cat-creme-corps","7":"product_cat-soins-corps","9":"first","10":"instock","11":"shipping-taxable","12":"purchasable","13":"product-type-simple"},"_links":{"self":[{"href":"https:\/\/parashopnarimel.com\/ar\/wp-json\/wp\/v2\/product\/6044","targetHints":{"allow":["GET"]}}],"collection":[{"href":"https:\/\/parashopnarimel.com\/ar\/wp-json\/wp\/v2\/product"}],"about":[{"href":"https:\/\/parashopnarimel.com\/ar\/wp-json\/wp\/v2\/types\/product"}],"replies":[{"embeddable":true,"href":"https:\/\/parashopnarimel.com\/ar\/wp-json\/wp\/v2\/comments?post=6044"}],"version-history":[{"count":1,"href":"https:\/\/parashopnarimel.com\/ar\/wp-json\/wp\/v2\/product\/6044\/revisions"}],"predecessor-version":[{"id":6125,"href":"https:\/\/parashopnarimel.com\/ar\/wp-json\/wp\/v2\/product\/6044\/revisions\/6125"}],"wp:featuredmedia":[{"embeddable":true,"href":"https:\/\/parashopnarimel.com\/ar\/wp-json\/wp\/v2\/media\/6124"}],"wp:attachment":[{"href":"https:\/\/parashopnarimel.com\/ar\/wp-json\/wp\/v2\/media?parent=6044"}],"wp:term":[{"taxonomy":"product_brand","embeddable":true,"href":"https:\/\/parashopnarimel.com\/ar\/wp-json\/wp\/v2\/product_brand?post=6044"},{"taxonomy":"product_cat","embeddable":true,"href":"https:\/\/parashopnarimel.com\/ar\/wp-json\/wp\/v2\/product_cat?post=6044"},{"taxonomy":"product_tag","embeddable":true,"href":"https:\/\/parashopnarimel.com\/ar\/wp-json\/wp\/v2\/product_tag?post=6044"}],"curies":[{"name":"wp","href":"https:\/\/api.w.org\/{rel}","templated":true}]}}