{"id":6116,"date":"2024-12-29T07:54:03","date_gmt":"2024-12-29T07:54:03","guid":{"rendered":"https:\/\/parashopnarimel.com\/?post_type=product&#038;p=6116"},"modified":"2025-01-20T14:55:55","modified_gmt":"2025-01-20T14:55:55","slug":"daylong-prevention-solaire-tres-haute-protection-80g-actinica","status":"publish","type":"product","link":"https:\/\/parashopnarimel.com\/ar\/product\/daylong-prevention-solaire-tres-haute-protection-80g-actinica\/","title":{"rendered":"Daylong Prevention Solaire Tres Haute Protection 80G Actinica"},"content":{"rendered":"<p>Pr\u00e9vention de diff\u00e9rentes formes de pathologie grave cutan\u00e9e chez les patients \u00e0 risque (immunosupprim\u00e9s) et des photodermatoses.<br \/>\nTr\u00e8s hautre protection contre les UV.<br \/>\nDaylong actinica est un produit de pr\u00e9vention solaire dont les \u00e9tudes ont montr\u00e9 qu\u2019il r\u00e9duisait les risques d\u2019apparition :<br \/>\n\u2013 de l\u00e9sions k\u00e9ratose actinique et de l\u00e9sions graves cutan\u00e9es chez une population de patients \u00e0 risque sous traitement immunosuppresseur.<br \/>\n\u2013 de lucite polymorphe. Daylong actinica associe une tr\u00e8s haute protection \u00e0 large spectre contre les rayons UVA et UVB \u00e0 une texture fluide agr\u00e9able.<\/p>","protected":false},"excerpt":{"rendered":"<p>ACTINICA<br \/>\nLotion<br \/>\nVisage &amp; Corps<br \/>\nTr\u00e9s haute protection contre les UVB et UVA<br \/>\nSPF 50+<br \/>\nDispositif m\u00e9dical<br \/>\n80g<\/p>","protected":false},"featured_media":6194,"comment_status":"open","ping_status":"closed","template":"","meta":[],"product_brand":[],"product_cat":[96,147],"product_tag":[],"class_list":{"0":"post-6116","1":"product","2":"type-product","3":"status-publish","4":"has-post-thumbnail","6":"product_cat-non-classe","7":"product_cat-protection-solaire-visage","9":"first","10":"instock","11":"shipping-taxable","12":"purchasable","13":"product-type-simple"},"_links":{"self":[{"href":"https:\/\/parashopnarimel.com\/ar\/wp-json\/wp\/v2\/product\/6116","targetHints":{"allow":["GET"]}}],"collection":[{"href":"https:\/\/parashopnarimel.com\/ar\/wp-json\/wp\/v2\/product"}],"about":[{"href":"https:\/\/parashopnarimel.com\/ar\/wp-json\/wp\/v2\/types\/product"}],"replies":[{"embeddable":true,"href":"https:\/\/parashopnarimel.com\/ar\/wp-json\/wp\/v2\/comments?post=6116"}],"version-history":[{"count":2,"href":"https:\/\/parashopnarimel.com\/ar\/wp-json\/wp\/v2\/product\/6116\/revisions"}],"predecessor-version":[{"id":8293,"href":"https:\/\/parashopnarimel.com\/ar\/wp-json\/wp\/v2\/product\/6116\/revisions\/8293"}],"wp:featuredmedia":[{"embeddable":true,"href":"https:\/\/parashopnarimel.com\/ar\/wp-json\/wp\/v2\/media\/6194"}],"wp:attachment":[{"href":"https:\/\/parashopnarimel.com\/ar\/wp-json\/wp\/v2\/media?parent=6116"}],"wp:term":[{"taxonomy":"product_brand","embeddable":true,"href":"https:\/\/parashopnarimel.com\/ar\/wp-json\/wp\/v2\/product_brand?post=6116"},{"taxonomy":"product_cat","embeddable":true,"href":"https:\/\/parashopnarimel.com\/ar\/wp-json\/wp\/v2\/product_cat?post=6116"},{"taxonomy":"product_tag","embeddable":true,"href":"https:\/\/parashopnarimel.com\/ar\/wp-json\/wp\/v2\/product_tag?post=6116"}],"curies":[{"name":"wp","href":"https:\/\/api.w.org\/{rel}","templated":true}]}}