{"id":6117,"date":"2024-12-29T07:54:03","date_gmt":"2024-12-29T07:54:03","guid":{"rendered":"https:\/\/parashopnarimel.com\/?post_type=product&#038;p=6117"},"modified":"2025-01-20T14:56:19","modified_gmt":"2025-01-20T14:56:19","slug":"daylong-extreme-lotion-solaire-spf-50","status":"publish","type":"product","link":"https:\/\/parashopnarimel.com\/ar\/product\/daylong-extreme-lotion-solaire-spf-50\/","title":{"rendered":"Daylong Extr\u00eame Lotion Solaire Spf 50+"},"content":{"rendered":"<p>La\u00a0lotion solaire SPF 50+ Daylong Extr\u00eame\u00a0garantit un tr\u00e8s haut niveau de protection solaire. Elle peut \u00eatre appliqu\u00e9e sur le corps et le visage et s\u2019adresse principalement aux peaux qui sont\u00a0tr\u00e8s sensibles au soleil, aux peaux tr\u00e8s claires,\u00a0intol\u00e9rantes\u00a0ou sujettes aux\u00a0allergies solaires. Cette lotion est \u00e9galement indiqu\u00e9e en cas d\u2019ensoleillement intense, en haute montagne ou sous les tropiques par exemple. La caract\u00e9ristique principale de ce produit solaire est sa\u00a0formulation liposomale\u00a0: la cr\u00e8me est micro-encapsul\u00e9e et p\u00e9n\u00e8tre profond\u00e9ment la peau pour d\u00e9livrer ensuite les actifs de mani\u00e8re progressive et garantir la\u00a0stabilit\u00e9 des filtres solaires.<br \/>\nLa\u00a0lotion solaire Daylong Extr\u00eame\u00a0permet de\u00a0prot\u00e9ger la peau\u00a0des effets n\u00e9fastes des rayons UV et de pr\u00e9venir les taches pigmentaires (masque de grossesse, photosensibilisation). Elle peut \u00eatre appliqu\u00e9e sur un tatouage, une cicatrice r\u00e9cente ou apr\u00e8s un acte esth\u00e9tique type laser pour\u00a0limiter le risque d\u2019hyperpigmentation. Outre la protection solaire, cette lotion\u00a0maintient les niveaux d\u2019hydratation et de nutrition\u00a0de l\u2019\u00e9piderme et le pr\u00e9serve ainsi du vieillissement cutan\u00e9.<br \/>\nLa formule de cette\u00a0lotion solaire\u00a0est constitu\u00e9e de filtres solaires qui garantissent un\u00a0large champ d\u2019action\u00a0en bloquant \u00e0 la fois les UVA et les UVB pour les emp\u00eacher de p\u00e9n\u00e9trer au c\u0153ur des cellules et d\u2019y causer des dommages. Ces filtres sont associ\u00e9s \u00e0 de l\u2019aloe vera et \u00e0 de la vitamine E qui vont\u00a0pr\u00e9server de la d\u00e9shydratation\u00a0et lutter contre les radicaux libres induits par le rayonnement solaire.<br \/>\nTr\u00e8s agr\u00e9able \u00e0 appliquer sur la peau gr\u00e2ce \u00e0 sa texture velout\u00e9e, la\u00a0lotion solaire SPF 50+ Daylong Extr\u00eame\u00a0est non grasse et ne laisse\u00a0ni effet collant ni traces blanches. Elle p\u00e9n\u00e8tre rapidement, r\u00e9siste \u00e0 l\u2019eau et \u00e0 la transpiration, ce qui garantit son\u00a0efficacit\u00e9 longue dur\u00e9e.<br \/>\nCaract\u00e9ristiques :<\/p>\n<p>Hypoallerg\u00e9nique<br \/>\nSans parfum<br \/>\nSans paraben<br \/>\nSans octocryl\u00e8ne<br \/>\nNon com\u00e9dog\u00e8ne<br \/>\nTest\u00e9 sous contr\u00f4le dermatologique<\/p>","protected":false},"excerpt":{"rendered":"<p>Peaux tr\u00e8s sensibles au soleil- Sans parfum \u2013 R\u00e9siste \u00e0 l\u2019eau<\/p>","protected":false},"featured_media":6196,"comment_status":"open","ping_status":"closed","template":"","meta":[],"product_brand":[],"product_cat":[96,147],"product_tag":[],"class_list":{"0":"post-6117","1":"product","2":"type-product","3":"status-publish","4":"has-post-thumbnail","6":"product_cat-non-classe","7":"product_cat-protection-solaire-visage","9":"first","10":"instock","11":"shipping-taxable","12":"purchasable","13":"product-type-simple"},"_links":{"self":[{"href":"https:\/\/parashopnarimel.com\/ar\/wp-json\/wp\/v2\/product\/6117","targetHints":{"allow":["GET"]}}],"collection":[{"href":"https:\/\/parashopnarimel.com\/ar\/wp-json\/wp\/v2\/product"}],"about":[{"href":"https:\/\/parashopnarimel.com\/ar\/wp-json\/wp\/v2\/types\/product"}],"replies":[{"embeddable":true,"href":"https:\/\/parashopnarimel.com\/ar\/wp-json\/wp\/v2\/comments?post=6117"}],"version-history":[{"count":2,"href":"https:\/\/parashopnarimel.com\/ar\/wp-json\/wp\/v2\/product\/6117\/revisions"}],"predecessor-version":[{"id":8294,"href":"https:\/\/parashopnarimel.com\/ar\/wp-json\/wp\/v2\/product\/6117\/revisions\/8294"}],"wp:featuredmedia":[{"embeddable":true,"href":"https:\/\/parashopnarimel.com\/ar\/wp-json\/wp\/v2\/media\/6196"}],"wp:attachment":[{"href":"https:\/\/parashopnarimel.com\/ar\/wp-json\/wp\/v2\/media?parent=6117"}],"wp:term":[{"taxonomy":"product_brand","embeddable":true,"href":"https:\/\/parashopnarimel.com\/ar\/wp-json\/wp\/v2\/product_brand?post=6117"},{"taxonomy":"product_cat","embeddable":true,"href":"https:\/\/parashopnarimel.com\/ar\/wp-json\/wp\/v2\/product_cat?post=6117"},{"taxonomy":"product_tag","embeddable":true,"href":"https:\/\/parashopnarimel.com\/ar\/wp-json\/wp\/v2\/product_tag?post=6117"}],"curies":[{"name":"wp","href":"https:\/\/api.w.org\/{rel}","templated":true}]}}