{"id":6118,"date":"2024-12-29T07:54:03","date_gmt":"2024-12-29T07:54:03","guid":{"rendered":"https:\/\/parashopnarimel.com\/?post_type=product&#038;p=6118"},"modified":"2025-05-25T09:55:48","modified_gmt":"2025-05-25T09:55:48","slug":"etiaxil-detranspirant-peau-normal-rouge","status":"publish","type":"product","link":"https:\/\/parashopnarimel.com\/ar\/product\/etiaxil-detranspirant-peau-normal-rouge\/","title":{"rendered":"Etiaxil D\u00e9transpirant peau normal rouge"},"content":{"rendered":"<p>La transpiration est un ph\u00e9nom\u00e8ne naturel et indispensable au bien-\u00eatre\u00a0: tout le monde transpire mais de mani\u00e8re diff\u00e9rente. Etiaxil, leader sur le march\u00e9 de la transpiration en officine*, apporte une solution adapt\u00e9e \u00e0 chaque probl\u00e8me de transpiration.<br \/>\nTranspiration faible mais odorante\u00a0\u2013 D\u00e9odorant Douceur 48h\u00a0:<br \/>\nLa gamme\u00a0Etiaxil D\u00e9odorant Douceur 48h\u00a0sans sels d\u2019aluminium, pr\u00e9vient et neutralise efficacement les odeurs gr\u00e2ce \u00e0 la terre de diatom\u00e9e et \u00e0 son action antibact\u00e9rienne. Son complexe v\u00e9g\u00e9tal adoucit la peau et son parfum aux notes d\u2019agrumes apporte une sensation de fra\u00eecheur.<br \/>\nTranspiration mod\u00e9r\u00e9e \u2013 Anti-transpirant Protection 48h\u00a0:<br \/>\nLa gamme\u00a0Etiaxil Anti-transpirant Protection 48h\u00a0contient un complexe d\u2019actifs d\u00e9odorants et anti-transpirants cibl\u00e9s aux propri\u00e9t\u00e9s astringentes pour r\u00e9guler efficacement la transpiration, limiter le d\u00e9veloppement des bact\u00e9ries et pr\u00e9venir les odeurs pendant 48h.<br \/>\nTranspiration forte \u00e0 excessive \u2013 Les D\u00e9transpirants\u00a0:<br \/>\nLa transpiration excessive se traduit par une transpiration abondante et incommodante d\u2019une ou plusieurs zones du corps (visage, aisselles, mains, pieds, etc.). Etiaxil\u00a0D\u00e9transpirant\u00a0agit directement \u00ab\u00a0\u00e0 la source\u00a0\u00bb gr\u00e2ce \u00e0 une formule unique qui permet d\u2019interrompre le ph\u00e9nom\u00e8ne de transpiration sur une partie du corps pendant 2 \u00e0 7 jours. Leur formule r\u00e9agit avec l\u2019eau pr\u00e9sente dans le canal sudoripare pour former un bouchon de k\u00e9ratine qui bloque la production de sueur avant d\u2019\u00eatre naturellement \u00e9vacu\u00e9e \u00e0 la surface de la peau au bout de quelques jours. Adapt\u00e9s aux peaux normales \u00e0 sensibles, les D\u00e9transpirants Etiaxil sont formul\u00e9s sans parfum. Au d\u00e9but du traitement, on l\u2019applique \u00e0 raison d\u2019une fois par jour, le soir, sur une peau s\u00e8che et saine. Enfin, g\u00e9n\u00e9ralement, au bout<\/p>","protected":false},"excerpt":{"rendered":"<p>La transpiration est un ph\u00e9nom\u00e8ne naturel et indispensable au bien-\u00eatre\u00a0: tout le monde transpire mais de mani\u00e8re diff\u00e9rente. Etiaxil, leader<\/p>","protected":false},"featured_media":8292,"comment_status":"open","ping_status":"closed","template":"","meta":[],"product_brand":[],"product_cat":[2917,2886],"product_tag":[],"class_list":{"0":"post-6118","1":"product","2":"type-product","3":"status-publish","4":"has-post-thumbnail","6":"product_cat-deodorant-et-stick","7":"product_cat-soins-corps","9":"first","10":"instock","11":"shipping-taxable","12":"purchasable","13":"product-type-simple"},"_links":{"self":[{"href":"https:\/\/parashopnarimel.com\/ar\/wp-json\/wp\/v2\/product\/6118","targetHints":{"allow":["GET"]}}],"collection":[{"href":"https:\/\/parashopnarimel.com\/ar\/wp-json\/wp\/v2\/product"}],"about":[{"href":"https:\/\/parashopnarimel.com\/ar\/wp-json\/wp\/v2\/types\/product"}],"replies":[{"embeddable":true,"href":"https:\/\/parashopnarimel.com\/ar\/wp-json\/wp\/v2\/comments?post=6118"}],"version-history":[{"count":1,"href":"https:\/\/parashopnarimel.com\/ar\/wp-json\/wp\/v2\/product\/6118\/revisions"}],"predecessor-version":[{"id":6199,"href":"https:\/\/parashopnarimel.com\/ar\/wp-json\/wp\/v2\/product\/6118\/revisions\/6199"}],"wp:featuredmedia":[{"embeddable":true,"href":"https:\/\/parashopnarimel.com\/ar\/wp-json\/wp\/v2\/media\/8292"}],"wp:attachment":[{"href":"https:\/\/parashopnarimel.com\/ar\/wp-json\/wp\/v2\/media?parent=6118"}],"wp:term":[{"taxonomy":"product_brand","embeddable":true,"href":"https:\/\/parashopnarimel.com\/ar\/wp-json\/wp\/v2\/product_brand?post=6118"},{"taxonomy":"product_cat","embeddable":true,"href":"https:\/\/parashopnarimel.com\/ar\/wp-json\/wp\/v2\/product_cat?post=6118"},{"taxonomy":"product_tag","embeddable":true,"href":"https:\/\/parashopnarimel.com\/ar\/wp-json\/wp\/v2\/product_tag?post=6118"}],"curies":[{"name":"wp","href":"https:\/\/api.w.org\/{rel}","templated":true}]}}