{"id":6161,"date":"2024-12-29T07:54:51","date_gmt":"2024-12-29T07:54:51","guid":{"rendered":"https:\/\/parashopnarimel.com\/?post_type=product&#038;p=6161"},"modified":"2025-02-04T18:52:03","modified_gmt":"2025-02-04T18:52:03","slug":"masque-reparateur-cheveux-secs-ou-abimes-200ml-luxeol","status":"publish","type":"product","link":"https:\/\/parashopnarimel.com\/ar\/product\/masque-reparateur-cheveux-secs-ou-abimes-200ml-luxeol\/","title":{"rendered":"Masque Reparateur Cheveux Secs Ou Abimes 200Ml Luxeol"},"content":{"rendered":"<p>Gr\u00e2ce \u00e0 sa formule enrichie en K\u00e9ratine, beurre de Karit\u00e9 et Provitamine B5, le Masque R\u00e9parateur Lux\u00e9ol apporte un v\u00e9ritable soin \u00e0 vos cheveux.<br \/>\nIls sont nourris, r\u00e9par\u00e9s et prot\u00e9g\u00e9s.<br \/>\nSa texture riche et onctueuse redonne de la douceur aux cheveux secs ou ab\u00eem\u00e9s.<\/p>","protected":false},"excerpt":{"rendered":"<p>Gr\u00e2ce \u00e0 sa formule enrichie en K\u00e9ratine, beurre de Karit\u00e9 et Provitamine B5, le Masque R\u00e9parateur Lux\u00e9ol apporte un v\u00e9ritable soin \u00e0 vos cheveux.<\/p>","protected":false},"featured_media":6245,"comment_status":"open","ping_status":"closed","template":"","meta":[],"product_brand":[],"product_cat":[33,2918],"product_tag":[],"class_list":{"0":"post-6161","1":"product","2":"type-product","3":"status-publish","4":"has-post-thumbnail","6":"product_cat-cheveux","7":"product_cat-masque","9":"first","10":"outofstock","11":"shipping-taxable","12":"purchasable","13":"product-type-simple"},"_links":{"self":[{"href":"https:\/\/parashopnarimel.com\/ar\/wp-json\/wp\/v2\/product\/6161","targetHints":{"allow":["GET"]}}],"collection":[{"href":"https:\/\/parashopnarimel.com\/ar\/wp-json\/wp\/v2\/product"}],"about":[{"href":"https:\/\/parashopnarimel.com\/ar\/wp-json\/wp\/v2\/types\/product"}],"replies":[{"embeddable":true,"href":"https:\/\/parashopnarimel.com\/ar\/wp-json\/wp\/v2\/comments?post=6161"}],"version-history":[{"count":1,"href":"https:\/\/parashopnarimel.com\/ar\/wp-json\/wp\/v2\/product\/6161\/revisions"}],"predecessor-version":[{"id":6246,"href":"https:\/\/parashopnarimel.com\/ar\/wp-json\/wp\/v2\/product\/6161\/revisions\/6246"}],"wp:featuredmedia":[{"embeddable":true,"href":"https:\/\/parashopnarimel.com\/ar\/wp-json\/wp\/v2\/media\/6245"}],"wp:attachment":[{"href":"https:\/\/parashopnarimel.com\/ar\/wp-json\/wp\/v2\/media?parent=6161"}],"wp:term":[{"taxonomy":"product_brand","embeddable":true,"href":"https:\/\/parashopnarimel.com\/ar\/wp-json\/wp\/v2\/product_brand?post=6161"},{"taxonomy":"product_cat","embeddable":true,"href":"https:\/\/parashopnarimel.com\/ar\/wp-json\/wp\/v2\/product_cat?post=6161"},{"taxonomy":"product_tag","embeddable":true,"href":"https:\/\/parashopnarimel.com\/ar\/wp-json\/wp\/v2\/product_tag?post=6161"}],"curies":[{"name":"wp","href":"https:\/\/api.w.org\/{rel}","templated":true}]}}