{"id":6178,"date":"2024-12-29T07:55:15","date_gmt":"2024-12-29T07:55:15","guid":{"rendered":"https:\/\/parashopnarimel.com\/?post_type=product&#038;p=6178"},"modified":"2025-02-04T18:48:54","modified_gmt":"2025-02-04T18:48:54","slug":"lhuile-seche-corps-et-cheveux-100ml-luxeol","status":"publish","type":"product","link":"https:\/\/parashopnarimel.com\/ar\/product\/lhuile-seche-corps-et-cheveux-100ml-luxeol\/","title":{"rendered":"L&rsquo;Huile Seche Corps Et Cheveux 100Ml Luxeol"},"content":{"rendered":"<p>Succombez \u00e0 l\u2019alliance parfaite des huiles d\u2019argan, d\u2019avocat &amp; de rose musqu\u00e9e, r\u00e9unies dans L\u2019Huile S\u00e8che Lux\u00e9ol ! Appliqu\u00e9e sur la peau, elle apporte douceur(3), protection(2) et la rend soyeuse(4). Appliqu\u00e9e sur les cheveux, elle apporte nutrition(1), brillance(5) et am\u00e9liore leur aspect(6), tout en laissant une note d\u00e9licatement parfum\u00e9e\u2026<br \/>\n(1) Nourrit les cheveux : 83%** et nourrit la peau : 88%**.<br \/>\n(2) Prot\u00e8ge les cheveux du dess\u00e8chement : 84%** et prot\u00e8ge la peau du dess\u00e8chement : 91%**.<br \/>\n(3) Laisse les cheveux doux : 82%** et laisse la peau douce : 95%**.<br \/>\n(4) La peau est plus soyeuse : 91%**.<br \/>\n(5) Les cheveux sont brillants : 78%**.<br \/>\n(6) Am\u00e9liore l\u2019aspect des cheveux : 73%**.<br \/>\n(7) Apaise la peau des tiraillements : 93%**.<br \/>\n(8) Satisfaction globale : 91%**.<br \/>\n** Test d\u2019usage sur 100 personnes, % de satisfaction, apr\u00e8s 21 jours cons\u00e9cutifs d\u2019utilisation.<br \/>\n* % d\u2019ingr\u00e9dients d\u2019origine naturelle selon la norme ISO 16128<\/p>","protected":false},"excerpt":{"rendered":"<p>Succombez \u00e0 l\u2019alliance parfaite des huiles d\u2019argan, d\u2019avocat &amp; de rose musqu\u00e9e, r\u00e9unies dans L\u2019Huile S\u00e8che Lux\u00e9ol ! Appliqu\u00e9e sur la peau, elle apporte douceur(3), protection(2) et la rend soyeuse(4). Appliqu\u00e9e sur les cheveux, elle apporte nutrition(1), brillance(5) et am\u00e9liore leur aspect(6), tout en laissant une note d\u00e9licatement parfum\u00e9e.<\/p>","protected":false},"featured_media":6247,"comment_status":"open","ping_status":"closed","template":"","meta":[],"product_brand":[],"product_cat":[96,33,2916,2920,2886],"product_tag":[],"class_list":{"0":"post-6178","1":"product","2":"type-product","3":"status-publish","4":"has-post-thumbnail","6":"product_cat-non-classe","7":"product_cat-cheveux","8":"product_cat-huiles","9":"product_cat-huiles-et-spray","10":"product_cat-soins-corps","12":"first","13":"outofstock","14":"shipping-taxable","15":"purchasable","16":"product-type-simple"},"_links":{"self":[{"href":"https:\/\/parashopnarimel.com\/ar\/wp-json\/wp\/v2\/product\/6178","targetHints":{"allow":["GET"]}}],"collection":[{"href":"https:\/\/parashopnarimel.com\/ar\/wp-json\/wp\/v2\/product"}],"about":[{"href":"https:\/\/parashopnarimel.com\/ar\/wp-json\/wp\/v2\/types\/product"}],"replies":[{"embeddable":true,"href":"https:\/\/parashopnarimel.com\/ar\/wp-json\/wp\/v2\/comments?post=6178"}],"version-history":[{"count":2,"href":"https:\/\/parashopnarimel.com\/ar\/wp-json\/wp\/v2\/product\/6178\/revisions"}],"predecessor-version":[{"id":8247,"href":"https:\/\/parashopnarimel.com\/ar\/wp-json\/wp\/v2\/product\/6178\/revisions\/8247"}],"wp:featuredmedia":[{"embeddable":true,"href":"https:\/\/parashopnarimel.com\/ar\/wp-json\/wp\/v2\/media\/6247"}],"wp:attachment":[{"href":"https:\/\/parashopnarimel.com\/ar\/wp-json\/wp\/v2\/media?parent=6178"}],"wp:term":[{"taxonomy":"product_brand","embeddable":true,"href":"https:\/\/parashopnarimel.com\/ar\/wp-json\/wp\/v2\/product_brand?post=6178"},{"taxonomy":"product_cat","embeddable":true,"href":"https:\/\/parashopnarimel.com\/ar\/wp-json\/wp\/v2\/product_cat?post=6178"},{"taxonomy":"product_tag","embeddable":true,"href":"https:\/\/parashopnarimel.com\/ar\/wp-json\/wp\/v2\/product_tag?post=6178"}],"curies":[{"name":"wp","href":"https:\/\/api.w.org\/{rel}","templated":true}]}}