{"id":6182,"date":"2024-12-29T07:55:16","date_gmt":"2024-12-29T07:55:16","guid":{"rendered":"https:\/\/parashopnarimel.com\/?post_type=product&#038;p=6182"},"modified":"2025-01-20T14:55:03","modified_gmt":"2025-01-20T14:55:03","slug":"klorane-bebe-lait-hydratant-500-ml","status":"publish","type":"product","link":"https:\/\/parashopnarimel.com\/ar\/product\/klorane-bebe-lait-hydratant-500-ml\/","title":{"rendered":"Klorane B\u00e9b\u00e9 Lait Hydratant 500 ml"},"content":{"rendered":"<p>La peau encore immature de b\u00e9b\u00e9 n\u00e9cessite des soins sur-mesure, doux et \u00e0 l\u2019innocuit\u00e9 prouv\u00e9e. Gr\u00e2ce au\u00a0Lait hydratant\u00a0Corps\u00a0au Calendula apaisant, obtenu \u00e0 partir de fleurs issues de culture BIO, l\u2019\u00e9piderme de\u00a0b\u00e9b\u00e9\u00a0reste hydrat\u00e9, apais\u00e9 et prot\u00e9g\u00e9. Conditionn\u00e9 dans un joli flacon-pompe qui facilite son application, le\u00a0Lait hydratant\u00a0pr\u00e9vient naturellement les sensations d\u2019inconfort et de tiraillement, pour la protection et l\u2019hydratation quotidienne de la peau des tout-petits.<\/p>","protected":false},"excerpt":{"rendered":"<p>Le Lait hydratant naturel Klorane B\u00e9b\u00e9 au Calendula apaisant : hydrate, apaise et prot\u00e8ge quotidiennement la peau du dess\u00e8chement.<\/p>","protected":false},"featured_media":6262,"comment_status":"open","ping_status":"closed","template":"","meta":[],"product_brand":[],"product_cat":[76],"product_tag":[],"class_list":{"0":"post-6182","1":"product","2":"type-product","3":"status-publish","4":"has-post-thumbnail","6":"product_cat-bebe-et-maman","8":"first","9":"instock","10":"shipping-taxable","11":"purchasable","12":"product-type-simple"},"_links":{"self":[{"href":"https:\/\/parashopnarimel.com\/ar\/wp-json\/wp\/v2\/product\/6182","targetHints":{"allow":["GET"]}}],"collection":[{"href":"https:\/\/parashopnarimel.com\/ar\/wp-json\/wp\/v2\/product"}],"about":[{"href":"https:\/\/parashopnarimel.com\/ar\/wp-json\/wp\/v2\/types\/product"}],"replies":[{"embeddable":true,"href":"https:\/\/parashopnarimel.com\/ar\/wp-json\/wp\/v2\/comments?post=6182"}],"version-history":[{"count":1,"href":"https:\/\/parashopnarimel.com\/ar\/wp-json\/wp\/v2\/product\/6182\/revisions"}],"predecessor-version":[{"id":6263,"href":"https:\/\/parashopnarimel.com\/ar\/wp-json\/wp\/v2\/product\/6182\/revisions\/6263"}],"wp:featuredmedia":[{"embeddable":true,"href":"https:\/\/parashopnarimel.com\/ar\/wp-json\/wp\/v2\/media\/6262"}],"wp:attachment":[{"href":"https:\/\/parashopnarimel.com\/ar\/wp-json\/wp\/v2\/media?parent=6182"}],"wp:term":[{"taxonomy":"product_brand","embeddable":true,"href":"https:\/\/parashopnarimel.com\/ar\/wp-json\/wp\/v2\/product_brand?post=6182"},{"taxonomy":"product_cat","embeddable":true,"href":"https:\/\/parashopnarimel.com\/ar\/wp-json\/wp\/v2\/product_cat?post=6182"},{"taxonomy":"product_tag","embeddable":true,"href":"https:\/\/parashopnarimel.com\/ar\/wp-json\/wp\/v2\/product_tag?post=6182"}],"curies":[{"name":"wp","href":"https:\/\/api.w.org\/{rel}","templated":true}]}}